{"id":43350,"date":"2018-02-13T15:14:44","date_gmt":"2018-02-13T15:14:44","guid":{"rendered":"https:\/\/shop.metal-badge.ch\/?product=specchio-per-ispezione-specchio-convesso-con-luce"},"modified":"2020-08-02T03:24:54","modified_gmt":"2020-08-02T03:24:54","slug":"specchio-per-ispezione-specchio-convesso-con-luce","status":"publish","type":"product","link":"https:\/\/metal-badge.ch\/it\/product\/43350\/specchio-per-ispezione-specchio-convesso-con-luce\/","title":{"rendered":"Specchio per ispezione \/ specchio convesso con luce"},"content":{"rendered":"<p>Questo specchio convesso per ispezione \u00e8 ideale per controllare autoveicoli e macchinari. Zone difficili da raggiungere possono essere ispezionate senza alcun problema. Il braccio telescopico pu\u00f2 essere ripiegato sotto il guscio dello specchio in modo da occupare il minimo spazio. Lo specchio \u00e8 dotato di 3 ruote e pu\u00f2 essere quindi facilmente posizionato sotto il veicolo da controllare. Il braccio telescopico pu\u00f2 essere estratto e raggiungere una lunghezza che va da 66 a 118 cm. Il set costituito da due pezzi (specchio e braccio telescopico) si monta facilmente con una vite a farfalla. Nella confezione \u00e8 inclusa anche la custodia e la lampada dotata di supporto. La lampada pu\u00f2 essere velocemente montata o smontata in caso di necessit\u00e0. Per questa lampada sono necessarie 2 batterie AAA.<\/p>\n<p>\n<strong>Descrizione prodotto:<\/strong><br \/>\nDiametro: 30 cm<br \/>\nPeso: 1250 gr.<br \/>\nPeso ridotto<br \/>\nAltezza specchio da terra: 7cm<br \/>\nDimensioni: braccio telescopico estraibile da 66 a 118 cm<br \/>\nInclusi nella confezione: lampada, kit di fissaggio e custodia.\u00a0<\/p>\n","protected":false},"excerpt":{"rendered":"<p>Questo specchio convesso per ispezione \u00e8 ideale per controllare autoveicoli e macchinari. Zone difficili da raggiungere possono essere ispezionate senza alcun problema. Il braccio telescopico pu\u00f2 essere ripiegato sotto il guscio dello specchio in modo da occupare il minimo spazio. Lo specchio \u00e8 dotato di 3 ruote e pu\u00f2 essere quindi facilmente posizionato sotto il [&hellip;]<\/p>\n","protected":false},"featured_media":88690,"comment_status":"open","ping_status":"closed","template":"","meta":{"inline_featured_image":false},"product_brand":[],"product_cat":[888],"product_tag":[],"class_list":{"0":"post-43350","1":"product","2":"type-product","3":"status-publish","4":"has-post-thumbnail","6":"product_cat-accessori","8":"first","9":"instock","10":"taxable","11":"shipping-taxable","12":"purchasable","13":"product-type-simple"},"_links":{"self":[{"href":"https:\/\/metal-badge.ch\/it\/wp-json\/wp\/v2\/product\/43350","targetHints":{"allow":["GET"]}}],"collection":[{"href":"https:\/\/metal-badge.ch\/it\/wp-json\/wp\/v2\/product"}],"about":[{"href":"https:\/\/metal-badge.ch\/it\/wp-json\/wp\/v2\/types\/product"}],"replies":[{"embeddable":true,"href":"https:\/\/metal-badge.ch\/it\/wp-json\/wp\/v2\/comments?post=43350"}],"wp:featuredmedia":[{"embeddable":true,"href":"https:\/\/metal-badge.ch\/it\/wp-json\/wp\/v2\/media\/88690"}],"wp:attachment":[{"href":"https:\/\/metal-badge.ch\/it\/wp-json\/wp\/v2\/media?parent=43350"}],"wp:term":[{"taxonomy":"product_brand","embeddable":true,"href":"https:\/\/metal-badge.ch\/it\/wp-json\/wp\/v2\/product_brand?post=43350"},{"taxonomy":"product_cat","embeddable":true,"href":"https:\/\/metal-badge.ch\/it\/wp-json\/wp\/v2\/product_cat?post=43350"},{"taxonomy":"product_tag","embeddable":true,"href":"https:\/\/metal-badge.ch\/it\/wp-json\/wp\/v2\/product_tag?post=43350"}],"curies":[{"name":"wp","href":"https:\/\/api.w.org\/{rel}","templated":true}]}}