{"id":43286,"date":"2018-02-13T13:27:47","date_gmt":"2018-02-13T13:27:47","guid":{"rendered":"https:\/\/shop.metal-badge.ch\/?product=torcia-tzh-1106-grigia"},"modified":"2020-08-02T03:24:18","modified_gmt":"2020-08-02T03:24:18","slug":"torcia-tzh-1106-grigia","status":"publish","type":"product","link":"https:\/\/metal-badge.ch\/it\/product\/43286\/torcia-tzh-1106-grigia\/","title":{"rendered":"Torcia TZH-1106 grigia"},"content":{"rendered":"<p>Questa torcia \u00e8 dotata di due tasti autonomi di accensione\/spegnimento con luce bianca. I160 Lumen garantiscono una luce bianca intensa. Tramite un tasto si pu\u00f2 attivare un rilevatore di movimento. In tal modo, la lampada reagisce ai movimenti dell&#8217;ambiente circostante. La lampada pu\u00f2 inoltre essere posizionata su una Modalit\u00e0 Strobo, come pure su una modalit\u00e0 anabbagliante a risparmio energetico. La lampada pu\u00f2 anche essere posizionata con il fascio di luce fisso in avanti ed \u00e8 dotata di una fascia elastica regolabile per la testa. La lampada resiste alla pioggia e a forti schizzi d&#8217;acqua.<br \/>\n\u00a0<\/p>\n<p><strong>Informazioni prodotto:<\/strong><br \/>\nLuce bianca a LED da 160 Lumen\u00a0 con 3 selezioni di funzionamento<br \/>\nBatteria ricaricabile<br \/>\nCollegamento USB<br \/>\nCavo USB incluso nella consegna<br \/>\nCon ricarica completa, la batteria dura 4 ore in piena attivit\u00e0 e fino a 30 ore in modalit\u00e0 risparmio energetico<br \/>\nTempo di ricarica: ca. da 5 a 6 ore<br \/>\nFascia elastica e regolabile per la testa<br \/>\nIl fascio di luce pu\u00f2 essere fissato in avanti<br \/>\nResiste alla pioggia e a forti schizzi d&#8217;acqua<br \/>\nPeso:\u00a0 68 gr.<br \/>\nColore: grigio<br \/>\nDimensioni: Larghezza 60 mm \/ Altezza 45 mm<\/p>\n","protected":false},"excerpt":{"rendered":"<p>Questa torcia \u00e8 dotata di due tasti autonomi di accensione\/spegnimento con luce bianca. I160 Lumen garantiscono una luce bianca intensa. Tramite un tasto si pu\u00f2 attivare un rilevatore di movimento. In tal modo, la lampada reagisce ai movimenti dell&#8217;ambiente circostante. La lampada pu\u00f2 inoltre essere posizionata su una Modalit\u00e0 Strobo, come pure su una modalit\u00e0 [&hellip;]<\/p>\n","protected":false},"featured_media":88700,"comment_status":"open","ping_status":"closed","template":"","meta":{"inline_featured_image":false},"product_brand":[],"product_cat":[1348,1436,1344],"product_tag":[1770,1774,1778,1864,1766],"class_list":{"0":"post-43286","1":"product","2":"type-product","3":"status-publish","4":"has-post-thumbnail","6":"product_cat-accessori-per-esercito-caccia","7":"product_cat-campeggio-viaggio","8":"product_cat-lampade-lampadina-tascabile","9":"product_tag-army-survival-it","10":"product_tag-caccia-pesca","11":"product_tag-campeggio-viaggio","12":"product_tag-lampade-frontale","13":"product_tag-sport-outdoor-it","15":"first","16":"instock","17":"taxable","18":"shipping-taxable","19":"purchasable","20":"product-type-simple"},"_links":{"self":[{"href":"https:\/\/metal-badge.ch\/it\/wp-json\/wp\/v2\/product\/43286","targetHints":{"allow":["GET"]}}],"collection":[{"href":"https:\/\/metal-badge.ch\/it\/wp-json\/wp\/v2\/product"}],"about":[{"href":"https:\/\/metal-badge.ch\/it\/wp-json\/wp\/v2\/types\/product"}],"replies":[{"embeddable":true,"href":"https:\/\/metal-badge.ch\/it\/wp-json\/wp\/v2\/comments?post=43286"}],"wp:featuredmedia":[{"embeddable":true,"href":"https:\/\/metal-badge.ch\/it\/wp-json\/wp\/v2\/media\/88700"}],"wp:attachment":[{"href":"https:\/\/metal-badge.ch\/it\/wp-json\/wp\/v2\/media?parent=43286"}],"wp:term":[{"taxonomy":"product_brand","embeddable":true,"href":"https:\/\/metal-badge.ch\/it\/wp-json\/wp\/v2\/product_brand?post=43286"},{"taxonomy":"product_cat","embeddable":true,"href":"https:\/\/metal-badge.ch\/it\/wp-json\/wp\/v2\/product_cat?post=43286"},{"taxonomy":"product_tag","embeddable":true,"href":"https:\/\/metal-badge.ch\/it\/wp-json\/wp\/v2\/product_tag?post=43286"}],"curies":[{"name":"wp","href":"https:\/\/api.w.org\/{rel}","templated":true}]}}