{"id":43264,"date":"2018-02-13T12:59:05","date_gmt":"2018-02-13T12:59:05","guid":{"rendered":"https:\/\/shop.metal-badge.ch\/?product=torcia-tzh-1102-blu"},"modified":"2020-08-02T03:24:08","modified_gmt":"2020-08-02T03:24:08","slug":"torcia-tzh-1102-blu","status":"publish","type":"product","link":"https:\/\/metal-badge.ch\/it\/product\/43264\/torcia-tzh-1102-blu\/","title":{"rendered":"Torcia TZH-1102 blu"},"content":{"rendered":"<p>Questa torcia \u00e8 dotata di due tasti autonomi di accensione\/spegnimento, e con il secondo tasto possono essere attivati i due LED rossi. I 160 Lumen garantiscono per l&#8217;intensa luminosit\u00e0 bianca della luce principale a LED. La lampada pu\u00f2 anche essere posizionata con il fascio di luce fisso in avanti ed \u00e8 dotata di una fascia elastica regolabile per la testa. La lampada resiste alla pioggia e a forti schizzi d&#8217;acqua.<br \/>\n\u00a0<\/p>\n<p><strong>Informazioni prodotto:<\/strong><br \/>\nLuce bianca a LED da 160 Lumen e Cree XPE 2x luce rossa a LED<br \/>\nBatterie: 3x AAA<br \/>\nFascia elastica e regolabile per la testa<br \/>\nIl fascio di luce pu\u00f2 essere fissato in avanti<br \/>\nFunzione notturna con LED rossi<br \/>\nResiste alla pioggia e a forti schizzi d&#8217;acqua<br \/>\nPeso: 55 gr. senza batterie.<br \/>\nLe batterie non sono incluse nella consegna<br \/>\nColore: blu<br \/>\nDimensioni: Larghezza 55 mm \/ Altezza 50 mm\u00a0\u00a0\u00a0\u00a0\u00a0\u00a0\u00a0\u00a0\u00a0<\/p>\n","protected":false},"excerpt":{"rendered":"<p>Questa torcia \u00e8 dotata di due tasti autonomi di accensione\/spegnimento, e con il secondo tasto possono essere attivati i due LED rossi. I 160 Lumen garantiscono per l&#8217;intensa luminosit\u00e0 bianca della luce principale a LED. La lampada pu\u00f2 anche essere posizionata con il fascio di luce fisso in avanti ed \u00e8 dotata di una fascia [&hellip;]<\/p>\n","protected":false},"featured_media":88704,"comment_status":"open","ping_status":"closed","template":"","meta":{"inline_featured_image":false},"product_brand":[],"product_cat":[1348,1436,1344],"product_tag":[1770,1774,1778,1864,1766],"class_list":{"0":"post-43264","1":"product","2":"type-product","3":"status-publish","4":"has-post-thumbnail","6":"product_cat-accessori-per-esercito-caccia","7":"product_cat-campeggio-viaggio","8":"product_cat-lampade-lampadina-tascabile","9":"product_tag-army-survival-it","10":"product_tag-caccia-pesca","11":"product_tag-campeggio-viaggio","12":"product_tag-lampade-frontale","13":"product_tag-sport-outdoor-it","15":"first","16":"instock","17":"taxable","18":"shipping-taxable","19":"purchasable","20":"product-type-simple"},"_links":{"self":[{"href":"https:\/\/metal-badge.ch\/it\/wp-json\/wp\/v2\/product\/43264","targetHints":{"allow":["GET"]}}],"collection":[{"href":"https:\/\/metal-badge.ch\/it\/wp-json\/wp\/v2\/product"}],"about":[{"href":"https:\/\/metal-badge.ch\/it\/wp-json\/wp\/v2\/types\/product"}],"replies":[{"embeddable":true,"href":"https:\/\/metal-badge.ch\/it\/wp-json\/wp\/v2\/comments?post=43264"}],"wp:featuredmedia":[{"embeddable":true,"href":"https:\/\/metal-badge.ch\/it\/wp-json\/wp\/v2\/media\/88704"}],"wp:attachment":[{"href":"https:\/\/metal-badge.ch\/it\/wp-json\/wp\/v2\/media?parent=43264"}],"wp:term":[{"taxonomy":"product_brand","embeddable":true,"href":"https:\/\/metal-badge.ch\/it\/wp-json\/wp\/v2\/product_brand?post=43264"},{"taxonomy":"product_cat","embeddable":true,"href":"https:\/\/metal-badge.ch\/it\/wp-json\/wp\/v2\/product_cat?post=43264"},{"taxonomy":"product_tag","embeddable":true,"href":"https:\/\/metal-badge.ch\/it\/wp-json\/wp\/v2\/product_tag?post=43264"}],"curies":[{"name":"wp","href":"https:\/\/api.w.org\/{rel}","templated":true}]}}