{"id":43253,"date":"2018-02-13T11:38:09","date_gmt":"2018-02-13T11:38:09","guid":{"rendered":"https:\/\/shop.metal-badge.ch\/?product=torcia-tzh-1101-gialla"},"modified":"2018-02-13T11:40:31","modified_gmt":"2018-02-13T11:40:31","slug":"torcia-tzh-1101-gialla","status":"publish","type":"product","link":"https:\/\/metal-badge.ch\/it\/product\/43253\/torcia-tzh-1101-gialla\/","title":{"rendered":"Torcia TZH-1101 gialla"},"content":{"rendered":"<p><strong>Torcia TZH-1101 gialla<\/strong><\/p>\n<p>Questa torcia \u00e8 dotata di 4 selezioni di funzionamento. Luce principale bianca da 160 Lumen, luce soffusa bianca per risparmio batteria, due luci rosse a LED nonch\u00e9 la selezione di funzionamento per strobo, luce rossa. La lampada pu\u00f2 anche essere posizionata con il fascio di luce fisso in avanti ed \u00e8 dotata di una fascia elastica regolabile per la testa. La lampada resiste alla pioggia e a forti schizzi d&#8217;acqua.<\/p>\n<p>\u00a0<\/p>\n<p><strong>Informazioni prodotto:<\/strong><\/p>\n<p>Luce bianca a LED da 160 Lumen con 4 selezioni di funzionamento<br \/>\nluce bianca e Cree XPE, 2x luce rossa a LED<br \/>\nFunzione notturna con LED rossi<br \/>\nBatterie: 3x AAA\u00a0<br \/>\nLe batterie non sono incluse nella consegna<br \/>\nFascia elastica e regolabile per la testa<br \/>\nIl fascio di luce pu\u00f2 essere fissato in avanti<br \/>\nResiste alla pioggia e a forti schizzi d&#8217;acqua<br \/>\nPeso: 64 gr.<br \/>\nColore: giallo<br \/>\nDimensioni: Larghezza 60 mm \/ Altezza 45 mm \/ Profondit\u00e0 60 mm<\/p>\n","protected":false},"excerpt":{"rendered":"<p>Torcia TZH-1101 gialla Questa torcia \u00e8 dotata di 4 selezioni di funzionamento. Luce principale bianca da 160 Lumen, luce soffusa bianca per risparmio batteria, due luci rosse a LED nonch\u00e9 la selezione di funzionamento per strobo, luce rossa. La lampada pu\u00f2 anche essere posizionata con il fascio di luce fisso in avanti ed \u00e8 dotata [&hellip;]<\/p>\n","protected":false},"featured_media":88706,"comment_status":"open","ping_status":"closed","template":"","meta":{"inline_featured_image":false},"product_brand":[],"product_cat":[1348,1436,1344],"product_tag":[1770,1774,1778,1864,1766],"class_list":{"0":"post-43253","1":"product","2":"type-product","3":"status-publish","4":"has-post-thumbnail","6":"product_cat-accessori-per-esercito-caccia","7":"product_cat-campeggio-viaggio","8":"product_cat-lampade-lampadina-tascabile","9":"product_tag-army-survival-it","10":"product_tag-caccia-pesca","11":"product_tag-campeggio-viaggio","12":"product_tag-lampade-frontale","13":"product_tag-sport-outdoor-it","15":"first","16":"instock","17":"taxable","18":"shipping-taxable","19":"purchasable","20":"product-type-simple"},"_links":{"self":[{"href":"https:\/\/metal-badge.ch\/it\/wp-json\/wp\/v2\/product\/43253","targetHints":{"allow":["GET"]}}],"collection":[{"href":"https:\/\/metal-badge.ch\/it\/wp-json\/wp\/v2\/product"}],"about":[{"href":"https:\/\/metal-badge.ch\/it\/wp-json\/wp\/v2\/types\/product"}],"replies":[{"embeddable":true,"href":"https:\/\/metal-badge.ch\/it\/wp-json\/wp\/v2\/comments?post=43253"}],"wp:featuredmedia":[{"embeddable":true,"href":"https:\/\/metal-badge.ch\/it\/wp-json\/wp\/v2\/media\/88706"}],"wp:attachment":[{"href":"https:\/\/metal-badge.ch\/it\/wp-json\/wp\/v2\/media?parent=43253"}],"wp:term":[{"taxonomy":"product_brand","embeddable":true,"href":"https:\/\/metal-badge.ch\/it\/wp-json\/wp\/v2\/product_brand?post=43253"},{"taxonomy":"product_cat","embeddable":true,"href":"https:\/\/metal-badge.ch\/it\/wp-json\/wp\/v2\/product_cat?post=43253"},{"taxonomy":"product_tag","embeddable":true,"href":"https:\/\/metal-badge.ch\/it\/wp-json\/wp\/v2\/product_tag?post=43253"}],"curies":[{"name":"wp","href":"https:\/\/api.w.org\/{rel}","templated":true}]}}