{"id":43242,"date":"2018-02-13T10:58:10","date_gmt":"2018-02-13T10:58:10","guid":{"rendered":"https:\/\/shop.metal-badge.ch\/?product=torcia-a-3-luci-jd-15025"},"modified":"2018-02-13T10:58:31","modified_gmt":"2018-02-13T10:58:31","slug":"torcia-a-3-luci-jd-15025","status":"publish","type":"product","link":"https:\/\/metal-badge.ch\/it\/product\/43242\/torcia-a-3-luci-jd-15025\/","title":{"rendered":"Torcia a 3 luci JD-15025"},"content":{"rendered":"<p>Con questa torcia a LED avete sempre <strong>una luce chiara<\/strong> e allo stesso tempo sempre le mani libere! Che sia per la corsa, il campeggio, la pesca, il passeggio o qualsiasi altra attivit\u00e0 all&#8217;aperto. Una torcia estremamente potente, e ricaricabile con pi\u00f9 luci. Con la sua potenza da 1040Lumen questa torcia \u00e8 il non plus ultra per le attivit\u00e0 all&#8217;aperto tecnicamente impegnative in condizioni di oscurit\u00e0. La lampada \u00e8 dotata di 5x selezioni di funzionamento.<\/p>\n<p>1.\u00a0\u00a0\u00a0 Posizione: luce piena solo mezza lampada<br \/>\n2.\u00a0\u00a0\u00a0 Posizione: Solo le due luci laterali<br \/>\n3.\u00a0\u00a0\u00a0 Posizione: Tutte e 3 le luci insieme<br \/>\n4.\u00a0\u00a0\u00a0 \u00a0Posizione: Tutte e 3 le luci stroboscopiche \/ Modalit\u00e0 Lampeggio<br \/>\n5.\u00a0\u00a0\u00a0 Acceso \/ Spento<\/p>\n<p>La lampada pu\u00f2 anche essere posizionata con il fascio di luce fisso in avanti ed \u00e8 dotata di una fascia elastica regolabile per la testa. La fascia elastica pu\u00f2\u00a0 essere tranquillamente adattata alla circonferenza della testa. Le due batterie ricaricabili agli ioni di litio da 1500 mAh sono montate nella scatola a tenuta stagna dietro la testa. L&#8217;alloggiamento in gomma, come pure le parti in plastica e alluminio, proteggono dalle infiltrazioni di acqua.<\/p>\n<p>\n<strong>Informazioni sul prodotto: <\/strong><br \/>\nColore: argento \/ nero<br \/>\nPeso: 190 gr.<br \/>\nLumen: 1040 Lumen<br \/>\nDimensioni lampada: Larghezza 85 mm \/ Profondit\u00e0 55 mm \/ Altezza al centro 40 mm\u00a0\u00a0\u00a0\u00a0\u00a0\u00a0\u00a0\u00a0\u00a0\u00a0\u00a0\u00a0\u00a0\u00a0\u00a0\u00a0\u00a0\u00a0\u00a0\u00a0\u00a0\u00a0\u00a0\u00a0\u00a0\u00a0\u00a0\u00a0\u00a0\u00a0\u00a0\u00a0\u00a0\u00a0\u00a0\u00a0\u00a0\u00a0\u00a0\u00a0\u00a0\u00a0\u00a0\u00a0\u00a0\u00a0\u00a0\u00a0\u00a0\u00a0\u00a0\u00a0\u00a0\u00a0\u00a0\u00a0\u00a0\u00a0\u00a0\u00a0\u00a0\u00a0\u00a0\u00a0\u00a0\u00a0\u00a0\u00a0\u00a0\u00a0\u00a0\u00a0\u00a0\u00a0\u00a0\u00a0\u00a0\u00a0\u00a0\u00a0\u00a0\u00a0\u00a0\u00a0\u00a0\u00a0\u00a0\u00a0\u00a0\u00a0\u00a0\u00a0\u00a0\u00a0\u00a0\u00a0\u00a0\u00a0\u00a0\u00a0\u00a0\u00a0\u00a0\u00a0\u00a0\u00a0\u00a0\u00a0\u00a0\u00a0\u00a0\u00a0\u00a0\u00a0\u00a0\u00a0\u00a0\u00a0\u00a0\u00a0\u00a0\u00a0\u00a0\u00a0\u00a0\u00a0\u00a0\u00a0\u00a0\u00a0\u00a0\u00a0\u00a0\u00a0 Materiale: Alloggiamento in gomma, parti in plastica e in alluminio<br \/>\nFascia regolabile misura unica per testa e polso<br \/>\nNella consegna sono inclusi due cavi di ricarica 1x presa da 220 V<br \/>\n1x cavo di ricarica per auto<br \/>\nNella consegna sono incluse anche 2x batterie agli ioni di litio da 1500 mAh<br \/>\nBatterie 3.7 v<br \/>\nTempo di ricarica batterie: fino a 12 ore<\/p>\n","protected":false},"excerpt":{"rendered":"<p>Con questa torcia a LED avete sempre una luce chiara e allo stesso tempo sempre le mani libere! Che sia per la corsa, il campeggio, la pesca, il passeggio o qualsiasi altra attivit\u00e0 all&#8217;aperto. Una torcia estremamente potente, e ricaricabile con pi\u00f9 luci. Con la sua potenza da 1040Lumen questa torcia \u00e8 il non plus [&hellip;]<\/p>\n","protected":false},"featured_media":88708,"comment_status":"open","ping_status":"closed","template":"","meta":{"inline_featured_image":false},"product_brand":[],"product_cat":[1348,1436,1344],"product_tag":[1770,1774,1778,1864,1766],"class_list":{"0":"post-43242","1":"product","2":"type-product","3":"status-publish","4":"has-post-thumbnail","6":"product_cat-accessori-per-esercito-caccia","7":"product_cat-campeggio-viaggio","8":"product_cat-lampade-lampadina-tascabile","9":"product_tag-army-survival-it","10":"product_tag-caccia-pesca","11":"product_tag-campeggio-viaggio","12":"product_tag-lampade-frontale","13":"product_tag-sport-outdoor-it","15":"first","16":"instock","17":"taxable","18":"shipping-taxable","19":"purchasable","20":"product-type-simple"},"_links":{"self":[{"href":"https:\/\/metal-badge.ch\/it\/wp-json\/wp\/v2\/product\/43242","targetHints":{"allow":["GET"]}}],"collection":[{"href":"https:\/\/metal-badge.ch\/it\/wp-json\/wp\/v2\/product"}],"about":[{"href":"https:\/\/metal-badge.ch\/it\/wp-json\/wp\/v2\/types\/product"}],"replies":[{"embeddable":true,"href":"https:\/\/metal-badge.ch\/it\/wp-json\/wp\/v2\/comments?post=43242"}],"wp:featuredmedia":[{"embeddable":true,"href":"https:\/\/metal-badge.ch\/it\/wp-json\/wp\/v2\/media\/88708"}],"wp:attachment":[{"href":"https:\/\/metal-badge.ch\/it\/wp-json\/wp\/v2\/media?parent=43242"}],"wp:term":[{"taxonomy":"product_brand","embeddable":true,"href":"https:\/\/metal-badge.ch\/it\/wp-json\/wp\/v2\/product_brand?post=43242"},{"taxonomy":"product_cat","embeddable":true,"href":"https:\/\/metal-badge.ch\/it\/wp-json\/wp\/v2\/product_cat?post=43242"},{"taxonomy":"product_tag","embeddable":true,"href":"https:\/\/metal-badge.ch\/it\/wp-json\/wp\/v2\/product_tag?post=43242"}],"curies":[{"name":"wp","href":"https:\/\/api.w.org\/{rel}","templated":true}]}}