{"id":43104,"date":"2018-02-08T11:23:16","date_gmt":"2018-02-08T11:23:16","guid":{"rendered":"https:\/\/shop.metal-badge.ch\/?product=moschettone-mp9-portachiavi-con-blocco-di-sicurezza-lama-e-cacciavite"},"modified":"2018-02-08T11:35:31","modified_gmt":"2018-02-08T11:35:31","slug":"moschettone-mp9-portachiavi-con-blocco-di-sicurezza-lama-e-cacciavite","status":"publish","type":"product","link":"https:\/\/metal-badge.ch\/it\/product\/43104\/moschettone-mp9-portachiavi-con-blocco-di-sicurezza-lama-e-cacciavite\/","title":{"rendered":"Moschettone MP9 portachiavi con blocco di sicurezza, lama e cacciavite"},"content":{"rendered":"<p>Il moschettone MP9 bloccabile include una lama in acciaio inossidabile AISI 420, nonch\u00e9 un cacciavite a taglio e un cacciavite a croce. La lama pu\u00f2 essere estratta con una mano sola e bloccata quando \u00e8 tutta aperta.<\/p>\n<p>Questo moschettone non \u00e8 adatto per l&#8217;alpinismo.<\/p>\n<p>\u00a0<\/p>\n<p><strong>Informazioni prodotto: <\/strong><br \/>\nColore:\u00a0nero<br \/>\nPeso: 76 g<br \/>\nLama in acciaio 420<br \/>\nLunghezza lama 8 cm<br \/>\nLunghezza complessiva 17.5 cm<br \/>\nLunghezza: moschettone 11 cm\u00a0\u00a0\u00a0\u00a0\u00a0\u00a0\u00a0\u00a0\u00a0\u00a0\u00a0\u00a0\u00a0\u00a0\u00a0\u00a0\u00a0\u00a0\u00a0\u00a0\u00a0\u00a0\u00a0\u00a0\u00a0\u00a0\u00a0\u00a0\u00a0\u00a0\u00a0\u00a0\u00a0\u00a0\u00a0\u00a0\u00a0\u00a0\u00a0\u00a0\u00a0\u00a0\u00a0\u00a0\u00a0\u00a0\u00a0\u00a0\u00a0\u00a0\u00a0\u00a0\u00a0\u00a0\u00a0\u00a0\u00a0\u00a0\u00a0\u00a0\u00a0\u00a0\u00a0\u00a0\u00a0\u00a0\u00a0\u00a0\u00a0\u00a0\u00a0\u00a0\u00a0\u00a0\u00a0\u00a0\u00a0\u00a0\u00a0\u00a0\u00a0\u00a0\u00a0\u00a0\u00a0\u00a0\u00a0\u00a0\u00a0\u00a0\u00a0\u00a0\u00a0\u00a0\u00a0\u00a0\u00a0\u00a0\u00a0\u00a0\u00a0\u00a0\u00a0\u00a0\u00a0\u00a0\u00a0\u00a0\u00a0\u00a0\u00a0<\/p>\n","protected":false},"excerpt":{"rendered":"<p>Il moschettone MP9 bloccabile include una lama in acciaio inossidabile AISI 420, nonch\u00e9 un cacciavite a taglio e un cacciavite a croce. La lama pu\u00f2 essere estratta con una mano sola e bloccata quando \u00e8 tutta aperta. Questo moschettone non \u00e8 adatto per l&#8217;alpinismo. \u00a0 Informazioni prodotto: Colore:\u00a0nero Peso: 76 g Lama in acciaio 420 [&hellip;]<\/p>\n","protected":false},"featured_media":88732,"comment_status":"open","ping_status":"closed","template":"","meta":{"inline_featured_image":false},"product_brand":[],"product_cat":[1348,1036,1679,952],"product_tag":[1770,1774,1778,1782,1766],"class_list":{"0":"post-43104","1":"product","2":"type-product","3":"status-publish","4":"has-post-thumbnail","6":"product_cat-accessori-per-esercito-caccia","7":"product_cat-coltelli-machete","8":"product_cat-funi-sicurezza","9":"product_cat-portachiavi-moschettone","10":"product_tag-army-survival-it","11":"product_tag-caccia-pesca","12":"product_tag-campeggio-viaggio","13":"product_tag-polizia-sicurezza","14":"product_tag-sport-outdoor-it","16":"first","17":"instock","18":"taxable","19":"shipping-taxable","20":"purchasable","21":"product-type-simple"},"_links":{"self":[{"href":"https:\/\/metal-badge.ch\/it\/wp-json\/wp\/v2\/product\/43104","targetHints":{"allow":["GET"]}}],"collection":[{"href":"https:\/\/metal-badge.ch\/it\/wp-json\/wp\/v2\/product"}],"about":[{"href":"https:\/\/metal-badge.ch\/it\/wp-json\/wp\/v2\/types\/product"}],"replies":[{"embeddable":true,"href":"https:\/\/metal-badge.ch\/it\/wp-json\/wp\/v2\/comments?post=43104"}],"wp:featuredmedia":[{"embeddable":true,"href":"https:\/\/metal-badge.ch\/it\/wp-json\/wp\/v2\/media\/88732"}],"wp:attachment":[{"href":"https:\/\/metal-badge.ch\/it\/wp-json\/wp\/v2\/media?parent=43104"}],"wp:term":[{"taxonomy":"product_brand","embeddable":true,"href":"https:\/\/metal-badge.ch\/it\/wp-json\/wp\/v2\/product_brand?post=43104"},{"taxonomy":"product_cat","embeddable":true,"href":"https:\/\/metal-badge.ch\/it\/wp-json\/wp\/v2\/product_cat?post=43104"},{"taxonomy":"product_tag","embeddable":true,"href":"https:\/\/metal-badge.ch\/it\/wp-json\/wp\/v2\/product_tag?post=43104"}],"curies":[{"name":"wp","href":"https:\/\/api.w.org\/{rel}","templated":true}]}}