{"id":43066,"date":"2018-02-06T14:57:08","date_gmt":"2018-02-06T14:57:08","guid":{"rendered":"https:\/\/shop.metal-badge.ch\/?product=set-vanga-pieghevole-mini-zappa-badile"},"modified":"2018-02-07T09:20:18","modified_gmt":"2018-02-07T09:20:18","slug":"set-vanga-pieghevole-mini-zappa-badile","status":"publish","type":"product","link":"https:\/\/metal-badge.ch\/it\/product\/43066\/set-vanga-pieghevole-mini-zappa-badile\/","title":{"rendered":"Set vanga pieghevole mini zappa badile"},"content":{"rendered":"<p>Questo pratico set mini vanga pieghevole, consistente in una vanga\/zappa, con lato seghettato, una bussola e un apribottiglie integrati, \u00e8 dotato di un robusto manico in gomma dura. Il manico della vanga \u00e8 in due parti \u00e8 pu\u00f2 essere avvitato. Il set viene fornito in una borsetta con tracolla e cerniera lampo.\u00a0<\/p>\n<p>\u00a0<\/p>\n<p><strong>Descrizione prodotto: <\/strong><br \/>\nColore borsetta: mimetico<br \/>\nDimensione confezione: Altezza 17 cm x 11.5 cm Larghezza parte superiore<br \/>\nTracolla e cerniera lampo<br \/>\nColore set vanga pieghevole: nero<br \/>\nPeso: 370 gr.<br \/>\nLunghezza totale della vanga: 42 cm<br \/>\nLarghezza e altezza: superficie della vanga 10 cm x 13 cm\u00a0\u00a0\u00a0\u00a0\u00a0\u00a0\u00a0\u00a0\u00a0\u00a0\u00a0\u00a0\u00a0\u00a0\u00a0\u00a0\u00a0\u00a0\u00a0\u00a0\u00a0\u00a0\u00a0\u00a0\u00a0\u00a0\u00a0\u00a0\u00a0\u00a0\u00a0\u00a0\u00a0\u00a0\u00a0\u00a0\u00a0\u00a0\u00a0\u00a0\u00a0\u00a0\u00a0\u00a0\u00a0\u00a0\u00a0\u00a0\u00a0\u00a0\u00a0\u00a0\u00a0\u00a0\u00a0\u00a0\u00a0\u00a0\u00a0\u00a0\u00a0\u00a0\u00a0\u00a0\u00a0\u00a0\u00a0\u00a0\u00a0\u00a0\u00a0<\/p>\n","protected":false},"excerpt":{"rendered":"<p>Questo pratico set mini vanga pieghevole, consistente in una vanga\/zappa, con lato seghettato, una bussola e un apribottiglie integrati, \u00e8 dotato di un robusto manico in gomma dura. Il manico della vanga \u00e8 in due parti \u00e8 pu\u00f2 essere avvitato. Il set viene fornito in una borsetta con tracolla e cerniera lampo.\u00a0 \u00a0 Descrizione prodotto: [&hellip;]<\/p>\n","protected":false},"featured_media":88740,"comment_status":"open","ping_status":"closed","template":"","meta":{"inline_featured_image":false},"product_brand":[],"product_cat":[1348,1436],"product_tag":[1770,1774,1778],"class_list":{"0":"post-43066","1":"product","2":"type-product","3":"status-publish","4":"has-post-thumbnail","6":"product_cat-accessori-per-esercito-caccia","7":"product_cat-campeggio-viaggio","8":"product_tag-army-survival-it","9":"product_tag-caccia-pesca","10":"product_tag-campeggio-viaggio","12":"first","13":"instock","14":"taxable","15":"shipping-taxable","16":"purchasable","17":"product-type-simple"},"_links":{"self":[{"href":"https:\/\/metal-badge.ch\/it\/wp-json\/wp\/v2\/product\/43066","targetHints":{"allow":["GET"]}}],"collection":[{"href":"https:\/\/metal-badge.ch\/it\/wp-json\/wp\/v2\/product"}],"about":[{"href":"https:\/\/metal-badge.ch\/it\/wp-json\/wp\/v2\/types\/product"}],"replies":[{"embeddable":true,"href":"https:\/\/metal-badge.ch\/it\/wp-json\/wp\/v2\/comments?post=43066"}],"wp:featuredmedia":[{"embeddable":true,"href":"https:\/\/metal-badge.ch\/it\/wp-json\/wp\/v2\/media\/88740"}],"wp:attachment":[{"href":"https:\/\/metal-badge.ch\/it\/wp-json\/wp\/v2\/media?parent=43066"}],"wp:term":[{"taxonomy":"product_brand","embeddable":true,"href":"https:\/\/metal-badge.ch\/it\/wp-json\/wp\/v2\/product_brand?post=43066"},{"taxonomy":"product_cat","embeddable":true,"href":"https:\/\/metal-badge.ch\/it\/wp-json\/wp\/v2\/product_cat?post=43066"},{"taxonomy":"product_tag","embeddable":true,"href":"https:\/\/metal-badge.ch\/it\/wp-json\/wp\/v2\/product_tag?post=43066"}],"curies":[{"name":"wp","href":"https:\/\/api.w.org\/{rel}","templated":true}]}}