{"id":43037,"date":"2018-02-06T14:03:45","date_gmt":"2018-02-06T14:03:45","guid":{"rendered":"https:\/\/shop.metal-badge.ch\/?product=corda-darrampicata-dinamica-arancio-50-metri"},"modified":"2020-08-02T03:22:02","modified_gmt":"2020-08-02T03:22:02","slug":"corda-darrampicata-dinamica-arancio-50-metri","status":"publish","type":"product","link":"https:\/\/metal-badge.ch\/it\/product\/43037\/corda-darrampicata-dinamica-arancio-50-metri\/","title":{"rendered":"Corda d&#8217;arrampicata dinamica arancio 50 metri"},"content":{"rendered":"<p>Corde d&#8217;arrampicata \u2013 Al sicuro verso la destinazione<\/p>\n<p>Le corde d&#8217;arrampicata sono fatte con fibre elastiche e ammortizzano eventuali cadute in modo affidabile. In generale, esistono tre tipi di corde. Le corde singole sono le classiche corde d&#8217;arrampicata. Con un diametro da 9 a 11 mm, sono adatte a molti tipi di scalate sia all&#8217;interno che all&#8217;aperto. Le mezze corde, con un diametro da 7,5 a 9 mm, sono un po&#8217; pi\u00f9 sottili e leggere. Vengono utilizzate a coppie, il che significa che si \u00e8 assicurati con il doppio della forza. Diversamente dalla corda singola, qui si possono usare le lunghezze per intero. Le cosiddette corde gemelle hanno un diametro da 7 a 8 mm, sono estremamente leggere e vengono utilizzate solo a doppio. Vengono usate principalmente per le scalate estreme, nelle quali ogni grammo conta.<\/p>\n<p>Corda d&#8217;arrampicata 10 mm Corda d&#8217;arrampicata Allround, economica, leggera, di buona maneggiabilit\u00e0 per principianti, con un convincente rapporto qualit\u00e0-prezzo. La corda \u00e8 ugualmente adatta per arrampicate interne ed esterne. Con il diametro di 10 mm risulta un vero affare tra tutte le attrezzature di sicurezza disponibili sul mercato.<\/p>\n<p>\u00a0<\/p>\n<p><strong>Descrizione prodotto: <\/strong><br \/>\nUso: Arrampicate, Arrampicate sportive, Cordate, Sicurezza sui pendii, Arrampicate sugli alberi<br \/>\nTipo certificato come corda singola<br \/>\nMateriale: Nylon<br \/>\nNorme: EN 892<br \/>\nTensione statica:\u00a0 8.5<br \/>\nTensione dinamica: 32%<br \/>\nNumero di cadute standard in base alla UIAA (max): 11<br \/>\nMax. forza d&#8217;urto: 7.5 kN<br \/>\nDiametro corda: 10 mm\u00a0\u00a0\u00a0\u00a0\u00a0\u00a0\u00a0\u00a0\u00a0\u00a0\u00a0\u00a0\u00a0\u00a0\u00a0\u00a0\u00a0\u00a0\u00a0\u00a0\u00a0\u00a0\u00a0\u00a0\u00a0\u00a0\u00a0\u00a0\u00a0\u00a0\u00a0\u00a0\u00a0\u00a0\u00a0\u00a0\u00a0\u00a0\u00a0\u00a0\u00a0\u00a0\u00a0\u00a0\u00a0\u00a0\u00a0\u00a0\u00a0\u00a0\u00a0\u00a0\u00a0\u00a0\u00a0\u00a0\u00a0\u00a0\u00a0\u00a0\u00a0\u00a0\u00a0\u00a0\u00a0\u00a0\u00a0\u00a0\u00a0\u00a0\u00a0\u00a0\u00a0\u00a0\u00a0\u00a0\u00a0\u00a0\u00a0\u00a0 \u00a0\u00a0\u00a0\u00a0\u00a0\u00a0\u00a0\u00a0\u00a0\u00a0\u00a0\u00a0\u00a0\u00a0\u00a0\u00a0\u00a0\u00a0\u00a0\u00a0\u00a0\u00a0\u00a0\u00a0\u00a0\u00a0\u00a0\u00a0\u00a0\u00a0\u00a0\u00a0\u00a0\u00a0\u00a0<br \/>\nPeso massimo al metro: 68 gr. \/ m<br \/>\nLunghezza: 50 metri\u00a0<br \/>\nColore: arancio<\/p>\n<p>Altri colori su richiesta<br \/>\nQuantit\u00e0 ordinabili: 50 metri \/ 60 metri ecc.<br \/>\nDiametro: 10 mm e 11 mm<\/p>\n","protected":false},"excerpt":{"rendered":"<p>Corde d&#8217;arrampicata \u2013 Al sicuro verso la destinazione Le corde d&#8217;arrampicata sono fatte con fibre elastiche e ammortizzano eventuali cadute in modo affidabile. In generale, esistono tre tipi di corde. Le corde singole sono le classiche corde d&#8217;arrampicata. Con un diametro da 9 a 11 mm, sono adatte a molti tipi di scalate sia all&#8217;interno [&hellip;]<\/p>\n","protected":false},"featured_media":88742,"comment_status":"open","ping_status":"closed","template":"","meta":{"inline_featured_image":false},"product_brand":[],"product_cat":[1348,1436,1679],"product_tag":[1770,1774,1778,1766],"class_list":{"0":"post-43037","1":"product","2":"type-product","3":"status-publish","4":"has-post-thumbnail","6":"product_cat-accessori-per-esercito-caccia","7":"product_cat-campeggio-viaggio","8":"product_cat-funi-sicurezza","9":"product_tag-army-survival-it","10":"product_tag-caccia-pesca","11":"product_tag-campeggio-viaggio","12":"product_tag-sport-outdoor-it","14":"first","15":"instock","16":"taxable","17":"shipping-taxable","18":"purchasable","19":"product-type-simple"},"_links":{"self":[{"href":"https:\/\/metal-badge.ch\/it\/wp-json\/wp\/v2\/product\/43037","targetHints":{"allow":["GET"]}}],"collection":[{"href":"https:\/\/metal-badge.ch\/it\/wp-json\/wp\/v2\/product"}],"about":[{"href":"https:\/\/metal-badge.ch\/it\/wp-json\/wp\/v2\/types\/product"}],"replies":[{"embeddable":true,"href":"https:\/\/metal-badge.ch\/it\/wp-json\/wp\/v2\/comments?post=43037"}],"wp:featuredmedia":[{"embeddable":true,"href":"https:\/\/metal-badge.ch\/it\/wp-json\/wp\/v2\/media\/88742"}],"wp:attachment":[{"href":"https:\/\/metal-badge.ch\/it\/wp-json\/wp\/v2\/media?parent=43037"}],"wp:term":[{"taxonomy":"product_brand","embeddable":true,"href":"https:\/\/metal-badge.ch\/it\/wp-json\/wp\/v2\/product_brand?post=43037"},{"taxonomy":"product_cat","embeddable":true,"href":"https:\/\/metal-badge.ch\/it\/wp-json\/wp\/v2\/product_cat?post=43037"},{"taxonomy":"product_tag","embeddable":true,"href":"https:\/\/metal-badge.ch\/it\/wp-json\/wp\/v2\/product_tag?post=43037"}],"curies":[{"name":"wp","href":"https:\/\/api.w.org\/{rel}","templated":true}]}}