{"id":42925,"date":"2018-02-02T14:37:35","date_gmt":"2018-02-02T14:37:35","guid":{"rendered":"https:\/\/shop.metal-badge.ch\/?product=jagd-und-sportzielfernrohr-2-7x-32-mm"},"modified":"2018-02-02T14:46:18","modified_gmt":"2018-02-02T14:46:18","slug":"jagd-und-sportzielfernrohr-2-7x-32-mm","status":"publish","type":"product","link":"https:\/\/metal-badge.ch\/it\/product\/42925\/jagd-und-sportzielfernrohr-2-7x-32-mm\/","title":{"rendered":"Jagd und Sportzielfernrohr 2-7x 32 mm"},"content":{"rendered":"<p>Il cannocchiale da mira 2-7\u00d732 \u00e8 ideato per un utilizzo in condizioni di luce scarsa (alba \/ imbrunire). Con il mirino luminoso regolabile in 9 gradazioni in rosso, verde o blu rappresenta un classico cannocchiale da mira per la caccia. Il classico reticolo Mil-Dot offre diversi punti di riferimento per la compensazione della parabola del proiettile. Vi sono dei punti intermedi per la una scelta pi\u00f9 precisa del punto di impugnatura. L\u2019illuminazione pu\u00f2 essere regolata ed anche del tutto spenta. Il mirino ingrandisce in una scala da 2x fino a 7x. Il diametro dell\u2019obiettivo \u00e8 32mm. In tal modo il cannocchiale da mira offre un ampio campo visito ed un ottimo fattore di luminosit\u00e0. Nella confezione sono inclusi le protezioni anti-polvere e la batteria. Il cannocchiale da mira \u00e8 impermeabile al 100 % e resistente agli urti, esso offre un ottimo rapporto qualit\u00e0-prezzo. Tramite dei pulsanti girevoli posti al centro del cannocchiale da mira, dotato di un rivestimento stabile in alluminio, si possono relare l\u2019altezza e l\u2019inquadratura laterale con \u00bc di click. Questo cannocchiale da mira offre un supporto per il montaggio compatibile con un binario da 21 Picatinny da 21 mm. Vedi foto. \u00a0 \u00a0 \u00a0 \u00a0 \u00a0 \u00a0 \u00a0 \u00a0 \u00a0 \u00a0 \u00a0 \u00a0 \u00a0 \u00a0 \u00a0 \u00a0 \u00a0 \u00a0 \u00a0 \u00a0 \u00a0 \u00a0 \u00a0 \u00a0 \u00a0 \u00a0 \u00a0 \u00a0 \u00a0 \u00a0 \u00a0 \u00a0 \u00a0 \u00a0 \u00a0 \u00a0 \u00a0 \u00a0 \u00a0 \u00a0 \u00a0 \u00a0 \u00a0 \u00a0 \u00a0 \u00a0 \u00a0 \u00a0 \u00a0 \u00a0 \u00a0 \u00a0 \u00a0 \u00a0 \u00a0 \u00a0 \u00a0 \u00a0 \u00a0 \u00a0 \u00a0 \u00a0 \u00a0 \u00a0 \u00a0 \u00a0 \u00a0 \u00a0 \u00a0 \u00a0 \u00a0 \u00a0 \u00a0 \u00a0 \u00a0 \u00a0 \u00a0 \u00a0 \u00a0 \u00a0 \u00a0\u00a0<\/p>\n<p><strong>Informazioni prodotto:\u00a0<\/strong><br \/>\nCannocchiale da mira 2-7x 32 mm<br \/>\nMateriale: alluminio<br \/>\nColore: nero opaco<br \/>\nPeso: 680 gr.<br \/>\nLunghezza: 315 mm<br \/>\nPupilla di uscita: 16-5 mm<br \/>\nNon si appanna grazie all\u2019azoto presente all\u2019interno\u00a0 \u00a0 \u00a0 \u00a0 \u00a0 \u00a0 \u00a0 \u00a0 \u00a0 \u00a0 \u00a0 \u00a0 \u00a0 \u00a0 \u00a0 \u00a0 \u00a0 \u00a0 \u00a0 \u00a0 \u00a0 \u00a0 \u00a0 \u00a0 \u00a0 \u00a0 \u00a0 \u00a0 \u00a0 \u00a0 \u00a0 \u00a0 \u00a0 \u00a0 \u00a0 \u00a0 \u00a0 \u00a0 \u00a0 \u00a0 \u00a0 \u00a0 \u00a0 \u00a0 \u00a0 \u00a0 \u00a0 \u00a0 \u00a0 \u00a0 \u00a0 \u00a0 \u00a0 \u00a0 \u00a0 \u00a0 \u00a0 \u00a0 \u00a0 \u00a0 \u00a0 \u00a0 \u00a0 \u00a0 \u00a0 \u00a0 \u00a0 \u00a0 \u00a0 \u00a0 \u00a0 \u00a0 \u00a0 \u00a0 \u00a0 \u00a0 \u00a0 \u00a0 \u00a0 \u00a0 \u00a0 \u00a0 \u00a0 \u00a0 \u00a0 \u00a0 \u00a0 \u00a0 \u00a0 \u00a0 \u00a0 \u00a0 \u00a0 \u00a0 Pulsanti a click per regolazione laterale e di altezza<br \/>\nIngrandimento: da 2x a 7x \u2013 ampio campo visivo<br \/>\nObiettivo: da 32 mm \u2013 immagine chiara di giorno, compatto\u00a0<br \/>\nOttica compensata a pi\u00f9 strati 11x<br \/>\nCon reticolo Mil Dot<br \/>\n<strong>Messa a fuoco laterale (Modelli SF)<\/strong><br \/>\nLa messa a fuoco laterale permette un bilanciamento parallelo preciso e senza scatti a partire da \u00a010yds (3-12\u00d744) o da 15yds (4-16\u00d744 &#038; 6-24\u00d744) fino all\u2019infinito.<br \/>\nMirino inserito direttamente sul vetro con illuminazione rossa o verde, regolabile in 3 livelli di luminosit\u00e0 e in 3 diversi colori: blu, rosso, verde\u00a0 \u00a0 \u00a0 \u00a0 \u00a0 \u00a0 \u00a0 \u00a0 \u00a0 \u00a0 \u00a0 \u00a0 \u00a0 \u00a0 \u00a0 \u00a0 \u00a0 \u00a0 \u00a0 \u00a0 \u00a0 \u00a0 \u00a0 Alette protettive Flip-Up con fazzoletto protettivo<br \/>\nImpermeabile al 100% anti-appannamento e resistente agli urti<br \/>\nBinario per il montaggio spostato 19-22 mm per \u00a0Picatinny 21mm incluso nella confezione<br \/>\n1x batteria al litio CR 2032 da 3V inclusa nella confezione\u00a0\u00a0 \u00a0\u00a0<\/p>\n<p>\n<strong>Come accessorio offriamo un set di adattatori per il montaggio su numerose armi<\/strong><br \/>\n\u00a0<\/p>\n","protected":false},"excerpt":{"rendered":"<p>Il cannocchiale da mira 2-7\u00d732 \u00e8 ideato per un utilizzo in condizioni di luce scarsa (alba \/ imbrunire). Con il mirino luminoso regolabile in 9 gradazioni in rosso, verde o blu rappresenta un classico cannocchiale da mira per la caccia. Il classico reticolo Mil-Dot offre diversi punti di riferimento per la compensazione della parabola del [&hellip;]<\/p>\n","protected":false},"featured_media":88756,"comment_status":"open","ping_status":"closed","template":"","meta":{"inline_featured_image":false},"product_brand":[],"product_cat":[1348,1440],"product_tag":[1770,1774,1766],"class_list":{"0":"post-42925","1":"product","2":"type-product","3":"status-publish","4":"has-post-thumbnail","6":"product_cat-accessori-per-esercito-caccia","7":"product_cat-mirini-telescopici-e-supporti","8":"product_tag-army-survival-it","9":"product_tag-caccia-pesca","10":"product_tag-sport-outdoor-it","12":"first","13":"instock","14":"taxable","15":"shipping-taxable","16":"purchasable","17":"product-type-simple"},"_links":{"self":[{"href":"https:\/\/metal-badge.ch\/it\/wp-json\/wp\/v2\/product\/42925","targetHints":{"allow":["GET"]}}],"collection":[{"href":"https:\/\/metal-badge.ch\/it\/wp-json\/wp\/v2\/product"}],"about":[{"href":"https:\/\/metal-badge.ch\/it\/wp-json\/wp\/v2\/types\/product"}],"replies":[{"embeddable":true,"href":"https:\/\/metal-badge.ch\/it\/wp-json\/wp\/v2\/comments?post=42925"}],"wp:featuredmedia":[{"embeddable":true,"href":"https:\/\/metal-badge.ch\/it\/wp-json\/wp\/v2\/media\/88756"}],"wp:attachment":[{"href":"https:\/\/metal-badge.ch\/it\/wp-json\/wp\/v2\/media?parent=42925"}],"wp:term":[{"taxonomy":"product_brand","embeddable":true,"href":"https:\/\/metal-badge.ch\/it\/wp-json\/wp\/v2\/product_brand?post=42925"},{"taxonomy":"product_cat","embeddable":true,"href":"https:\/\/metal-badge.ch\/it\/wp-json\/wp\/v2\/product_cat?post=42925"},{"taxonomy":"product_tag","embeddable":true,"href":"https:\/\/metal-badge.ch\/it\/wp-json\/wp\/v2\/product_tag?post=42925"}],"curies":[{"name":"wp","href":"https:\/\/api.w.org\/{rel}","templated":true}]}}