{"id":42907,"date":"2018-02-02T12:03:55","date_gmt":"2018-02-02T12:03:55","guid":{"rendered":"https:\/\/shop.metal-badge.ch\/?product=sedia-pieghevole-con-zaino-integrato-lkof-2207"},"modified":"2018-02-02T12:07:43","modified_gmt":"2018-02-02T12:07:43","slug":"sedia-pieghevole-con-zaino-integrato-lkof-2207","status":"publish","type":"product","link":"https:\/\/metal-badge.ch\/it\/product\/42907\/sedia-pieghevole-con-zaino-integrato-lkof-2207\/","title":{"rendered":"Sedia pieghevole con zaino integrato LKOF-2207"},"content":{"rendered":"<p>Zaino e posto a sedere in uno. Questa sedia pieghevole con zaino integrato \u00e8 ideale per pesca e caccia. La sedia richiudibile \u00e8 realizzata con un telaio in solido acciaio inossidabile. La superficie della seduta \u00e8 imbottita e in robusto nylon 900 D. La sedia si richiude, trasformandosi in uno zaino funzionale. Le due cinghie sono regolabili nella misura. La sacca zaino \u00e8 dotata di una cerniera lampo a tutta lunghezza e offre molto spazio interno. All&#8217;esterno c&#8217;\u00e8 un ulteriore comparto per una borraccia e una tasca con cerniera lampo a tutta lunghezza per piccoli utensili. Oltre all&#8217;imbottitura della seduta, il telaio della sedia \u00e8 rivestito con due tubi in gomma schiuma che fungono da maniglie, per cui \u00e8 comoda da trasportare. Questa sedia pieghevole leggera e robusta pesa, per l&#8217;esattezza, solo 1325 gr.<\/p>\n<p>\u00a0<\/p>\n<p><strong>Descrizione prodotto:<\/strong><br \/>\nAltezza di seduta: 44 cm<br \/>\nSuperficie della seduta: 25 cm x 25 cm<br \/>\nCapacit\u00e0 di carico: ca. 140 kg<br \/>\nPeso: 1325 gr.<br \/>\nGrande tasca \/ sacca di stivaggio<br \/>\nMisura tasca: altezza 35 \/ larghezza 29 cm \/ profondit\u00e0 18 cm<br \/>\n2x Tracolle regolabili<br \/>\n2x maniglie con tubo in gomma schiuma per un comodo trasporto\u00a0<br \/>\nMateriale: telaio in acciaio inossidabile, seduta in nylon 900 D, imbottita.<br \/>\nColore: nero, camouflage mimetico\u00a0\u00a0\u00a0\u00a0\u00a0\u00a0\u00a0\u00a0\u00a0\u00a0 \u00a0\u00a0\u00a0\u00a0\u00a0\u00a0\u00a0\u00a0\u00a0\u00a0\u00a0\u00a0\u00a0\u00a0\u00a0\u00a0\u00a0\u00a0\u00a0\u00a0\u00a0\u00a0\u00a0\u00a0\u00a0\u00a0\u00a0\u00a0\u00a0\u00a0\u00a0\u00a0\u00a0\u00a0\u00a0\u00a0\u00a0\u00a0\u00a0\u00a0\u00a0\u00a0\u00a0\u00a0\u00a0\u00a0\u00a0\u00a0\u00a0\u00a0\u00a0\u00a0\u00a0\u00a0\u00a0\u00a0\u00a0\u00a0\u00a0\u00a0\u00a0\u00a0\u00a0\u00a0\u00a0\u00a0\u00a0\u00a0\u00a0\u00a0\u00a0\u00a0\u00a0\u00a0\u00a0\u00a0\u00a0\u00a0\u00a0\u00a0\u00a0\u00a0\u00a0\u00a0\u00a0\u00a0\u00a0\u00a0\u00a0\u00a0\u00a0\u00a0\u00a0\u00a0\u00a0\u00a0\u00a0\u00a0\u00a0\u00a0\u00a0\u00a0\u00a0\u00a0\u00a0\u00a0\u00a0\u00a0\u00a0\u00a0\u00a0\u00a0\u00a0\u00a0\u00a0\u00a0\u00a0\u00a0\u00a0\u00a0\u00a0\u00a0<\/p>\n","protected":false},"excerpt":{"rendered":"<p>Zaino e posto a sedere in uno. Questa sedia pieghevole con zaino integrato \u00e8 ideale per pesca e caccia. La sedia richiudibile \u00e8 realizzata con un telaio in solido acciaio inossidabile. La superficie della seduta \u00e8 imbottita e in robusto nylon 900 D. La sedia si richiude, trasformandosi in uno zaino funzionale. Le due cinghie [&hellip;]<\/p>\n","protected":false},"featured_media":88760,"comment_status":"open","ping_status":"closed","template":"","meta":{"inline_featured_image":false},"product_brand":[],"product_cat":[1348,1436],"product_tag":[1770,1774,1778],"class_list":{"0":"post-42907","1":"product","2":"type-product","3":"status-publish","4":"has-post-thumbnail","6":"product_cat-accessori-per-esercito-caccia","7":"product_cat-campeggio-viaggio","8":"product_tag-army-survival-it","9":"product_tag-caccia-pesca","10":"product_tag-campeggio-viaggio","12":"first","13":"instock","14":"taxable","15":"shipping-taxable","16":"purchasable","17":"product-type-simple"},"_links":{"self":[{"href":"https:\/\/metal-badge.ch\/it\/wp-json\/wp\/v2\/product\/42907","targetHints":{"allow":["GET"]}}],"collection":[{"href":"https:\/\/metal-badge.ch\/it\/wp-json\/wp\/v2\/product"}],"about":[{"href":"https:\/\/metal-badge.ch\/it\/wp-json\/wp\/v2\/types\/product"}],"replies":[{"embeddable":true,"href":"https:\/\/metal-badge.ch\/it\/wp-json\/wp\/v2\/comments?post=42907"}],"wp:featuredmedia":[{"embeddable":true,"href":"https:\/\/metal-badge.ch\/it\/wp-json\/wp\/v2\/media\/88760"}],"wp:attachment":[{"href":"https:\/\/metal-badge.ch\/it\/wp-json\/wp\/v2\/media?parent=42907"}],"wp:term":[{"taxonomy":"product_brand","embeddable":true,"href":"https:\/\/metal-badge.ch\/it\/wp-json\/wp\/v2\/product_brand?post=42907"},{"taxonomy":"product_cat","embeddable":true,"href":"https:\/\/metal-badge.ch\/it\/wp-json\/wp\/v2\/product_cat?post=42907"},{"taxonomy":"product_tag","embeddable":true,"href":"https:\/\/metal-badge.ch\/it\/wp-json\/wp\/v2\/product_tag?post=42907"}],"curies":[{"name":"wp","href":"https:\/\/api.w.org\/{rel}","templated":true}]}}