{"id":42888,"date":"2018-02-02T11:31:16","date_gmt":"2018-02-02T11:31:16","guid":{"rendered":"https:\/\/shop.metal-badge.ch\/?product=sedia-da-campeggio-sgabello-treppiede-lkof-2204"},"modified":"2018-02-02T11:31:33","modified_gmt":"2018-02-02T11:31:33","slug":"sedia-da-campeggio-sgabello-treppiede-lkof-2204","status":"publish","type":"product","link":"https:\/\/metal-badge.ch\/it\/product\/42888\/sedia-da-campeggio-sgabello-treppiede-lkof-2204\/","title":{"rendered":"Sedia da campeggio \/ sgabello treppiede LKOF-2204"},"content":{"rendered":"<p>Questo sgabello treppiede \u00e8 ideale per gli amanti di ogni tipo di sport, come ad es. calcio, golf ecc.. Ed \u00e8 anche un&#8217;ottima scelta per concerti all&#8217;aperto, per la caccia, la pesca e gite in motocicletta, osservazioni faunistiche. Pu\u00f2 essere tranquillamente agganciato a sacche sportive o zaini e non deve assolutamente mancare in auto o nel camper! La seduta \u00e8 in nylon 600 D. Forte e resistente con un supporto in tubi di acciaio, ha una capacit\u00e0 di carico fino a ca. 160 kg. La sedia \u00e8 dotata di tracolla. Di soli 500gr. la sedia \u00e8 facile da trasportare e ha un&#8217;altezza di seduta ideale di 41 cm.<\/p>\n<p>\u00a0<\/p>\n<p><strong>Descrizione del prodotto:<\/strong><br \/>\nSgabello treppiede<br \/>\nResistenza di carico: ca. 160 kg<br \/>\nPeso: 500 gr.<br \/>\nTracolla<br \/>\nDimensione: altezza 41 cm<br \/>\nSuperficie della seduta: diametro 30 cm<br \/>\nMateriale: Telaio in acciaio, seduta mimetica in nylon 600 D.\u00a0\u00a0\u00a0\u00a0\u00a0\u00a0\u00a0\u00a0\u00a0\u00a0\u00a0\u00a0\u00a0\u00a0\u00a0\u00a0\u00a0\u00a0\u00a0\u00a0\u00a0\u00a0\u00a0\u00a0\u00a0\u00a0\u00a0\u00a0\u00a0\u00a0\u00a0\u00a0\u00a0\u00a0\u00a0\u00a0\u00a0\u00a0\u00a0\u00a0\u00a0\u00a0\u00a0\u00a0\u00a0\u00a0\u00a0\u00a0\u00a0\u00a0\u00a0\u00a0\u00a0\u00a0\u00a0\u00a0\u00a0\u00a0\u00a0\u00a0\u00a0\u00a0\u00a0\u00a0\u00a0 \u00a0<br \/>\nColore: nero, camouflage &#8211; mimetico\u00a0\u00a0\u00a0\u00a0\u00a0 \u00a0\u00a0\u00a0\u00a0\u00a0\u00a0\u00a0\u00a0\u00a0\u00a0\u00a0\u00a0\u00a0\u00a0\u00a0\u00a0\u00a0\u00a0\u00a0\u00a0\u00a0\u00a0\u00a0\u00a0\u00a0\u00a0\u00a0\u00a0\u00a0\u00a0\u00a0\u00a0\u00a0\u00a0\u00a0\u00a0\u00a0\u00a0\u00a0\u00a0\u00a0\u00a0\u00a0\u00a0\u00a0\u00a0\u00a0\u00a0\u00a0\u00a0\u00a0\u00a0\u00a0\u00a0\u00a0\u00a0\u00a0\u00a0\u00a0\u00a0\u00a0\u00a0\u00a0\u00a0\u00a0\u00a0\u00a0\u00a0\u00a0\u00a0\u00a0\u00a0\u00a0\u00a0\u00a0\u00a0\u00a0\u00a0\u00a0\u00a0\u00a0\u00a0\u00a0\u00a0\u00a0\u00a0\u00a0\u00a0\u00a0\u00a0\u00a0\u00a0\u00a0\u00a0\u00a0\u00a0\u00a0\u00a0\u00a0\u00a0\u00a0\u00a0\u00a0\u00a0\u00a0\u00a0\u00a0\u00a0\u00a0\u00a0\u00a0\u00a0\u00a0\u00a0\u00a0\u00a0\u00a0\u00a0\u00a0\u00a0\u00a0\u00a0\u00a0\u00a0\u00a0\u00a0\u00a0<\/p>\n","protected":false},"excerpt":{"rendered":"<p>Questo sgabello treppiede \u00e8 ideale per gli amanti di ogni tipo di sport, come ad es. calcio, golf ecc.. Ed \u00e8 anche un&#8217;ottima scelta per concerti all&#8217;aperto, per la caccia, la pesca e gite in motocicletta, osservazioni faunistiche. Pu\u00f2 essere tranquillamente agganciato a sacche sportive o zaini e non deve assolutamente mancare in auto o [&hellip;]<\/p>\n","protected":false},"featured_media":88764,"comment_status":"open","ping_status":"closed","template":"","meta":{"inline_featured_image":false},"product_brand":[],"product_cat":[1348,1436],"product_tag":[1770,1774,1778],"class_list":{"0":"post-42888","1":"product","2":"type-product","3":"status-publish","4":"has-post-thumbnail","6":"product_cat-accessori-per-esercito-caccia","7":"product_cat-campeggio-viaggio","8":"product_tag-army-survival-it","9":"product_tag-caccia-pesca","10":"product_tag-campeggio-viaggio","12":"first","13":"instock","14":"taxable","15":"shipping-taxable","16":"purchasable","17":"product-type-simple"},"_links":{"self":[{"href":"https:\/\/metal-badge.ch\/it\/wp-json\/wp\/v2\/product\/42888","targetHints":{"allow":["GET"]}}],"collection":[{"href":"https:\/\/metal-badge.ch\/it\/wp-json\/wp\/v2\/product"}],"about":[{"href":"https:\/\/metal-badge.ch\/it\/wp-json\/wp\/v2\/types\/product"}],"replies":[{"embeddable":true,"href":"https:\/\/metal-badge.ch\/it\/wp-json\/wp\/v2\/comments?post=42888"}],"wp:featuredmedia":[{"embeddable":true,"href":"https:\/\/metal-badge.ch\/it\/wp-json\/wp\/v2\/media\/88764"}],"wp:attachment":[{"href":"https:\/\/metal-badge.ch\/it\/wp-json\/wp\/v2\/media?parent=42888"}],"wp:term":[{"taxonomy":"product_brand","embeddable":true,"href":"https:\/\/metal-badge.ch\/it\/wp-json\/wp\/v2\/product_brand?post=42888"},{"taxonomy":"product_cat","embeddable":true,"href":"https:\/\/metal-badge.ch\/it\/wp-json\/wp\/v2\/product_cat?post=42888"},{"taxonomy":"product_tag","embeddable":true,"href":"https:\/\/metal-badge.ch\/it\/wp-json\/wp\/v2\/product_tag?post=42888"}],"curies":[{"name":"wp","href":"https:\/\/api.w.org\/{rel}","templated":true}]}}