{"id":42816,"date":"2018-01-30T15:31:01","date_gmt":"2018-01-30T15:31:01","guid":{"rendered":"https:\/\/shop.metal-badge.ch\/?product=giacca-mimetica-in-pile-di-poliestere"},"modified":"2020-12-02T04:31:14","modified_gmt":"2020-12-02T03:31:14","slug":"giacca-mimetica-in-pile-di-poliestere","status":"publish","type":"product","link":"https:\/\/metal-badge.ch\/it\/product\/42816\/giacca-mimetica-in-pile-di-poliestere\/","title":{"rendered":"Giacca mimetica in pile di poliestere"},"content":{"rendered":"<p>Questa giacca mimetica in pile 65 % poliestere e 35 % cotone di alta qualit\u00e0, nonch\u00e9 inserti laterali sotto le maniche e sui fianchi in materiale Softshell traspirante, \u00e8 una valida alleata in qualsiasi condizione climatica. \u00c8 traspirante, frangivento, impermeabile e pertanto molto gradevole da indossare. Sia in montagna che al mare, questa giacca \u00e8 un equipaggiamento ottimale per stare all&#8217;aperto. Ha collo con chiusura alta e 2 grandi tasche oblique frontali con cerniera lampo YKK. In pi\u00f9, all&#8217;altezza del petto, sulla sinistra, c&#8217;\u00e8 un&#8217;altra tasca obliqua con cerniera lampo. I polsini possono essere adattati con un velcro gommato. Il bordo inferiore pu\u00f2 essere regolato tramite cordino elastico.<\/p>\n<p><strong>Informazioni prodotto:<\/strong><br \/>\nColore: oliva, mimetico<br \/>\nIdrorepellente, frangivento e traspirante<br \/>\naltezza collo 8 cm<br \/>\n3x tasche esterne con cerniera lampo<br \/>\nGSM: 320 g\/m<sup>2<\/sup><br \/>\nMateriale pile: 65 % poliestere e 35 % cotone<br \/>\nInserti in Softshell sotto le maniche e sui fianchi<br \/>\nIl bordo inferiore pu\u00f2 essere regolato con cordino elastico<br \/>\nPolsini con velcro gommato<br \/>\nDi facile manutenzione<br \/>\nTaglio: normale<br \/>\nTaglie: S, M, L, XL<\/p>\n","protected":false},"excerpt":{"rendered":"<p>Questa giacca mimetica in pile 65 % poliestere e 35 % cotone di alta qualit\u00e0, nonch\u00e9 inserti laterali sotto le maniche e sui fianchi in materiale Softshell traspirante, \u00e8 una valida alleata in qualsiasi condizione climatica. \u00c8 traspirante, frangivento, impermeabile e pertanto molto gradevole da indossare. Sia in montagna che al mare, questa giacca \u00e8 [&hellip;]<\/p>\n","protected":false},"featured_media":84880,"comment_status":"open","ping_status":"closed","template":"","meta":{"inline_featured_image":false},"product_brand":[],"product_cat":[1348,1611],"product_tag":[1770,1774,1778,1766],"class_list":{"0":"post-42816","1":"product","2":"type-product","3":"status-publish","4":"has-post-thumbnail","6":"product_cat-accessori-per-esercito-caccia","7":"product_cat-giacche-in-pile","8":"product_tag-army-survival-it","9":"product_tag-caccia-pesca","10":"product_tag-campeggio-viaggio","11":"product_tag-sport-outdoor-it","13":"first","14":"instock","15":"taxable","16":"shipping-taxable","17":"purchasable","18":"product-type-simple"},"_links":{"self":[{"href":"https:\/\/metal-badge.ch\/it\/wp-json\/wp\/v2\/product\/42816","targetHints":{"allow":["GET"]}}],"collection":[{"href":"https:\/\/metal-badge.ch\/it\/wp-json\/wp\/v2\/product"}],"about":[{"href":"https:\/\/metal-badge.ch\/it\/wp-json\/wp\/v2\/types\/product"}],"replies":[{"embeddable":true,"href":"https:\/\/metal-badge.ch\/it\/wp-json\/wp\/v2\/comments?post=42816"}],"wp:featuredmedia":[{"embeddable":true,"href":"https:\/\/metal-badge.ch\/it\/wp-json\/wp\/v2\/media\/84880"}],"wp:attachment":[{"href":"https:\/\/metal-badge.ch\/it\/wp-json\/wp\/v2\/media?parent=42816"}],"wp:term":[{"taxonomy":"product_brand","embeddable":true,"href":"https:\/\/metal-badge.ch\/it\/wp-json\/wp\/v2\/product_brand?post=42816"},{"taxonomy":"product_cat","embeddable":true,"href":"https:\/\/metal-badge.ch\/it\/wp-json\/wp\/v2\/product_cat?post=42816"},{"taxonomy":"product_tag","embeddable":true,"href":"https:\/\/metal-badge.ch\/it\/wp-json\/wp\/v2\/product_tag?post=42816"}],"curies":[{"name":"wp","href":"https:\/\/api.w.org\/{rel}","templated":true}]}}