{"id":42169,"date":"2017-12-19T15:00:42","date_gmt":"2017-12-19T15:00:42","guid":{"rendered":"https:\/\/shop.metal-badge.ch\/?product=portafoglio-fashionable-ipa-italia"},"modified":"2017-12-20T01:03:59","modified_gmt":"2017-12-20T01:03:59","slug":"portafoglio-fashionable-ipa-italia","status":"publish","type":"product","link":"https:\/\/metal-badge.ch\/it\/product\/42169\/portafoglio-fashionable-ipa-italia\/","title":{"rendered":"Portafoglio &#8220;Fashionable&#8221; IPA Italia"},"content":{"rendered":"<p>Portafoglio in pelle bovina di colore blu e struttura ruvida di ottima qualit\u00e0. All\u2019esterno del portafoglio si trova una finestrella trasparente per il Vostro documento d\u2019identit\u00e0. \u00c8 anche presente un supporto per il badge, esso pu\u00f2 essere inserito dall\u2019alto nel supporto. All\u2019interno ci sono 9 scomparti per carte di credito per un totale di 27 carte di credito. Gli scomparti sono naturalmente anche utilizzabili per banconote, bigliettini ed altro. Il portafoglio si chiude rapidamente e comodamente grazie alla sua cerniera perimetrale.<\/p>\n<p>\n<strong>Dimensioni portafoglio:<\/strong> altezza 11.5 cm \/ larghezza 8.0 cm \/ profondit\u00e0 3.0 cm \u00a0<br \/>\n<strong>Dimensioni finestrella trasparente:<\/strong> larghezza 7.0 cm \/ altezza 9.5 cm.<br \/>\n<strong>Peso:<\/strong> 98 gr.<br \/>\n<strong>Colore: <\/strong>blu scuro<br \/>\n<strong>Materiale:<\/strong> pelle bovina<\/p>\n","protected":false},"excerpt":{"rendered":"<p>Portafoglio in pelle bovina di colore blu e struttura ruvida di ottima qualit\u00e0. All\u2019esterno del portafoglio si trova una finestrella trasparente per il Vostro documento d\u2019identit\u00e0. \u00c8 anche presente un supporto per il badge, esso pu\u00f2 essere inserito dall\u2019alto nel supporto. All\u2019interno ci sono 9 scomparti per carte di credito per un totale di 27 [&hellip;]<\/p>\n","protected":false},"featured_media":88926,"comment_status":"open","ping_status":"closed","template":"","meta":{"inline_featured_image":false},"product_brand":[],"product_cat":[924],"product_tag":[],"class_list":{"0":"post-42169","1":"product","2":"type-product","3":"status-publish","4":"has-post-thumbnail","6":"product_cat-italia","8":"first","9":"instock","10":"taxable","11":"shipping-taxable","12":"purchasable","13":"product-type-simple"},"_links":{"self":[{"href":"https:\/\/metal-badge.ch\/it\/wp-json\/wp\/v2\/product\/42169","targetHints":{"allow":["GET"]}}],"collection":[{"href":"https:\/\/metal-badge.ch\/it\/wp-json\/wp\/v2\/product"}],"about":[{"href":"https:\/\/metal-badge.ch\/it\/wp-json\/wp\/v2\/types\/product"}],"replies":[{"embeddable":true,"href":"https:\/\/metal-badge.ch\/it\/wp-json\/wp\/v2\/comments?post=42169"}],"wp:featuredmedia":[{"embeddable":true,"href":"https:\/\/metal-badge.ch\/it\/wp-json\/wp\/v2\/media\/88926"}],"wp:attachment":[{"href":"https:\/\/metal-badge.ch\/it\/wp-json\/wp\/v2\/media?parent=42169"}],"wp:term":[{"taxonomy":"product_brand","embeddable":true,"href":"https:\/\/metal-badge.ch\/it\/wp-json\/wp\/v2\/product_brand?post=42169"},{"taxonomy":"product_cat","embeddable":true,"href":"https:\/\/metal-badge.ch\/it\/wp-json\/wp\/v2\/product_cat?post=42169"},{"taxonomy":"product_tag","embeddable":true,"href":"https:\/\/metal-badge.ch\/it\/wp-json\/wp\/v2\/product_tag?post=42169"}],"curies":[{"name":"wp","href":"https:\/\/api.w.org\/{rel}","templated":true}]}}