{"id":41154,"date":"2017-10-04T19:24:02","date_gmt":"2017-10-04T19:24:02","guid":{"rendered":"https:\/\/shop.metal-badge.ch\/?product=astuccio-in-cuoio-qualified-two-in-one-conduttore"},"modified":"2020-12-15T16:51:18","modified_gmt":"2020-12-15T15:51:18","slug":"astuccio-in-cuoio-qualified-two-in-one-conduttore","status":"publish","type":"product","link":"https:\/\/metal-badge.ch\/it\/product\/41154\/astuccio-in-cuoio-qualified-two-in-one-conduttore\/","title":{"rendered":"Astuccio in cuoio &#8220;Qualified &#8211; two in one&#8221; conduttore"},"content":{"rendered":"<p>Prodotta in cuoio di bue della migliore qualit\u00e0, questa doppia custodia di design risponde a tutte le vostre esigenze. Portafoglio \u201cgenuine leather\u201d, robusto ma finemente lavorato a mano.<\/p>\n<p>La custodia \u00e8 fornita con due scomparti per banconote nonch\u00e9 due facciate pieghevoli con tre tasche ID. All\u2019interno ancora tre facciate con ciascuna 3 compartimenti per almeno 18 carte di credito. All\u2019interno della custodia, sotto il porta carte di credito centrale, troviamo anche un compartimento d\u2019inserzione adatto a diversi articoli come indirizzi, annotazioni, biglietti da visita, ecc. Montata all\u2019esterno c\u2019\u00e8 una grande tasca per le monete chiusa con due bottoni a pressione.<\/p>\n<p>La caratteristica di questa custodia combi \u00e8 il suo elemento interno amovibile (seconda custodia) con fissaggio a velcro. Questa custodia interna \u00e8 fornita con una finestra ID da una parte, un porta-badge sul davanti e un elastico porta penna sulla laterale.<\/p>\n<p>La custodia amovibile ha una chiusura a velcro e due scomparti per carte di credito nel rovescio\/ all\u2019interno. In pi\u00f9, questa custodia interiore \u00e8 fornita con una catena che si pu\u00f2 rimuovere, quando inserita nel portafoglio. Questa custodia interiore \u00e8 molto pratica e leggera e pu\u00f2 essere portata come set completo all\u2019interno del portafoglio oppure separatamente con il badge.<br \/>\nIl portafoglio \u00e8 chiuso con un bottone a pressione di sicurezza e ha un formato molto pratico. Notevoli sono la pregiata lavorazione e la pelle di prima qualit\u00e0.<\/p>\n<p>Misure \/ dimensioni: altezza 11 cm \/ larghezza 9,5 cm<\/p>\n","protected":false},"excerpt":{"rendered":"<p>Prodotta in cuoio di bue della migliore qualit\u00e0, questa doppia custodia di design risponde a tutte le vostre esigenze. Portafoglio \u201cgenuine leather\u201d, robusto ma finemente lavorato a mano. La custodia \u00e8 fornita con due scomparti per banconote nonch\u00e9 due facciate pieghevoli con tre tasche ID. All\u2019interno ancora tre facciate con ciascuna 3 compartimenti per almeno [&hellip;]<\/p>\n","protected":false},"featured_media":41150,"comment_status":"open","ping_status":"closed","template":"","meta":{"inline_featured_image":false},"product_brand":[],"product_cat":[1404,2340],"product_tag":[],"class_list":{"0":"post-41154","1":"product","2":"type-product","3":"status-publish","4":"has-post-thumbnail","6":"product_cat-conduttore","7":"product_cat-conduttore-it","9":"first","10":"instock","11":"taxable","12":"shipping-taxable","13":"purchasable","14":"product-type-simple"},"_links":{"self":[{"href":"https:\/\/metal-badge.ch\/it\/wp-json\/wp\/v2\/product\/41154","targetHints":{"allow":["GET"]}}],"collection":[{"href":"https:\/\/metal-badge.ch\/it\/wp-json\/wp\/v2\/product"}],"about":[{"href":"https:\/\/metal-badge.ch\/it\/wp-json\/wp\/v2\/types\/product"}],"replies":[{"embeddable":true,"href":"https:\/\/metal-badge.ch\/it\/wp-json\/wp\/v2\/comments?post=41154"}],"wp:featuredmedia":[{"embeddable":true,"href":"https:\/\/metal-badge.ch\/it\/wp-json\/wp\/v2\/media\/41150"}],"wp:attachment":[{"href":"https:\/\/metal-badge.ch\/it\/wp-json\/wp\/v2\/media?parent=41154"}],"wp:term":[{"taxonomy":"product_brand","embeddable":true,"href":"https:\/\/metal-badge.ch\/it\/wp-json\/wp\/v2\/product_brand?post=41154"},{"taxonomy":"product_cat","embeddable":true,"href":"https:\/\/metal-badge.ch\/it\/wp-json\/wp\/v2\/product_cat?post=41154"},{"taxonomy":"product_tag","embeddable":true,"href":"https:\/\/metal-badge.ch\/it\/wp-json\/wp\/v2\/product_tag?post=41154"}],"curies":[{"name":"wp","href":"https:\/\/api.w.org\/{rel}","templated":true}]}}