{"id":41148,"date":"2017-10-04T19:15:18","date_gmt":"2017-10-04T19:15:18","guid":{"rendered":"https:\/\/shop.metal-badge.ch\/?product=astuccio-in-cuoio-supreme-conduttore"},"modified":"2020-12-15T17:01:19","modified_gmt":"2020-12-15T16:01:19","slug":"astuccio-in-cuoio-supreme-conduttore","status":"publish","type":"product","link":"https:\/\/metal-badge.ch\/it\/product\/41148\/astuccio-in-cuoio-supreme-conduttore\/","title":{"rendered":"Astuccio in cuoio &#8220;Supreme&#8221; conduttore"},"content":{"rendered":"<p>L&#8217;astuccio di cuoio esclusivo al formato verticale con zip di <strong>Metal Badge <\/strong>. Il vostro accompagnatore ideale per tutti gli itinerari e viaggi. Fabbricato all&#8217;esterno come all\u2019interno con un bello strato chiaro. L&#8217;astuccio \u00e8 fabbricato con un liscio esclusivo cuoio di vitello marrone. All&#8217;esterno, la nostra bella impressione decorativa in rilievo <strong>METAL-BADGE, Registered Trademark 2002 <\/strong>.<br \/>\nL&#8217;astuccio alla moda \u00e8 fornito all&#8217;interno di un grande scompartim\u00e9nto per la moneta, con bottone a pressione. Inoltre, l&#8217;astuccio contiene una finestra a schermo al formato di una carta d&#8217;identit\u00e0 e tre scompartim\u00e9nti per carte di credito, per almeno 6 a 9 carte di credito. Un&#8217;altra separazione per note e ricevute si trova sotto lo scompartim\u00e9nto a moneta e un grande scompartim\u00e9nto per pezzi d&#8217;identit\u00e0 e carte di credito supplementari sotto lo scompartim\u00e9nto a carte di credito. Inoltre, l&#8217;astuccio \u00e8 fornito di due grandi scompartim\u00e9nti per note\/banconote. Il supporto pratico all&#8217;esterno pu\u00f2 essere fissato alla cintura semplicemente con un velcro e una chiusura di sicurezza a pressione supplementare. L&#8217;astuccio \u00e8 disponibile con o senza supporto per cintura.<\/p>\n<p>Dimensione: larghezza 9,5 cm\/altezza 12,5 cm<\/p>\n","protected":false},"excerpt":{"rendered":"<p>L&#8217;astuccio di cuoio esclusivo al formato verticale con zip di Metal Badge . Il vostro accompagnatore ideale per tutti gli itinerari e viaggi. Fabbricato all&#8217;esterno come all\u2019interno con un bello strato chiaro. L&#8217;astuccio \u00e8 fabbricato con un liscio esclusivo cuoio di vitello marrone. All&#8217;esterno, la nostra bella impressione decorativa in rilievo METAL-BADGE, Registered Trademark 2002 [&hellip;]<\/p>\n","protected":false},"featured_media":41144,"comment_status":"open","ping_status":"closed","template":"","meta":{"inline_featured_image":false},"product_brand":[],"product_cat":[1404,2340],"product_tag":[],"class_list":{"0":"post-41148","1":"product","2":"type-product","3":"status-publish","4":"has-post-thumbnail","6":"product_cat-conduttore","7":"product_cat-conduttore-it","9":"first","10":"instock","11":"taxable","12":"shipping-taxable","13":"purchasable","14":"product-type-simple"},"_links":{"self":[{"href":"https:\/\/metal-badge.ch\/it\/wp-json\/wp\/v2\/product\/41148","targetHints":{"allow":["GET"]}}],"collection":[{"href":"https:\/\/metal-badge.ch\/it\/wp-json\/wp\/v2\/product"}],"about":[{"href":"https:\/\/metal-badge.ch\/it\/wp-json\/wp\/v2\/types\/product"}],"replies":[{"embeddable":true,"href":"https:\/\/metal-badge.ch\/it\/wp-json\/wp\/v2\/comments?post=41148"}],"wp:featuredmedia":[{"embeddable":true,"href":"https:\/\/metal-badge.ch\/it\/wp-json\/wp\/v2\/media\/41144"}],"wp:attachment":[{"href":"https:\/\/metal-badge.ch\/it\/wp-json\/wp\/v2\/media?parent=41148"}],"wp:term":[{"taxonomy":"product_brand","embeddable":true,"href":"https:\/\/metal-badge.ch\/it\/wp-json\/wp\/v2\/product_brand?post=41148"},{"taxonomy":"product_cat","embeddable":true,"href":"https:\/\/metal-badge.ch\/it\/wp-json\/wp\/v2\/product_cat?post=41148"},{"taxonomy":"product_tag","embeddable":true,"href":"https:\/\/metal-badge.ch\/it\/wp-json\/wp\/v2\/product_tag?post=41148"}],"curies":[{"name":"wp","href":"https:\/\/api.w.org\/{rel}","templated":true}]}}