{"id":41129,"date":"2017-10-04T17:43:47","date_gmt":"2017-10-04T17:43:47","guid":{"rendered":"https:\/\/shop.metal-badge.ch\/?product=astuccio-in-cuoio-liberty-conduttore"},"modified":"2020-12-15T17:27:29","modified_gmt":"2020-12-15T16:27:29","slug":"astuccio-in-cuoio-liberty-conduttore","status":"publish","type":"product","link":"https:\/\/metal-badge.ch\/it\/product\/41129\/astuccio-in-cuoio-liberty-conduttore\/","title":{"rendered":"Astuccio in cuoio &#8220;Liberty&#8221; conduttore"},"content":{"rendered":"<p>Piccolo astuccio di cuoio marrone, robusto con una finestra per carta d&#8217;identit\u00e0 e due scomparti per carte di credito, per almeno 4 carte di credito. L&#8217;astuccio \u00e8 fornito di uno scomparto per la valuta con un bottone pressione. Inoltre, due scomparti distinti per le banconote. Un piccolo scomparto supplementare per varie carte d&#8217;identit\u00e0, note ecc., completa quest\u2019astuccio. Qualit\u00e0 eccellente.<\/p>\n<p><strong>Questo cuoio resistente evidenzia la struttura naturale del prodotto e d\u00e0 a ogni astuccio il suo carattere individuale &#8211; gli esperti di cuoio ritengono l\u2019aspetto del cuoio portato come \u201cun incanto molto particolare\u201e. <\/strong><\/p>\n<p>Volete notare!<\/p>\n<p>Ogni astuccio \u00e8 unico nel suo tipo. Per questo motivo le fotografie (colore e struttura del cuoio) possono differire nelle sfumature della merce consegnata!<\/p>\n<p>Il cuoio \u00e8 una pelle animale conciata. \u00c8 un prodotto naturale di una bellezza eccezionale con tutte le sue irregolarit\u00e0 tipiche, come le tracce e gli errori di pigmento. Ogni parte ha la sua identit\u00e0 unica.<\/p>\n<p>Dimensione dell&#8217;astuccio: altezza 8 cm\/larghezza 10 cm.<\/p>\n","protected":false},"excerpt":{"rendered":"<p>Piccolo astuccio di cuoio marrone, robusto con una finestra per carta d&#8217;identit\u00e0 e due scomparti per carte di credito, per almeno 4 carte di credito. L&#8217;astuccio \u00e8 fornito di uno scomparto per la valuta con un bottone pressione. Inoltre, due scomparti distinti per le banconote. Un piccolo scomparto supplementare per varie carte d&#8217;identit\u00e0, note ecc., [&hellip;]<\/p>\n","protected":false},"featured_media":41125,"comment_status":"open","ping_status":"closed","template":"","meta":{"inline_featured_image":false},"product_brand":[],"product_cat":[1404,2340],"product_tag":[],"class_list":{"0":"post-41129","1":"product","2":"type-product","3":"status-publish","4":"has-post-thumbnail","6":"product_cat-conduttore","7":"product_cat-conduttore-it","9":"first","10":"instock","11":"taxable","12":"shipping-taxable","13":"purchasable","14":"product-type-simple"},"_links":{"self":[{"href":"https:\/\/metal-badge.ch\/it\/wp-json\/wp\/v2\/product\/41129","targetHints":{"allow":["GET"]}}],"collection":[{"href":"https:\/\/metal-badge.ch\/it\/wp-json\/wp\/v2\/product"}],"about":[{"href":"https:\/\/metal-badge.ch\/it\/wp-json\/wp\/v2\/types\/product"}],"replies":[{"embeddable":true,"href":"https:\/\/metal-badge.ch\/it\/wp-json\/wp\/v2\/comments?post=41129"}],"wp:featuredmedia":[{"embeddable":true,"href":"https:\/\/metal-badge.ch\/it\/wp-json\/wp\/v2\/media\/41125"}],"wp:attachment":[{"href":"https:\/\/metal-badge.ch\/it\/wp-json\/wp\/v2\/media?parent=41129"}],"wp:term":[{"taxonomy":"product_brand","embeddable":true,"href":"https:\/\/metal-badge.ch\/it\/wp-json\/wp\/v2\/product_brand?post=41129"},{"taxonomy":"product_cat","embeddable":true,"href":"https:\/\/metal-badge.ch\/it\/wp-json\/wp\/v2\/product_cat?post=41129"},{"taxonomy":"product_tag","embeddable":true,"href":"https:\/\/metal-badge.ch\/it\/wp-json\/wp\/v2\/product_tag?post=41129"}],"curies":[{"name":"wp","href":"https:\/\/api.w.org\/{rel}","templated":true}]}}