{"id":41105,"date":"2017-10-03T16:21:51","date_gmt":"2017-10-03T16:21:51","guid":{"rendered":"https:\/\/shop.metal-badge.ch\/?product=astuccio-in-cuoio-economy-conduttore"},"modified":"2020-12-16T00:55:21","modified_gmt":"2020-12-15T23:55:21","slug":"astuccio-in-cuoio-economy-conduttore","status":"publish","type":"product","link":"https:\/\/metal-badge.ch\/it\/product\/41105\/astuccio-in-cuoio-economy-conduttore\/","title":{"rendered":"Astuccio in cuoio &#8220;Economy&#8221; conduttore"},"content":{"rendered":"<p>Astuccio in tessile cotone, formato verticale \u201eCamouflage &#8221; (colori di camuffamento) con grande scompartim\u00e9nto per monete e chiusura a bottone automatico.<\/p>\n<p>Al suo interno una finestra trasparente per carta d&#8217;identit\u00e0. Inoltre, ci sono 3 scompartim\u00e9nti per almeno 9 carte di credito. L&#8217;astuccio \u00e8 fornito di uno zip nero ed elegante. Un&#8217;altra separazione si trova sotto lo scompartim\u00e9nto a monete che offre pi\u00f9 nel posto per varie carte d&#8217;identit\u00e0, note, ricevute e 2 carte di credito, ecc.<\/p>\n<p>Due scompartim\u00e9nti distinti per le banconote sono anche contenuti nell&#8217;astuccio. Quest\u2019astuccio pu\u00f2 essere portato alla cintura di pantalone ed \u00e8 cos\u00ec perfettamente adattato per le attivit\u00e0 d&#8217;aria piena. Il supporto pratico pu\u00f2 essere facilmente fissato alla cintura con velcro e uno zip di sicurezza supplementare.<\/p>\n<p>Dimensione: larghezza 9 cm\/altezza 12.5 cm.<\/p>\n","protected":false},"excerpt":{"rendered":"<p>Astuccio in tessile cotone, formato verticale \u201eCamouflage &#8221; (colori di camuffamento) con grande scompartim\u00e9nto per monete e chiusura a bottone automatico. Al suo interno una finestra trasparente per carta d&#8217;identit\u00e0. Inoltre, ci sono 3 scompartim\u00e9nti per almeno 9 carte di credito. L&#8217;astuccio \u00e8 fornito di uno zip nero ed elegante. Un&#8217;altra separazione si trova sotto [&hellip;]<\/p>\n","protected":false},"featured_media":41101,"comment_status":"open","ping_status":"closed","template":"","meta":{"inline_featured_image":false},"product_brand":[],"product_cat":[1404,2340],"product_tag":[],"class_list":{"0":"post-41105","1":"product","2":"type-product","3":"status-publish","4":"has-post-thumbnail","6":"product_cat-conduttore","7":"product_cat-conduttore-it","9":"first","10":"instock","11":"taxable","12":"shipping-taxable","13":"purchasable","14":"product-type-simple"},"_links":{"self":[{"href":"https:\/\/metal-badge.ch\/it\/wp-json\/wp\/v2\/product\/41105","targetHints":{"allow":["GET"]}}],"collection":[{"href":"https:\/\/metal-badge.ch\/it\/wp-json\/wp\/v2\/product"}],"about":[{"href":"https:\/\/metal-badge.ch\/it\/wp-json\/wp\/v2\/types\/product"}],"replies":[{"embeddable":true,"href":"https:\/\/metal-badge.ch\/it\/wp-json\/wp\/v2\/comments?post=41105"}],"wp:featuredmedia":[{"embeddable":true,"href":"https:\/\/metal-badge.ch\/it\/wp-json\/wp\/v2\/media\/41101"}],"wp:attachment":[{"href":"https:\/\/metal-badge.ch\/it\/wp-json\/wp\/v2\/media?parent=41105"}],"wp:term":[{"taxonomy":"product_brand","embeddable":true,"href":"https:\/\/metal-badge.ch\/it\/wp-json\/wp\/v2\/product_brand?post=41105"},{"taxonomy":"product_cat","embeddable":true,"href":"https:\/\/metal-badge.ch\/it\/wp-json\/wp\/v2\/product_cat?post=41105"},{"taxonomy":"product_tag","embeddable":true,"href":"https:\/\/metal-badge.ch\/it\/wp-json\/wp\/v2\/product_tag?post=41105"}],"curies":[{"name":"wp","href":"https:\/\/api.w.org\/{rel}","templated":true}]}}