{"id":40456,"date":"2017-09-12T12:13:48","date_gmt":"2017-09-12T12:13:48","guid":{"rendered":"https:\/\/shop.metal-badge.ch\/?product=astuccio-in-cuoio-camouflage-ipa-lussemburgo"},"modified":"2017-09-12T12:17:14","modified_gmt":"2017-09-12T12:17:14","slug":"astuccio-in-cuoio-camouflage-ipa-lussemburgo","status":"publish","type":"product","link":"https:\/\/metal-badge.ch\/it\/product\/40456\/astuccio-in-cuoio-camouflage-ipa-lussemburgo\/","title":{"rendered":"Astuccio in cuoio &#8220;Camouflage&#8221; IPA Lussemburgo"},"content":{"rendered":"<p>Astuccio di cuoio al formato verticale di colore camuffamento (rivestimento tessile). Fabbricato all&#8217;esterno come all\u2019interno con un bello strato chiaro. L&#8217;interno di quest\u2019astuccio \u00e8 fabbricato con un liscio esclusivo cuoio di vitello marrone. L&#8217;astuccio \u00e8 fornito di una finestra per carta d&#8217;identit\u00e0 e di tre scompartim\u00e9nti per carte di credito, per almeno 6 a 9 carte di credito.<br \/>\nInoltre, due scompartim\u00e9nti distinti per le banconote si trovano nell&#8217;astuccio. Lo scompartim\u00e9nto elegante a monete con bottone a pressione offre sufficientemente posto per la vostra moneta. Un altro piccolo scompartim\u00e9nto per varie note e carte d&#8217;identit\u00e0 si trova sotto lo scompartim\u00e9nto a moneta.<br \/>\nQuest\u2019astuccio pu\u00f2 essere portato alla cintura di pantalone ed \u00e8 cos\u00ec perfettamente adattato per le attivit\u00e0 d&#8217;aria piena. Il supporto pratico pu\u00f2 facilmente essere fissato alla cintura con velcro e uno zip di sicurezza supplementare.<\/p>\n<p>\nDimensione: larghezza 9,5 cm\/altezza 12,5 cm<\/p>\n<p>L&#8217;astuccio \u00e8 disponibile con o senza supporto.<\/p>\n","protected":false},"excerpt":{"rendered":"<p>Astuccio di cuoio al formato verticale di colore camuffamento (rivestimento tessile). Fabbricato all&#8217;esterno come all\u2019interno con un bello strato chiaro. L&#8217;interno di quest\u2019astuccio \u00e8 fabbricato con un liscio esclusivo cuoio di vitello marrone. L&#8217;astuccio \u00e8 fornito di una finestra per carta d&#8217;identit\u00e0 e di tre scompartim\u00e9nti per carte di credito, per almeno 6 a 9 [&hellip;]<\/p>\n","protected":false},"featured_media":89302,"comment_status":"open","ping_status":"closed","template":"","meta":{"inline_featured_image":false},"product_brand":[],"product_cat":[1392],"product_tag":[],"class_list":{"0":"post-40456","1":"product","2":"type-product","3":"status-publish","4":"has-post-thumbnail","6":"product_cat-lussemburgo","8":"first","9":"instock","10":"taxable","11":"shipping-taxable","12":"purchasable","13":"product-type-simple"},"_links":{"self":[{"href":"https:\/\/metal-badge.ch\/it\/wp-json\/wp\/v2\/product\/40456","targetHints":{"allow":["GET"]}}],"collection":[{"href":"https:\/\/metal-badge.ch\/it\/wp-json\/wp\/v2\/product"}],"about":[{"href":"https:\/\/metal-badge.ch\/it\/wp-json\/wp\/v2\/types\/product"}],"replies":[{"embeddable":true,"href":"https:\/\/metal-badge.ch\/it\/wp-json\/wp\/v2\/comments?post=40456"}],"wp:featuredmedia":[{"embeddable":true,"href":"https:\/\/metal-badge.ch\/it\/wp-json\/wp\/v2\/media\/89302"}],"wp:attachment":[{"href":"https:\/\/metal-badge.ch\/it\/wp-json\/wp\/v2\/media?parent=40456"}],"wp:term":[{"taxonomy":"product_brand","embeddable":true,"href":"https:\/\/metal-badge.ch\/it\/wp-json\/wp\/v2\/product_brand?post=40456"},{"taxonomy":"product_cat","embeddable":true,"href":"https:\/\/metal-badge.ch\/it\/wp-json\/wp\/v2\/product_cat?post=40456"},{"taxonomy":"product_tag","embeddable":true,"href":"https:\/\/metal-badge.ch\/it\/wp-json\/wp\/v2\/product_tag?post=40456"}],"curies":[{"name":"wp","href":"https:\/\/api.w.org\/{rel}","templated":true}]}}