{"id":40432,"date":"2017-09-12T11:48:43","date_gmt":"2017-09-12T11:48:43","guid":{"rendered":"https:\/\/shop.metal-badge.ch\/?product=astuccio-in-cuoio-advanced-ipa-lussemburgo"},"modified":"2017-09-12T11:51:47","modified_gmt":"2017-09-12T11:51:47","slug":"astuccio-in-cuoio-advanced-ipa-lussemburgo","status":"publish","type":"product","link":"https:\/\/metal-badge.ch\/it\/product\/40432\/astuccio-in-cuoio-advanced-ipa-lussemburgo\/","title":{"rendered":"Astuccio in cuoio &#8220;Advanced&#8221; IPA Lussemburgo"},"content":{"rendered":"<p>Astuccio di cuoio vachette nero ribaltabile al formato pratico. Un scomparto per moneta con chiusura con bottone e badge sulla parte esterna \u00e8 adeguato a questo astuccio. Finestra per carte d&#8217;identit\u00e0 e scomparti supplementari per 6 a 7 carte di credito. Un scomparto a biglietti \u00e8 incluso nel nell&#8217;astuccio. Dimensioni: larghezza 10,5 centimetri \/ altezza 7,5 cm.<\/p>\n<p>Attenzione : Ottenibili esclusivamente per Soci IPA!<\/p>\n","protected":false},"excerpt":{"rendered":"<p>Astuccio di cuoio vachette nero ribaltabile al formato pratico. Un scomparto per moneta con chiusura con bottone e badge sulla parte esterna \u00e8 adeguato a questo astuccio. Finestra per carte d&#8217;identit\u00e0 e scomparti supplementari per 6 a 7 carte di credito. Un scomparto a biglietti \u00e8 incluso nel nell&#8217;astuccio. Dimensioni: larghezza 10,5 centimetri \/ altezza [&hellip;]<\/p>\n","protected":false},"featured_media":89310,"comment_status":"open","ping_status":"closed","template":"","meta":{"inline_featured_image":false},"product_brand":[],"product_cat":[1392],"product_tag":[],"class_list":{"0":"post-40432","1":"product","2":"type-product","3":"status-publish","4":"has-post-thumbnail","6":"product_cat-lussemburgo","8":"first","9":"instock","10":"taxable","11":"shipping-taxable","12":"purchasable","13":"product-type-simple"},"_links":{"self":[{"href":"https:\/\/metal-badge.ch\/it\/wp-json\/wp\/v2\/product\/40432","targetHints":{"allow":["GET"]}}],"collection":[{"href":"https:\/\/metal-badge.ch\/it\/wp-json\/wp\/v2\/product"}],"about":[{"href":"https:\/\/metal-badge.ch\/it\/wp-json\/wp\/v2\/types\/product"}],"replies":[{"embeddable":true,"href":"https:\/\/metal-badge.ch\/it\/wp-json\/wp\/v2\/comments?post=40432"}],"wp:featuredmedia":[{"embeddable":true,"href":"https:\/\/metal-badge.ch\/it\/wp-json\/wp\/v2\/media\/89310"}],"wp:attachment":[{"href":"https:\/\/metal-badge.ch\/it\/wp-json\/wp\/v2\/media?parent=40432"}],"wp:term":[{"taxonomy":"product_brand","embeddable":true,"href":"https:\/\/metal-badge.ch\/it\/wp-json\/wp\/v2\/product_brand?post=40432"},{"taxonomy":"product_cat","embeddable":true,"href":"https:\/\/metal-badge.ch\/it\/wp-json\/wp\/v2\/product_cat?post=40432"},{"taxonomy":"product_tag","embeddable":true,"href":"https:\/\/metal-badge.ch\/it\/wp-json\/wp\/v2\/product_tag?post=40432"}],"curies":[{"name":"wp","href":"https:\/\/api.w.org\/{rel}","templated":true}]}}