{"id":40074,"date":"2017-08-30T02:43:39","date_gmt":"2017-08-30T02:43:39","guid":{"rendered":"https:\/\/shop.metal-badge.ch\/?product=bracciale-con-badge-remarkable-ipa-cipro"},"modified":"2017-08-30T02:52:00","modified_gmt":"2017-08-30T02:52:00","slug":"bracciale-con-badge-remarkable-ipa-cipro","status":"publish","type":"product","link":"https:\/\/metal-badge.ch\/it\/product\/40074\/bracciale-con-badge-remarkable-ipa-cipro\/","title":{"rendered":"Bracciale con badge &#8220;Remarkable&#8221; IPA Cipro"},"content":{"rendered":"<p><font><font>Bracciale con placa porta-cellulare.\u00a0<\/font><\/font><\/p>\n<p><font><font>Questo pu\u00f2 essere bracciale elastico comodamente adattato al braccio della Indossa persona che lo. <\/font><font>Il bracciale \u00e8 di dotato velcro particolare ONU. <\/font><font>Questo bracciale multifunzione ha Una porta trasparente Finestrella-ed ONU documento supporto porta-placa. <\/font><font>Il insignia pu\u00f2 essere estratto dal supporto con pochi movimenti. <\/font><font>Sul bracciale vi sono diversa strisce di velcro por applicarvi delle scritte. <\/font><font>Inclusa nel prezzo c&#8217;\u00e8 la parche en gomma con la scritta &#8220;polic\u00eda&#8221; oppure &#8220;seguridad&#8221; che pu\u00f2 essere applicata tramite velcro. <\/font><font>La <\/font><\/font><strong><font><font>parche en tessuto<\/font><\/font><\/strong><font><font> con La Bandiera (Svizzera) pu\u00f2 essere acquistata opzionalmente Cosi Come Una parche en Gomma Con La scritta <\/font><\/font><strong><font><font>Suiza<\/font><\/font><\/strong><font><font> . <\/font><font>Anche Queste sono di dotate velcro e possono essere attaccate al bracciale.<\/font><\/font><\/p>\n<p><strong><font><font>En quest&#8217;offerta \u00e8 anche il INCLUIDO ONU cellulare porta telefono. <\/font><\/font><\/strong><font><font>\u00a0 \u00a0 \u00a0 \u00a0 \u00a0 \u00a0 \u00a0 \u00a0 \u00a0 \u00a0 \u00a0 \u00a0 \u00a0 \u00a0 \u00a0 \u00a0 \u00a0 \u00a0 \u00a0 \u00a0 \u00a0 \u00a0 Dimensioni porta-telefono: altezza 14 cm \/ 8 cm larghezza \/ SPESSORE 1,5 cm<\/font><\/font><\/p>\n<p><font><font>Il &#8221; <\/font><\/font><strong><font><font>porta telefono cellulare<\/font><\/font><\/strong><font><font> &#8221; \u00e8 realizzato en Cordura sustantivo resistente ed ha esternamente ONU portapenne, dalla parte interna invece Possiede ONU bottone con chiusura un pressione e un velcro di sicurezza. <\/font><font>Questo pu\u00f2 essere porta-cellulare montato comodamente sul bracciale sopra il placa tramite il bottone un pressione ed il velcro. <\/font><font>En tal Modo il supporto del insignia no sar\u00e0 pi\u00f9 visibile. <\/font><font>Adatto Civili ad attivit\u00e0, tempo libero, ad esempio trotar ECC. <\/font><font>Il porta telefono cellulare pu\u00f2 essere chiaramente rimosso dal bracciale ed utilizzato vienen por supporto cintura.<\/font><\/font><\/p>\n<p>\u00a0<\/p>\n<p><strong><font><font>Descripci\u00f3n del prodotto:\u00a0<\/font><\/font><\/strong><\/p>\n<p><strong><font><font>Colore:<\/font><\/font><\/strong><font><font> Nero<\/font><\/font><\/p>\n<p><strong><font><font>Materiales:\u00a0 <\/font><\/font><\/strong><font><font> Bandiera svizzera: parche en stoffa 5 cm \u00d7 5 cm<\/font><\/font><\/p>\n<p><strong><font><font>Dimensioni bracciale:<\/font><\/font><\/strong><\/p>\n<p><font><font>Lunghezza 37 cm \/ 8 cm altezza la larghezza pu\u00f2 essere regolata individually.<\/font><\/font><\/p>\n<p><strong><font><font>Dimensioni porta telefono cellulare:<\/font><\/font><\/strong><\/p>\n<p><font><font>Con portapenne elastico<\/font><\/font><\/p>\n<p><font><font>Dimensioni porta-telefono: altezza 14 cm \/ 8 cm larghezza \/ SPESSORE 1,5 cm<\/font><\/font><\/p>\n<p>\u00a0<\/p>\n<p><strong><font><font>Prezzo:<\/font><\/font><\/strong><font><font> con placa e parche en Gomma <\/font><\/font><strong><font><font>POLIC\u00cdA<\/font><\/font><\/strong><font><font> O <\/font><\/font><strong><font><font>SEGURIDAD<\/font><\/font><\/strong><font><font> 89.-\u00a0<\/font><\/font><\/p>\n<p><font><font>Suplemento: con Bandiera Svizzera bordado Plus + 8.-\u00a0<\/font><\/font><\/p>\n<p><font><font>Suplemento: patch con Suiza plus + 8.-<\/font><\/font><\/p>\n","protected":false},"excerpt":{"rendered":"<p>Bracciale con placa porta-cellulare.\u00a0 Questo pu\u00f2 essere bracciale elastico comodamente adattato al braccio della Indossa persona che lo. Il bracciale \u00e8 di dotato velcro particolare ONU. Questo bracciale multifunzione ha Una porta trasparente Finestrella-ed ONU documento supporto porta-placa. Il insignia pu\u00f2 essere estratto dal supporto con pochi movimenti. Sul bracciale vi sono diversa strisce di [&hellip;]<\/p>\n","protected":false},"featured_media":89420,"comment_status":"open","ping_status":"closed","template":"","meta":{"inline_featured_image":false},"product_brand":[],"product_cat":[1388],"product_tag":[],"class_list":{"0":"post-40074","1":"product","2":"type-product","3":"status-publish","4":"has-post-thumbnail","6":"product_cat-cipro","8":"first","9":"instock","10":"taxable","11":"shipping-taxable","12":"purchasable","13":"product-type-simple"},"_links":{"self":[{"href":"https:\/\/metal-badge.ch\/it\/wp-json\/wp\/v2\/product\/40074","targetHints":{"allow":["GET"]}}],"collection":[{"href":"https:\/\/metal-badge.ch\/it\/wp-json\/wp\/v2\/product"}],"about":[{"href":"https:\/\/metal-badge.ch\/it\/wp-json\/wp\/v2\/types\/product"}],"replies":[{"embeddable":true,"href":"https:\/\/metal-badge.ch\/it\/wp-json\/wp\/v2\/comments?post=40074"}],"wp:featuredmedia":[{"embeddable":true,"href":"https:\/\/metal-badge.ch\/it\/wp-json\/wp\/v2\/media\/89420"}],"wp:attachment":[{"href":"https:\/\/metal-badge.ch\/it\/wp-json\/wp\/v2\/media?parent=40074"}],"wp:term":[{"taxonomy":"product_brand","embeddable":true,"href":"https:\/\/metal-badge.ch\/it\/wp-json\/wp\/v2\/product_brand?post=40074"},{"taxonomy":"product_cat","embeddable":true,"href":"https:\/\/metal-badge.ch\/it\/wp-json\/wp\/v2\/product_cat?post=40074"},{"taxonomy":"product_tag","embeddable":true,"href":"https:\/\/metal-badge.ch\/it\/wp-json\/wp\/v2\/product_tag?post=40074"}],"curies":[{"name":"wp","href":"https:\/\/api.w.org\/{rel}","templated":true}]}}