{"id":39076,"date":"2017-04-22T12:25:01","date_gmt":"2017-04-22T12:25:01","guid":{"rendered":"https:\/\/shop.metal-badge.ch\/?product=guinzaglio-per-cani-tattico-elastico-con-tirante-per-tenere-il-cane"},"modified":"2017-04-22T12:30:29","modified_gmt":"2017-04-22T12:30:29","slug":"guinzaglio-per-cani-tattico-elastico-con-tirante-per-tenere-il-cane","status":"publish","type":"product","link":"https:\/\/metal-badge.ch\/it\/product\/39076\/guinzaglio-per-cani-tattico-elastico-con-tirante-per-tenere-il-cane\/","title":{"rendered":"Guinzaglio per cani tattico, elastico con tirante per tenere il cane"},"content":{"rendered":"<p>Questo guinzaglio tattico per cani con una lunghezza di 127 cm \u00e8 allungabile fino a 157 cm e \u00e8 parte integrante della dotazione di Polizia, esercito, sicurezza o cani da caccia. Questo guinzaglio \u00e8 ideale anche per cani con guida per escursioni, jogging o ciclismo. Il guinzaglio \u00e8 realizzato in robusto nylon di ottima qualit\u00e0 ed estremamente resistenze. La chiusura in metallo \u00e8 anche dotata di una carabina. Sulla parte anteriore del guinzaglio c\u2019\u00e9 un tirante con il quale si pu\u00f2 tenere il cane comodamente.\u00a0<\/p>\n<p>\u00a0<\/p>\n<p><strong>Informazioni prodotto:<\/strong><br \/>\nCuciture di sicurezza saldate<br \/>\nEstrema robustezza e resistenza nel tempo<br \/>\nIl guinzaglio \u00e8 lavabile<br \/>\nUtilizzo facile e maneggevole<br \/>\nPeso:\u00a0 170 gr.\u00a0\u00a0\u00a0\u00a0\u00a0\u00a0\u00a0\u00a0\u00a0\u00a0\u00a0\u00a0\u00a0\u00a0\u00a0\u00a0\u00a0\u00a0\u00a0\u00a0\u00a0\u00a0\u00a0\u00a0\u00a0\u00a0\u00a0\u00a0\u00a0\u00a0\u00a0\u00a0\u00a0\u00a0\u00a0\u00a0\u00a0\u00a0\u00a0\u00a0\u00a0\u00a0\u00a0\u00a0\u00a0\u00a0\u00a0\u00a0\u00a0\u00a0\u00a0\u00a0\u00a0\u00a0\u00a0\u00a0\u00a0\u00a0\u00a0\u00a0\u00a0\u00a0\u00a0\u00a0\u00a0\u00a0\u00a0\u00a0\u00a0\u00a0\u00a0\u00a0\u00a0\u00a0\u00a0\u00a0\u00a0\u00a0\u00a0\u00a0\u00a0\u00a0\u00a0\u00a0\u00a0\u00a0\u00a0\u00a0\u00a0\u00a0\u00a0\u00a0\u00a0\u00a0\u00a0\u00a0\u00a0\u00a0<br \/>\nLarghezza: 30 mm<br \/>\nLunghezza: 127 cm allungabile fino a 157 cm\u00a0<br \/>\nColore:\u00a0 nero<\/p>\n<p>Nella confezione c\u2019\u00e8 solo il guinzaglio e non il collare.<\/p>\n","protected":false},"excerpt":{"rendered":"<p>Questo guinzaglio tattico per cani con una lunghezza di 127 cm \u00e8 allungabile fino a 157 cm e \u00e8 parte integrante della dotazione di Polizia, esercito, sicurezza o cani da caccia. Questo guinzaglio \u00e8 ideale anche per cani con guida per escursioni, jogging o ciclismo. Il guinzaglio \u00e8 realizzato in robusto nylon di ottima qualit\u00e0 [&hellip;]<\/p>\n","protected":false},"featured_media":101144,"comment_status":"open","ping_status":"closed","template":"","meta":{"inline_featured_image":false},"product_brand":[],"product_cat":[1372],"product_tag":[1774,1782,1766],"class_list":{"0":"post-39076","1":"product","2":"type-product","3":"status-publish","4":"has-post-thumbnail","6":"product_cat-accessori-per-il-cane","7":"product_tag-caccia-pesca","8":"product_tag-polizia-sicurezza","9":"product_tag-sport-outdoor-it","11":"first","12":"instock","13":"taxable","14":"shipping-taxable","15":"purchasable","16":"product-type-simple"},"_links":{"self":[{"href":"https:\/\/metal-badge.ch\/it\/wp-json\/wp\/v2\/product\/39076","targetHints":{"allow":["GET"]}}],"collection":[{"href":"https:\/\/metal-badge.ch\/it\/wp-json\/wp\/v2\/product"}],"about":[{"href":"https:\/\/metal-badge.ch\/it\/wp-json\/wp\/v2\/types\/product"}],"replies":[{"embeddable":true,"href":"https:\/\/metal-badge.ch\/it\/wp-json\/wp\/v2\/comments?post=39076"}],"wp:featuredmedia":[{"embeddable":true,"href":"https:\/\/metal-badge.ch\/it\/wp-json\/wp\/v2\/media\/101144"}],"wp:attachment":[{"href":"https:\/\/metal-badge.ch\/it\/wp-json\/wp\/v2\/media?parent=39076"}],"wp:term":[{"taxonomy":"product_brand","embeddable":true,"href":"https:\/\/metal-badge.ch\/it\/wp-json\/wp\/v2\/product_brand?post=39076"},{"taxonomy":"product_cat","embeddable":true,"href":"https:\/\/metal-badge.ch\/it\/wp-json\/wp\/v2\/product_cat?post=39076"},{"taxonomy":"product_tag","embeddable":true,"href":"https:\/\/metal-badge.ch\/it\/wp-json\/wp\/v2\/product_tag?post=39076"}],"curies":[{"name":"wp","href":"https:\/\/api.w.org\/{rel}","templated":true}]}}