{"id":38980,"date":"2017-04-21T18:47:19","date_gmt":"2017-04-21T18:47:19","guid":{"rendered":"https:\/\/shop.metal-badge.ch\/?product=giacca-a-vento-senza-maniche-bike-wear"},"modified":"2021-06-28T13:50:55","modified_gmt":"2021-06-28T11:50:55","slug":"giacca-a-vento-senza-maniche-bike-wear-2","status":"publish","type":"product","link":"https:\/\/metal-badge.ch\/it\/product\/38980\/giacca-a-vento-senza-maniche-bike-wear-2\/","title":{"rendered":"Giacca a vento senza maniche \/ Bike wear"},"content":{"rendered":"<p>Senza maniche e comunque perfettamente protetti. Con questo morbido gilet per la biciclette il divertimento in bici anche in caso di basse temperature \u00e8 assicurato. Molto comfortevole con un perfetto taglio che si adatta al corpo. Questo gilet si distingue perch\u00e8 chi lo indossa ha una estrema libert\u00e0 di movimento. Parte posteriore allungata con tre tasche elastiche divise. La retina presente sulla schiena offre un\u2019ottimale ventilazione. La cerniera \u00e8 posta all\u2019interno e protegge dal vento. Elastici sulla vita e attorno alle maniche. Questa giacca a vento senza maniche \u00e8 leggera, occupa poco spazio e pu\u00f2 essere sempre facilmente riposta nel bagaglio.<\/p>\n<p>\u00a0<\/p>\n<p><strong>Informazioni prodotto:<\/strong><\/p>\n<p>Marca: Soomom<br \/>\nMateriale impermeabile, morbido che protegge dal vento, traspirante\u00a0<br \/>\nAppiglio per la cerniera per una facile apertura.<br \/>\nCerniera frontale<br \/>\nLa cerniera \u00e8 posta all\u2019interno e protegge dal vento<br \/>\nCopricerniera<br \/>\nBavero innalzato con forma ergonomica<br \/>\nParte posteriore allungata<br \/>\nTasca posteriore<br \/>\nMateriale posteriore: rete al 100 % in nylon e poliamide<br \/>\nMateriale anteriore: 100 % poliestere<br \/>\nPeso. circa 140 gr.<br \/>\nColore: blu \/ rosso \/ nero<br \/>\nMisure: S, M, L, XL\u00a0\u00a0\u00a0\u00a0\u00a0\u00a0\u00a0\u00a0\u00a0\u00a0\u00a0\u00a0\u00a0\u00a0\u00a0\u00a0\u00a0\u00a0\u00a0\u00a0\u00a0\u00a0\u00a0\u00a0\u00a0\u00a0\u00a0\u00a0\u00a0\u00a0\u00a0\u00a0\u00a0\u00a0\u00a0\u00a0\u00a0\u00a0\u00a0\u00a0\u00a0\u00a0\u00a0\u00a0\u00a0\u00a0\u00a0\u00a0\u00a0\u00a0\u00a0\u00a0\u00a0\u00a0\u00a0\u00a0\u00a0\u00a0\u00a0\u00a0\u00a0\u00a0\u00a0\u00a0\u00a0\u00a0\u00a0\u00a0\u00a0\u00a0\u00a0\u00a0\u00a0\u00a0\u00a0\u00a0\u00a0\u00a0\u00a0\u00a0\u00a0\u00a0\u00a0\u00a0\u00a0\u00a0\u00a0\u00a0\u00a0\u00a0\u00a0\u00a0\u00a0\u00a0\u00a0\u00a0\u00a0\u00a0\u00a0\u00a0\u00a0\u00a0\u00a0\u00a0\u00a0\u00a0\u00a0\u00a0\u00a0\u00a0\u00a0\u00a0\u00a0\u00a0<\/p>\n","protected":false},"excerpt":{"rendered":"<p>Senza maniche e comunque perfettamente protetti. Con questo morbido gilet per la biciclette il divertimento in bici anche in caso di basse temperature \u00e8 assicurato. Molto comfortevole con un perfetto taglio che si adatta al corpo. Questo gilet si distingue perch\u00e8 chi lo indossa ha una estrema libert\u00e0 di movimento. Parte posteriore allungata con tre [&hellip;]<\/p>\n","protected":false},"featured_media":38974,"comment_status":"open","ping_status":"closed","template":"","meta":{"inline_featured_image":false},"product_brand":[],"product_cat":[1599,2216],"product_tag":[1774,1766],"class_list":{"0":"post-38980","1":"product","2":"type-product","3":"status-publish","4":"has-post-thumbnail","6":"product_cat-giacca-a-vento","7":"product_cat-gilet_tattici","8":"product_tag-caccia-pesca","9":"product_tag-sport-outdoor-it","11":"first","12":"instock","13":"taxable","14":"shipping-taxable","15":"purchasable","16":"product-type-simple"},"_links":{"self":[{"href":"https:\/\/metal-badge.ch\/it\/wp-json\/wp\/v2\/product\/38980","targetHints":{"allow":["GET"]}}],"collection":[{"href":"https:\/\/metal-badge.ch\/it\/wp-json\/wp\/v2\/product"}],"about":[{"href":"https:\/\/metal-badge.ch\/it\/wp-json\/wp\/v2\/types\/product"}],"replies":[{"embeddable":true,"href":"https:\/\/metal-badge.ch\/it\/wp-json\/wp\/v2\/comments?post=38980"}],"wp:featuredmedia":[{"embeddable":true,"href":"https:\/\/metal-badge.ch\/it\/wp-json\/wp\/v2\/media\/38974"}],"wp:attachment":[{"href":"https:\/\/metal-badge.ch\/it\/wp-json\/wp\/v2\/media?parent=38980"}],"wp:term":[{"taxonomy":"product_brand","embeddable":true,"href":"https:\/\/metal-badge.ch\/it\/wp-json\/wp\/v2\/product_brand?post=38980"},{"taxonomy":"product_cat","embeddable":true,"href":"https:\/\/metal-badge.ch\/it\/wp-json\/wp\/v2\/product_cat?post=38980"},{"taxonomy":"product_tag","embeddable":true,"href":"https:\/\/metal-badge.ch\/it\/wp-json\/wp\/v2\/product_tag?post=38980"}],"curies":[{"name":"wp","href":"https:\/\/api.w.org\/{rel}","templated":true}]}}