{"id":38951,"date":"2017-04-21T16:09:51","date_gmt":"2017-04-21T16:09:51","guid":{"rendered":"https:\/\/shop.metal-badge.ch\/?product=pastore-tedesco-police-dog"},"modified":"2017-04-21T16:18:45","modified_gmt":"2017-04-21T16:18:45","slug":"pastore-tedesco-police-dog","status":"publish","type":"product","link":"https:\/\/metal-badge.ch\/it\/product\/38951\/pastore-tedesco-police-dog\/","title":{"rendered":"Pastore tedesco &#8220;POLICE \u2013 Dog&#8221;"},"content":{"rendered":"<p>Per collezionisti e bambini da circa 15 anni in su. Il cane poliziozzo con guinzaglio e giubbotto antiproiettile. Il cane \u00e8 realizzato con assoluta cura per il dettaglio ed autenticit\u00e0. La scala \u00e8 di 1\/6. Viene consegnato con la confezione originale come si vede dalla foto.<\/p>\n<p>Lunghezza: 21 cm \/ altezza fino alla testa 10.5 cm<br \/>\nPeso: 89 gr.<\/p>\n<p>Oltre cane abbiamo altri personaggi in offerta. Date un\u2019occhiate nel nostro shop.<\/p>\n<p>\u00a0<\/p>\n<div style=\"width: 100%; height: auto;\"><img decoding=\"async\" src=\"https:\/\/metal-badge.ch\/wp-content\/uploads\/content\/dog2_2nd.jpg\" style=\"float:left; height:auto; width:50%\" alt=\"\"> <img decoding=\"async\" src=\"https:\/\/metal-badge.ch\/wp-content\/uploads\/content\/dog3_2nd.jpg\" style=\"float:left; height:auto; width:50%\" alt=\"\"> <img decoding=\"async\" src=\"https:\/\/metal-badge.ch\/wp-content\/uploads\/content\/dog4_2nd.jpg\" style=\"float:left; height:auto; width:50%\" alt=\"\"> <img decoding=\"async\" src=\"https:\/\/metal-badge.ch\/wp-content\/uploads\/content\/dog5_2nd.jpg\" style=\"float:left; height:auto; width:50%\" alt=\"\"> <img decoding=\"async\" src=\"https:\/\/metal-badge.ch\/wp-content\/uploads\/content\/dog6_2nd.jpg\" style=\"float:left; height:auto; width:50%\" alt=\"\"> <img decoding=\"async\" src=\"https:\/\/metal-badge.ch\/wp-content\/uploads\/content\/dog1_2nd.gif\" style=\"float:left; height:auto; width:50%\" alt=\"\"><\/div>\n<p style=\"clear: both;\">\u00a0<\/p>\n","protected":false},"excerpt":{"rendered":"<p>Per collezionisti e bambini da circa 15 anni in su. Il cane poliziozzo con guinzaglio e giubbotto antiproiettile. Il cane \u00e8 realizzato con assoluta cura per il dettaglio ed autenticit\u00e0. La scala \u00e8 di 1\/6. Viene consegnato con la confezione originale come si vede dalla foto. Lunghezza: 21 cm \/ altezza fino alla testa 10.5 [&hellip;]<\/p>\n","protected":false},"featured_media":89690,"comment_status":"open","ping_status":"closed","template":"","meta":{"inline_featured_image":false},"product_brand":[],"product_cat":[1212],"product_tag":[1790],"class_list":{"0":"post-38951","1":"product","2":"type-product","3":"status-publish","4":"has-post-thumbnail","6":"product_cat-bambini-divertimento","7":"product_tag-bambini-divertimento","9":"first","10":"instock","11":"taxable","12":"shipping-taxable","13":"purchasable","14":"product-type-simple"},"_links":{"self":[{"href":"https:\/\/metal-badge.ch\/it\/wp-json\/wp\/v2\/product\/38951","targetHints":{"allow":["GET"]}}],"collection":[{"href":"https:\/\/metal-badge.ch\/it\/wp-json\/wp\/v2\/product"}],"about":[{"href":"https:\/\/metal-badge.ch\/it\/wp-json\/wp\/v2\/types\/product"}],"replies":[{"embeddable":true,"href":"https:\/\/metal-badge.ch\/it\/wp-json\/wp\/v2\/comments?post=38951"}],"wp:featuredmedia":[{"embeddable":true,"href":"https:\/\/metal-badge.ch\/it\/wp-json\/wp\/v2\/media\/89690"}],"wp:attachment":[{"href":"https:\/\/metal-badge.ch\/it\/wp-json\/wp\/v2\/media?parent=38951"}],"wp:term":[{"taxonomy":"product_brand","embeddable":true,"href":"https:\/\/metal-badge.ch\/it\/wp-json\/wp\/v2\/product_brand?post=38951"},{"taxonomy":"product_cat","embeddable":true,"href":"https:\/\/metal-badge.ch\/it\/wp-json\/wp\/v2\/product_cat?post=38951"},{"taxonomy":"product_tag","embeddable":true,"href":"https:\/\/metal-badge.ch\/it\/wp-json\/wp\/v2\/product_tag?post=38951"}],"curies":[{"name":"wp","href":"https:\/\/api.w.org\/{rel}","templated":true}]}}