{"id":38907,"date":"2017-04-21T09:47:38","date_gmt":"2017-04-21T09:47:38","guid":{"rendered":"https:\/\/shop.metal-badge.ch\/?product=antifurto-fotocamera-per-animali-selvatici"},"modified":"2020-08-02T02:30:48","modified_gmt":"2020-08-02T02:30:48","slug":"antifurto-fotocamera-per-animali-selvatici","status":"publish","type":"product","link":"https:\/\/metal-badge.ch\/it\/product\/38907\/antifurto-fotocamera-per-animali-selvatici\/","title":{"rendered":"Antifurto fotocamera per animali selvatici"},"content":{"rendered":"<p>Proteggete la Vostra fotocamera per animali selvaggi con questo antifurto in metallo. Per tutti i tipi diffusi di fotocamera per animali selvatici con o senza antenna. La parte anteriore si pu\u00f2 ribaltare verso il basso. \u00c8 possibile applicare un lucchetto sulla parte superiore..<\/p>\n<p>Inoltre nella confezione \u00e8 inclusa una piastra per il fissaggio con un giunto regolabile e 4 viti alla parte posteriore del box..\u00a0\u00a0<\/p>\n<p>\u00a0<\/p>\n<p><strong>Informazioni prodotto:<\/strong><br \/>\nPeso: 950 gr.<br \/>\nMateriale: Metallo<br \/>\nColore: nero<br \/>\nDimensioni interne: altezza 15.5 cm \/ larghezza 10.5 cm \/ profondit\u00e0 7.0 cm<\/p>\n","protected":false},"excerpt":{"rendered":"<p>Proteggete la Vostra fotocamera per animali selvaggi con questo antifurto in metallo. Per tutti i tipi diffusi di fotocamera per animali selvatici con o senza antenna. La parte anteriore si pu\u00f2 ribaltare verso il basso. \u00c8 possibile applicare un lucchetto sulla parte superiore.. Inoltre nella confezione \u00e8 inclusa una piastra per il fissaggio con un [&hellip;]<\/p>\n","protected":false},"featured_media":89694,"comment_status":"open","ping_status":"closed","template":"","meta":{"inline_featured_image":false},"product_brand":[],"product_cat":[1348,1711],"product_tag":[1770,1774,1778,1782,1766],"class_list":{"0":"post-38907","1":"product","2":"type-product","3":"status-publish","4":"has-post-thumbnail","6":"product_cat-accessori-per-esercito-caccia","7":"product_cat-fotocamere-dash-cams","8":"product_tag-army-survival-it","9":"product_tag-caccia-pesca","10":"product_tag-campeggio-viaggio","11":"product_tag-polizia-sicurezza","12":"product_tag-sport-outdoor-it","14":"first","15":"instock","16":"taxable","17":"shipping-taxable","18":"purchasable","19":"product-type-simple"},"_links":{"self":[{"href":"https:\/\/metal-badge.ch\/it\/wp-json\/wp\/v2\/product\/38907","targetHints":{"allow":["GET"]}}],"collection":[{"href":"https:\/\/metal-badge.ch\/it\/wp-json\/wp\/v2\/product"}],"about":[{"href":"https:\/\/metal-badge.ch\/it\/wp-json\/wp\/v2\/types\/product"}],"replies":[{"embeddable":true,"href":"https:\/\/metal-badge.ch\/it\/wp-json\/wp\/v2\/comments?post=38907"}],"wp:featuredmedia":[{"embeddable":true,"href":"https:\/\/metal-badge.ch\/it\/wp-json\/wp\/v2\/media\/89694"}],"wp:attachment":[{"href":"https:\/\/metal-badge.ch\/it\/wp-json\/wp\/v2\/media?parent=38907"}],"wp:term":[{"taxonomy":"product_brand","embeddable":true,"href":"https:\/\/metal-badge.ch\/it\/wp-json\/wp\/v2\/product_brand?post=38907"},{"taxonomy":"product_cat","embeddable":true,"href":"https:\/\/metal-badge.ch\/it\/wp-json\/wp\/v2\/product_cat?post=38907"},{"taxonomy":"product_tag","embeddable":true,"href":"https:\/\/metal-badge.ch\/it\/wp-json\/wp\/v2\/product_tag?post=38907"}],"curies":[{"name":"wp","href":"https:\/\/api.w.org\/{rel}","templated":true}]}}