{"id":38464,"date":"2017-04-20T14:18:08","date_gmt":"2017-04-20T14:18:08","guid":{"rendered":"https:\/\/shop.metal-badge.ch\/?product=pala-multifunzione-di-colore-dorato"},"modified":"2025-06-01T00:23:43","modified_gmt":"2025-05-31T22:23:43","slug":"pala-multifunzione-di-colore-dorato","status":"publish","type":"product","link":"https:\/\/metal-badge.ch\/it\/product\/38464\/pala-multifunzione-di-colore-dorato\/","title":{"rendered":"Pala multifunzione di colore dorato"},"content":{"rendered":"<p>Pala, ascia, fischietto, sega, pietra focaia, cacciavite, apribottiglia, coltello, pinza, martello: questa pala multifunzione \u00e8 tutto ci\u00f2 ed altro ancora. Ideale per attivit\u00e0 outdoor, per il campeggio, per la pesca, per la caccia ecc. Pronta all\u2019uso in pochi secondi. Questa pala leggera ma estremamente robusta con manico in alluminio utilizzato nell\u2019industria aerospaziale \u00e8 resistente ed \u00e8 di un\u2019ottima qualit\u00e0. La parte in alluminio \u00e8 smontabile in 4 parti. Alla fine di essa si trova una cordicella ed all\u2019interno del manico si trovano diversi attrezzi.<\/p>\n<p><strong>Informazioni prodotto:<\/strong><\/p>\n<ul>\n<li><strong>Materiale:<\/strong> acciaio al carbonio ed alluminio<\/li>\n<li>Impugnatura \/ manico: lunghezza 44 cm \/ diametro 3 cm<\/li>\n<li>Lunghezza totale: 65 cm<\/li>\n<li>Manico con superficie ruvida<\/li>\n<li>Pala: lunghezza 19 cm x larghezza 15cm<\/li>\n<li>Peso: 940 gr.&nbsp;<\/li>\n<li>Colore: oro opaco<\/li>\n<li>Sacca: sacca in nylon di colore mimetico con cordicella<\/li>\n<li>Impacchettamento: scatola di cartone (vedi foto)<\/li>\n<\/ul>\n<p><a href=\"https:\/\/metal-badge.ch\/wp-content\/uploads\/2017\/04\/DJSV-IS.pdf\">Brochure<\/a><\/p>\n","protected":false},"excerpt":{"rendered":"<p>Pala, ascia, fischietto, sega, pietra focaia, cacciavite, apribottiglia, coltello, pinza, martello: questa pala multifunzione \u00e8 tutto ci\u00f2 ed altro ancora. Ideale per attivit\u00e0 outdoor, per il campeggio, per la pesca, per la caccia ecc. Pronta all\u2019uso in pochi secondi. Questa pala leggera ma estremamente robusta con manico in alluminio utilizzato nell\u2019industria aerospaziale \u00e8 resistente ed \u00e8 di un\u2019ottima qualit\u00e0. La parte in alluminio \u00e8 smontabile in 4 parti. Alla fine di essa si trova una cordicella ed all\u2019interno del manico si trovano diversi attrezzi.<\/p>\n","protected":false},"featured_media":89698,"comment_status":"open","ping_status":"closed","template":"","meta":{"inline_featured_image":false},"product_brand":[],"product_cat":[1348,1436],"product_tag":[1770,1774,1778],"class_list":{"0":"post-38464","1":"product","2":"type-product","3":"status-publish","4":"has-post-thumbnail","6":"product_cat-accessori-per-esercito-caccia","7":"product_cat-campeggio-viaggio","8":"product_tag-army-survival-it","9":"product_tag-caccia-pesca","10":"product_tag-campeggio-viaggio","12":"first","13":"instock","14":"taxable","15":"shipping-taxable","16":"purchasable","17":"product-type-simple"},"_links":{"self":[{"href":"https:\/\/metal-badge.ch\/it\/wp-json\/wp\/v2\/product\/38464","targetHints":{"allow":["GET"]}}],"collection":[{"href":"https:\/\/metal-badge.ch\/it\/wp-json\/wp\/v2\/product"}],"about":[{"href":"https:\/\/metal-badge.ch\/it\/wp-json\/wp\/v2\/types\/product"}],"replies":[{"embeddable":true,"href":"https:\/\/metal-badge.ch\/it\/wp-json\/wp\/v2\/comments?post=38464"}],"wp:featuredmedia":[{"embeddable":true,"href":"https:\/\/metal-badge.ch\/it\/wp-json\/wp\/v2\/media\/89698"}],"wp:attachment":[{"href":"https:\/\/metal-badge.ch\/it\/wp-json\/wp\/v2\/media?parent=38464"}],"wp:term":[{"taxonomy":"product_brand","embeddable":true,"href":"https:\/\/metal-badge.ch\/it\/wp-json\/wp\/v2\/product_brand?post=38464"},{"taxonomy":"product_cat","embeddable":true,"href":"https:\/\/metal-badge.ch\/it\/wp-json\/wp\/v2\/product_cat?post=38464"},{"taxonomy":"product_tag","embeddable":true,"href":"https:\/\/metal-badge.ch\/it\/wp-json\/wp\/v2\/product_tag?post=38464"}],"curies":[{"name":"wp","href":"https:\/\/api.w.org\/{rel}","templated":true}]}}