{"id":38318,"date":"2017-04-19T11:18:33","date_gmt":"2017-04-19T11:18:33","guid":{"rendered":"https:\/\/shop.metal-badge.ch\/?product=borsa-modulare-mob-03-con-tasca-per-cellulare"},"modified":"2017-04-20T08:43:50","modified_gmt":"2017-04-20T08:43:50","slug":"borsa-modulare-mob-03-con-tasca-per-cellulare","status":"publish","type":"product","link":"https:\/\/metal-badge.ch\/it\/product\/38318\/borsa-modulare-mob-03-con-tasca-per-cellulare\/","title":{"rendered":"Borsa modulare MOB 03 con tasca per cellulare"},"content":{"rendered":"<p>La nostra borsa modulare \u00e8 realizzata in resistente nylon cordura 1000 D. Essa \u00e8 dotata di due ampi scompartimenti separati tra loro ed ha una cerniera perimetrale. Entrambi gli scompartimenti hanno delle ulteriori tasche. Esternamente c\u2019\u00e8 un vano portapenne ed una tasca per il cellulare. La tasca esterna \u00e8 larga 8.0 cm e quindi ideale per riporvi cellulari di grosse dimensioni. Questa tasca \u00e8 facilmente accessibile grazie ad una rapida chiusura a scatto.<\/p>\n<p>Sulla parte posteriore la borsa ha due bottoni automatici e delle cordicelle per essere fissata ad una cintura ad uno zaino ecc. Inoltre sempre sul retro il sistema Molle e delle carabine offrono ulteriori possibilit\u00e0 di fissaggio.<\/p>\n<p>Questa borsa piccola ma molto robusta e maneggevole \u00e8 ideale per l\u2019utilizzo giornaliero.<\/p>\n<p><strong>Informazioni prodotto:<\/strong><br \/>\nDimensioni: altezza 17.0 cm \/ larghezza 11.0 cm \/ profondit\u00e0 fino 10.0 cm espandibile.<br \/>\nColore: nero<br \/>\nMateriale: nylon cordura 1000 D<br \/>\nPeso. 140 gr.<\/p>\n","protected":false},"excerpt":{"rendered":"<p>La nostra borsa modulare \u00e8 realizzata in resistente nylon cordura 1000 D. Essa \u00e8 dotata di due ampi scompartimenti separati tra loro ed ha una cerniera perimetrale. Entrambi gli scompartimenti hanno delle ulteriori tasche. Esternamente c\u2019\u00e8 un vano portapenne ed una tasca per il cellulare. La tasca esterna \u00e8 larga 8.0 cm e quindi ideale [&hellip;]<\/p>\n","protected":false},"featured_media":89716,"comment_status":"open","ping_status":"closed","template":"","meta":{"inline_featured_image":false},"product_brand":[],"product_cat":[1060,2292,1814],"product_tag":[1774,1778,1766],"class_list":{"0":"post-38318","1":"product","2":"type-product","3":"status-publish","4":"has-post-thumbnail","6":"product_cat-borse","7":"product_cat-borse-modulari","8":"product_cat-borse-per-il-trasporto-da-viaggio","9":"product_tag-caccia-pesca","10":"product_tag-campeggio-viaggio","11":"product_tag-sport-outdoor-it","13":"first","14":"instock","15":"taxable","16":"shipping-taxable","17":"purchasable","18":"product-type-simple"},"_links":{"self":[{"href":"https:\/\/metal-badge.ch\/it\/wp-json\/wp\/v2\/product\/38318","targetHints":{"allow":["GET"]}}],"collection":[{"href":"https:\/\/metal-badge.ch\/it\/wp-json\/wp\/v2\/product"}],"about":[{"href":"https:\/\/metal-badge.ch\/it\/wp-json\/wp\/v2\/types\/product"}],"replies":[{"embeddable":true,"href":"https:\/\/metal-badge.ch\/it\/wp-json\/wp\/v2\/comments?post=38318"}],"wp:featuredmedia":[{"embeddable":true,"href":"https:\/\/metal-badge.ch\/it\/wp-json\/wp\/v2\/media\/89716"}],"wp:attachment":[{"href":"https:\/\/metal-badge.ch\/it\/wp-json\/wp\/v2\/media?parent=38318"}],"wp:term":[{"taxonomy":"product_brand","embeddable":true,"href":"https:\/\/metal-badge.ch\/it\/wp-json\/wp\/v2\/product_brand?post=38318"},{"taxonomy":"product_cat","embeddable":true,"href":"https:\/\/metal-badge.ch\/it\/wp-json\/wp\/v2\/product_cat?post=38318"},{"taxonomy":"product_tag","embeddable":true,"href":"https:\/\/metal-badge.ch\/it\/wp-json\/wp\/v2\/product_tag?post=38318"}],"curies":[{"name":"wp","href":"https:\/\/api.w.org\/{rel}","templated":true}]}}