{"id":38182,"date":"2017-04-15T08:42:30","date_gmt":"2017-04-15T08:42:30","guid":{"rendered":"https:\/\/shop.metal-badge.ch\/?product=strumento-per-la-vista-notturna-5x50-night-vision"},"modified":"2021-04-22T08:10:03","modified_gmt":"2021-04-22T06:10:03","slug":"strumento-per-la-vista-notturna-5x50-night-vision","status":"publish","type":"product","link":"https:\/\/metal-badge.ch\/it\/product\/38182\/strumento-per-la-vista-notturna-5x50-night-vision\/","title":{"rendered":"Strumento per la vista notturna 5&#215;50 Night Vision"},"content":{"rendered":"<p>Gli strumenti analogici Night Spy sono degli amplificatori luminosi per da utilizzare al crepuscolo o anche, grazie al faretto a luce infrarossa integrato anche in totale oscurit\u00e0. Ideali per attivit\u00e0 outdoor, osservazione di animali, caccia, ricerca, salvataggio, attivit\u00e0 di ricerca in caverne, security. Grazie alla forma ergonomica e alla parte esterna gommata nella zona dell\u2019impugnatura e alla leggerezza i Night Spy sono estremamente maneggevoli. In tal modo questi strumenti possono essere perfettamente utilizzati anche per lunghi periodi. Un maneggevole strumento con uno zoom x 5 e una messa a fuoco di solo 1 m.<\/p>\n<p><strong>Informazioni prodotto:<\/strong><br \/>\nTipo: 1 x sistema a tubi monocolari<br \/>\nBatteria tipo: 1x CR 123A 3V<br \/>\nAplificarotre di luce con faretto a raggi infrarossi integrato<br \/>\nParte esterna ergonomica e compatta<br \/>\nRivestimento in gomma<br \/>\nResistente agli schizzi<br \/>\nAdattamento diottrie<br \/>\nDimensioni: lunghezza 200 mm x altezza 80 mm<br \/>\nDimensioni: diametro obiettivo 60 mm<br \/>\nPupulla di uscita:\u00a0 55 mm<br \/>\nCampo visivo: 28 gradi<br \/>\nPeso: 544 gr.<br \/>\nMateriale: metallo \/ plastica<br \/>\nRivestimento: gomma \/ metallo<br \/>\nColore: nero<br \/>\nZoom 5 x e messa a fuoco di solo 1 metro<br \/>\nIlluminazione ad infrarossi con un campo visivo di circa 100 m, 60h di funzionamento<br \/>\nLa confezione comprende: custodia, batterie, istruzioni, strumento per la vista notturna<\/p>\n","protected":false},"excerpt":{"rendered":"<p>Gli strumenti analogici Night Spy sono degli amplificatori luminosi per da utilizzare al crepuscolo o anche, grazie al faretto a luce infrarossa integrato anche in totale oscurit\u00e0. Ideali per attivit\u00e0 outdoor, osservazione di animali, caccia, ricerca, salvataggio, attivit\u00e0 di ricerca in caverne, security. Grazie alla forma ergonomica e alla parte esterna gommata nella zona dell\u2019impugnatura [&hellip;]<\/p>\n","protected":false},"featured_media":102435,"comment_status":"open","ping_status":"closed","template":"","meta":{"inline_featured_image":false},"product_brand":[],"product_cat":[1348,1340],"product_tag":[1770,1774,1778,1782,1766],"class_list":{"0":"post-38182","1":"product","2":"type-product","3":"status-publish","4":"has-post-thumbnail","6":"product_cat-accessori-per-esercito-caccia","7":"product_cat-binocoli-dispositivi-per-la-visione-notturna","8":"product_tag-army-survival-it","9":"product_tag-caccia-pesca","10":"product_tag-campeggio-viaggio","11":"product_tag-polizia-sicurezza","12":"product_tag-sport-outdoor-it","14":"first","15":"instock","16":"taxable","17":"shipping-taxable","18":"purchasable","19":"product-type-simple"},"_links":{"self":[{"href":"https:\/\/metal-badge.ch\/it\/wp-json\/wp\/v2\/product\/38182","targetHints":{"allow":["GET"]}}],"collection":[{"href":"https:\/\/metal-badge.ch\/it\/wp-json\/wp\/v2\/product"}],"about":[{"href":"https:\/\/metal-badge.ch\/it\/wp-json\/wp\/v2\/types\/product"}],"replies":[{"embeddable":true,"href":"https:\/\/metal-badge.ch\/it\/wp-json\/wp\/v2\/comments?post=38182"}],"wp:featuredmedia":[{"embeddable":true,"href":"https:\/\/metal-badge.ch\/it\/wp-json\/wp\/v2\/media\/102435"}],"wp:attachment":[{"href":"https:\/\/metal-badge.ch\/it\/wp-json\/wp\/v2\/media?parent=38182"}],"wp:term":[{"taxonomy":"product_brand","embeddable":true,"href":"https:\/\/metal-badge.ch\/it\/wp-json\/wp\/v2\/product_brand?post=38182"},{"taxonomy":"product_cat","embeddable":true,"href":"https:\/\/metal-badge.ch\/it\/wp-json\/wp\/v2\/product_cat?post=38182"},{"taxonomy":"product_tag","embeddable":true,"href":"https:\/\/metal-badge.ch\/it\/wp-json\/wp\/v2\/product_tag?post=38182"}],"curies":[{"name":"wp","href":"https:\/\/api.w.org\/{rel}","templated":true}]}}