{"id":38145,"date":"2017-04-14T11:35:02","date_gmt":"2017-04-14T11:35:02","guid":{"rendered":"https:\/\/shop.metal-badge.ch\/?product=binocolo-cannocchiale-7-x-32-sj-085-olive"},"modified":"2021-04-22T07:02:36","modified_gmt":"2021-04-22T05:02:36","slug":"binocolo-cannocchiale-7-x-32-sj-085-olive","status":"publish","type":"product","link":"https:\/\/metal-badge.ch\/it\/product\/38145\/binocolo-cannocchiale-7-x-32-sj-085-olive\/","title":{"rendered":"Binocolo \/ cannocchiale 7 x 32 SJ-085 Olive"},"content":{"rendered":"<p>Cannocchiale robusto ed impermeabile con un ampia distanza di pupilla d\u2019uscita per un campo visivo chiaro anche per coloro che indossano gli occhiali. Oculari girevoli e mobili con multi-click per un facile posizionamento degli occhi. Grazie all\u2019azoto presente nel binocolo esso non si appanna e garantisce un\u2019ottima visibilit\u00e0 in ogni situazione atmosferica. Grazie alle parti gommate antiurto e la buona ergonomia questo binocolo \u00e8 adatto ad essere utilizzato per molte attivit\u00e0 outdoor.<\/p>\n<p><strong>Informazioni prodotto:<\/strong><br \/>\nImpermeabile (5 minuti fino ad una profondit\u00e0 di 1 metro) contiene azoto per non appannarsi<br \/>\nAmpia distanza di pupilla d\u2019uscita per un campo visivo chiaro anche per coloro che indossano gli occhiali<br \/>\nOculari girevoli gommati con molte posizioni che facilitano un ottimale posizionamento della pupilla d\u2019uscita<br \/>\nLenti lavorate in molti strati ed ampio diametro dell\u2019obiettivo per una vista sempre chiara<br \/>\nGommato per un\u2019elevata resistenza agli urti. Ergonomico, facile e comodo da usare<br \/>\nRotella centrale grande per la messa a fuoco facile da manovrare anche con i guanti<br \/>\nZoom: x 7<br \/>\nDiametro lenti: 32 mm<br \/>\nPupilla d\u2019uscita: 4.6 mm<br \/>\nDistanza occhi: 18 mm ottimo per chi indossa occhiali<br \/>\nMessa a fuoco: centrale (rotella)<br \/>\nPeso: 705 gr.<br \/>\nPrismi: BK4<br \/>\nAngolo campo di visualizzazione: 8.0\u00b0<br \/>\nColore: verde oliva<br \/>\nDimensioni: larghezza 18.0 cm \/ lunghezza 12.0 cm \/ altezza 6.2 cm<br \/>\nInclusi nella confezione: custodia e pezzuola per la puilizia, tracolla<\/p>\n","protected":false},"excerpt":{"rendered":"<p>Cannocchiale robusto ed impermeabile con un ampia distanza di pupilla d\u2019uscita per un campo visivo chiaro anche per coloro che indossano gli occhiali. Oculari girevoli e mobili con multi-click per un facile posizionamento degli occhi. Grazie all\u2019azoto presente nel binocolo esso non si appanna e garantisce un\u2019ottima visibilit\u00e0 in ogni situazione atmosferica. Grazie alle parti [&hellip;]<\/p>\n","protected":false},"featured_media":102371,"comment_status":"open","ping_status":"closed","template":"","meta":{"inline_featured_image":false},"product_brand":[],"product_cat":[1348,1340],"product_tag":[1770,1774,1778,1782,1766],"class_list":{"0":"post-38145","1":"product","2":"type-product","3":"status-publish","4":"has-post-thumbnail","6":"product_cat-accessori-per-esercito-caccia","7":"product_cat-binocoli-dispositivi-per-la-visione-notturna","8":"product_tag-army-survival-it","9":"product_tag-caccia-pesca","10":"product_tag-campeggio-viaggio","11":"product_tag-polizia-sicurezza","12":"product_tag-sport-outdoor-it","14":"first","15":"outofstock","16":"taxable","17":"shipping-taxable","18":"purchasable","19":"product-type-simple"},"_links":{"self":[{"href":"https:\/\/metal-badge.ch\/it\/wp-json\/wp\/v2\/product\/38145","targetHints":{"allow":["GET"]}}],"collection":[{"href":"https:\/\/metal-badge.ch\/it\/wp-json\/wp\/v2\/product"}],"about":[{"href":"https:\/\/metal-badge.ch\/it\/wp-json\/wp\/v2\/types\/product"}],"replies":[{"embeddable":true,"href":"https:\/\/metal-badge.ch\/it\/wp-json\/wp\/v2\/comments?post=38145"}],"wp:featuredmedia":[{"embeddable":true,"href":"https:\/\/metal-badge.ch\/it\/wp-json\/wp\/v2\/media\/102371"}],"wp:attachment":[{"href":"https:\/\/metal-badge.ch\/it\/wp-json\/wp\/v2\/media?parent=38145"}],"wp:term":[{"taxonomy":"product_brand","embeddable":true,"href":"https:\/\/metal-badge.ch\/it\/wp-json\/wp\/v2\/product_brand?post=38145"},{"taxonomy":"product_cat","embeddable":true,"href":"https:\/\/metal-badge.ch\/it\/wp-json\/wp\/v2\/product_cat?post=38145"},{"taxonomy":"product_tag","embeddable":true,"href":"https:\/\/metal-badge.ch\/it\/wp-json\/wp\/v2\/product_tag?post=38145"}],"curies":[{"name":"wp","href":"https:\/\/api.w.org\/{rel}","templated":true}]}}