{"id":37990,"date":"2016-11-23T16:36:58","date_gmt":"2016-11-23T16:36:58","guid":{"rendered":"https:\/\/shop.metal-badge.ch\/?product=mini-filtro-per-lacqua-della-direcon"},"modified":"2020-08-02T02:22:19","modified_gmt":"2020-08-02T02:22:19","slug":"mini-filtro-per-lacqua-della-direcon","status":"publish","type":"product","link":"https:\/\/metal-badge.ch\/it\/product\/37990\/mini-filtro-per-lacqua-della-direcon\/","title":{"rendered":"Mini filtro per l\u2019acqua della Direcon"},"content":{"rendered":"<p>Rendere potabile dell\u2019acqua non pura non \u00e8 pi\u00f9 un problema grazie al moderno sistema di filtraggio. Ma un filtro portatile facilmente utilizzabile \u00e8 raro da trovare. L\u2019acqua pulita assicura le nostre atttivit\u00e0. Con il mini filtro per l\u2019acqua avrete sempre acqua potabile pulita a disposizione. Senza processi chimici e senza elettricit\u00e0. Da utilizzare in situazioni di sopravvivenza, durante passeggiate, arrampicate o in viaggio. Non indicato a filtrare acqua salata. Con il filtro si potrebbe in teoria bere da qualsiasi pozzanghera, il tutto funziona senza l\u2019utilizzo di sostanze chimiche come cloro o iodio. L\u2019anima del filtro \u00e8 un tubo in plastica con una membrana a fibra cava che filtra tutte le particelle ed i microorganismi nel momento in cui si aspira.<\/p>\n<p>\n<strong>Informazioni prodotto:<\/strong><br \/>\nTecnologia di microfiltraggi tramite membrana a fibra cava per 1500 litri d\u2019acqua<br \/>\nFiltra materiale in sospensione e particolato con dimensioni maggiori di 0.2 Micron (1Micron = 1\/1000mm)<br \/>\nFiltra il 99.9999% dei batteri contenuti nell\u2019acqua anche batteri E. Coli, tutti i protozoi e parassiti anche i Giardia e il cryptosporidium<br \/>\nNel filtro non ci sono iodio o altre sostanze chimiche pertanto non si crea alcun sapore sgradevole<br \/>\nQuesto filtro per l\u2019acqua \u00e8 privo di BPA<br \/>\nRealizzato in plastica resistente<br \/>\nFunziona semplicemente aspirando, senza elettricit\u00e0, batterie o altri attrezzi<br \/>\nPeso: 52 gr.<br \/>\nInstruzioni d\u2019uso in inglese<br \/>\nErgonomica custodia originale<br \/>\nDimensioni: lunghezza con coperchio 16 cm<br \/>\nCirconferenza: 3.0 cm<br \/>\nColore: blu \/ arancio<br \/>\nNon indicato per filtrare acqua salata.<\/p>\n","protected":false},"excerpt":{"rendered":"<p>Rendere potabile dell\u2019acqua non pura non \u00e8 pi\u00f9 un problema grazie al moderno sistema di filtraggio. Ma un filtro portatile facilmente utilizzabile \u00e8 raro da trovare. L\u2019acqua pulita assicura le nostre atttivit\u00e0. Con il mini filtro per l\u2019acqua avrete sempre acqua potabile pulita a disposizione. Senza processi chimici e senza elettricit\u00e0. Da utilizzare in situazioni [&hellip;]<\/p>\n","protected":false},"featured_media":89776,"comment_status":"open","ping_status":"closed","template":"","meta":{"inline_featured_image":false},"product_brand":[],"product_cat":[1436],"product_tag":[1774,1778],"class_list":{"0":"post-37990","1":"product","2":"type-product","3":"status-publish","4":"has-post-thumbnail","6":"product_cat-campeggio-viaggio","7":"product_tag-caccia-pesca","8":"product_tag-campeggio-viaggio","10":"first","11":"instock","12":"taxable","13":"shipping-taxable","14":"purchasable","15":"product-type-simple"},"_links":{"self":[{"href":"https:\/\/metal-badge.ch\/it\/wp-json\/wp\/v2\/product\/37990","targetHints":{"allow":["GET"]}}],"collection":[{"href":"https:\/\/metal-badge.ch\/it\/wp-json\/wp\/v2\/product"}],"about":[{"href":"https:\/\/metal-badge.ch\/it\/wp-json\/wp\/v2\/types\/product"}],"replies":[{"embeddable":true,"href":"https:\/\/metal-badge.ch\/it\/wp-json\/wp\/v2\/comments?post=37990"}],"wp:featuredmedia":[{"embeddable":true,"href":"https:\/\/metal-badge.ch\/it\/wp-json\/wp\/v2\/media\/89776"}],"wp:attachment":[{"href":"https:\/\/metal-badge.ch\/it\/wp-json\/wp\/v2\/media?parent=37990"}],"wp:term":[{"taxonomy":"product_brand","embeddable":true,"href":"https:\/\/metal-badge.ch\/it\/wp-json\/wp\/v2\/product_brand?post=37990"},{"taxonomy":"product_cat","embeddable":true,"href":"https:\/\/metal-badge.ch\/it\/wp-json\/wp\/v2\/product_cat?post=37990"},{"taxonomy":"product_tag","embeddable":true,"href":"https:\/\/metal-badge.ch\/it\/wp-json\/wp\/v2\/product_tag?post=37990"}],"curies":[{"name":"wp","href":"https:\/\/api.w.org\/{rel}","templated":true}]}}