{"id":37982,"date":"2016-11-23T16:22:07","date_gmt":"2016-11-23T16:22:07","guid":{"rendered":"https:\/\/shop.metal-badge.ch\/?product=borsetta-modulare-zaino-per-macchina-fotografica-kp-035"},"modified":"2020-08-02T02:22:13","modified_gmt":"2020-08-02T02:22:13","slug":"borsetta-modulare-zaino-per-macchina-fotografica-kp-035","status":"publish","type":"product","link":"https:\/\/metal-badge.ch\/it\/product\/37982\/borsetta-modulare-zaino-per-macchina-fotografica-kp-035\/","title":{"rendered":"Borsetta modulare, zaino per macchina fotografica KP-035"},"content":{"rendered":"<p>Mettete ordine nella borsetta in maniera sistematica o trasformatela in uno zaino o borsa a tracolla. Questa borsetta modulare \u00e8 realizata in resistente nylon Cordura 600 D.<\/p>\n<p>La borsetta modulare pu\u00f2 essere chiusa tramite una fibia a pressione. La tasca esterna che si trova sotto il coperchio ha una cerniera perimetrale.<\/p>\n<p>L\u2019ampio vano principale \u00e8 imbottito per poter ospitare machine fotografiche ed altri oggetti, esso \u00e8 inoltre suddiviso in 3 scomparti. Il vano principale pu\u00f2 essere richiuso tirando la cordicella verso l\u2019alto. Un\u2019analoga cordicella \u00e8 posta al di sotto del vano principale che pu\u00f2 essere in questo modo ulteriormente prodetto e chiuso. Il coperchio \u00e8 imbottito anche all\u2019interno (protezione a 360\u00b0).<\/p>\n<p>Sulla tasca esterna si trova un ulteriore vano dove si possono infilare oggetti.<\/p>\n<p>La borsetta ha una cinghia rimovibile e regolabile. Sul coperchio si trova anche una maniglia imbottita. .<br \/>\nLa borsetta ha un sistema di facile e rapido fissaggio \u201eMolle\u201c sul retro. Ideale per essere fissata lateralmente sul petto o sulla cintura, su un\u2019altro zaino o altre borse.<\/p>\n<p>\n<strong>Descrizione prodotto:<\/strong><br \/>\nDimensioni: Altezza 22.0 cm \/ Larghezza 15.0 cm \/ Profondit\u00e0 10.0 cm<br \/>\nColore: nero<br \/>\nMateriale: nylon Cordura 600D<br \/>\nPeso: 355 gr.<\/p>\n","protected":false},"excerpt":{"rendered":"<p>Mettete ordine nella borsetta in maniera sistematica o trasformatela in uno zaino o borsa a tracolla. Questa borsetta modulare \u00e8 realizata in resistente nylon Cordura 600 D. La borsetta modulare pu\u00f2 essere chiusa tramite una fibia a pressione. La tasca esterna che si trova sotto il coperchio ha una cerniera perimetrale. L\u2019ampio vano principale \u00e8 [&hellip;]<\/p>\n","protected":false},"featured_media":89778,"comment_status":"open","ping_status":"closed","template":"","meta":{"inline_featured_image":false},"product_brand":[],"product_cat":[1060,1814,1711],"product_tag":[1770,1774,1778,1782,1766],"class_list":{"0":"post-37982","1":"product","2":"type-product","3":"status-publish","4":"has-post-thumbnail","6":"product_cat-borse","7":"product_cat-borse-per-il-trasporto-da-viaggio","8":"product_cat-fotocamere-dash-cams","9":"product_tag-army-survival-it","10":"product_tag-caccia-pesca","11":"product_tag-campeggio-viaggio","12":"product_tag-polizia-sicurezza","13":"product_tag-sport-outdoor-it","15":"first","16":"instock","17":"taxable","18":"shipping-taxable","19":"purchasable","20":"product-type-simple"},"_links":{"self":[{"href":"https:\/\/metal-badge.ch\/it\/wp-json\/wp\/v2\/product\/37982","targetHints":{"allow":["GET"]}}],"collection":[{"href":"https:\/\/metal-badge.ch\/it\/wp-json\/wp\/v2\/product"}],"about":[{"href":"https:\/\/metal-badge.ch\/it\/wp-json\/wp\/v2\/types\/product"}],"replies":[{"embeddable":true,"href":"https:\/\/metal-badge.ch\/it\/wp-json\/wp\/v2\/comments?post=37982"}],"wp:featuredmedia":[{"embeddable":true,"href":"https:\/\/metal-badge.ch\/it\/wp-json\/wp\/v2\/media\/89778"}],"wp:attachment":[{"href":"https:\/\/metal-badge.ch\/it\/wp-json\/wp\/v2\/media?parent=37982"}],"wp:term":[{"taxonomy":"product_brand","embeddable":true,"href":"https:\/\/metal-badge.ch\/it\/wp-json\/wp\/v2\/product_brand?post=37982"},{"taxonomy":"product_cat","embeddable":true,"href":"https:\/\/metal-badge.ch\/it\/wp-json\/wp\/v2\/product_cat?post=37982"},{"taxonomy":"product_tag","embeddable":true,"href":"https:\/\/metal-badge.ch\/it\/wp-json\/wp\/v2\/product_tag?post=37982"}],"curies":[{"name":"wp","href":"https:\/\/api.w.org\/{rel}","templated":true}]}}