{"id":37936,"date":"2016-11-23T14:05:11","date_gmt":"2016-11-23T14:05:11","guid":{"rendered":"https:\/\/shop.metal-badge.ch\/?product=telecamera-endoscopica-per-smartphone-android"},"modified":"2020-08-02T02:21:49","modified_gmt":"2020-08-02T02:21:49","slug":"telecamera-endoscopica-per-smartphone-android","status":"publish","type":"product","link":"https:\/\/metal-badge.ch\/it\/product\/37936\/telecamera-endoscopica-per-smartphone-android\/","title":{"rendered":"Telecamera endoscopica per smartphone Android"},"content":{"rendered":"<p>Questa telecamera endoscopica pu\u00f2 essere utile in numerosissime situazioni. Ad esempio in attivit\u00e0 di sorveglianza, o per ispezionare una zona difficilmente accessibile del vano motore di un veicolo, per controllare un tubo di scarico o un nido di uccelli. Adesso avete una soluzione a tutti questi problemi: La telecamera endoscopica USB. Le immagini fornite dalla telecamera sono di eccellente qualit\u00e0 e con un\u2019ottima definizione.<\/p>\n<p>Con la telecamera endoscopica potrete guardare sin nel pi\u00f9 piccolo dettaglio e nei luoghi pi\u00f9 nascosti. Grazie all\u2019illuminazione LED e 6 LED incorporati sulla testa della telecamera essa fornisce una visione chiara in ogni situazione. La telecamera \u00e8 impermeabile e quindi anche i tubi di scarico d\u2019acqua non rappresentano alcun problema. Grazie ad un un sensore visivo incorporato CMOS si possono scattare fotografie singole o registrare video con una risoluzione VGA-Aufl\u00f6sung 640 x 480. La riproduzione di immagine \u00e8 di 30 FPS. Inoltre la telecamera pu\u00f2 essere semplicemente collegata tramite USB al PC o al portatile e si pu\u00f2 utilizzare il software allegato. La telecamera funziona secondo lo standard USB 2.0 e con il cavo di 5 m raggiungete praticamente qualsiasi punto. La testa della telecamera \u00e8 molto piccola con un centimetro di diametro e consente di ispezionare anche le pi\u00f9 strette fessure. Si pu\u00f2 regolare tramite un tasto l\u2019intensit\u00e0 dei LED: forte o debole.<\/p>\n<p>Con degli acccessori inclusi nella confezione come ad esempio un gancio o una calamita che possono essere fissati sulla testa della telecamera si possono anche ripescare dei piccoli oggetti da punti difficilmente raggiungibili come ad esempio tubi ecc.<\/p>\n<p><strong>Informazioni prodotto:<\/strong><br \/>\nTelecamera endoscopica USB impermeabile<br \/>\nTesta della telecamera con 6 LED incorporati<br \/>\nLunghezza cavo della telecamera 5 m<br \/>\nUSB 2.0<br \/>\nCon accessori per la testa della telecamera come:<br \/>\nGancio \/ calamita \/ specchietto<br \/>\nManuale di istruzione<br \/>\nFormato Video: AVI<br \/>\nFormato Foto: JPEG<br \/>\nSoftware-CD<br \/>\nPeso: 130 gr.<br \/>\nPrezzo: 48.- CHF<\/p>\n<p>Su richiesta di pu\u00f2 anche avere la telecamera endoscopica con un cavo della lunghezza di 7 m o 10 m.<\/p>\n<p>\u00a0<\/p>\n","protected":false},"excerpt":{"rendered":"<p>Questa telecamera endoscopica pu\u00f2 essere utile in numerosissime situazioni. Ad esempio in attivit\u00e0 di sorveglianza, o per ispezionare una zona difficilmente accessibile del vano motore di un veicolo, per controllare un tubo di scarico o un nido di uccelli. Adesso avete una soluzione a tutti questi problemi: La telecamera endoscopica USB. Le immagini fornite dalla [&hellip;]<\/p>\n","protected":false},"featured_media":89788,"comment_status":"open","ping_status":"closed","template":"","meta":{"inline_featured_image":false},"product_brand":[],"product_cat":[1711],"product_tag":[1770,1774,1782,1766],"class_list":{"0":"post-37936","1":"product","2":"type-product","3":"status-publish","4":"has-post-thumbnail","6":"product_cat-fotocamere-dash-cams","7":"product_tag-army-survival-it","8":"product_tag-caccia-pesca","9":"product_tag-polizia-sicurezza","10":"product_tag-sport-outdoor-it","12":"first","13":"instock","14":"taxable","15":"shipping-taxable","16":"purchasable","17":"product-type-simple"},"_links":{"self":[{"href":"https:\/\/metal-badge.ch\/it\/wp-json\/wp\/v2\/product\/37936","targetHints":{"allow":["GET"]}}],"collection":[{"href":"https:\/\/metal-badge.ch\/it\/wp-json\/wp\/v2\/product"}],"about":[{"href":"https:\/\/metal-badge.ch\/it\/wp-json\/wp\/v2\/types\/product"}],"replies":[{"embeddable":true,"href":"https:\/\/metal-badge.ch\/it\/wp-json\/wp\/v2\/comments?post=37936"}],"wp:featuredmedia":[{"embeddable":true,"href":"https:\/\/metal-badge.ch\/it\/wp-json\/wp\/v2\/media\/89788"}],"wp:attachment":[{"href":"https:\/\/metal-badge.ch\/it\/wp-json\/wp\/v2\/media?parent=37936"}],"wp:term":[{"taxonomy":"product_brand","embeddable":true,"href":"https:\/\/metal-badge.ch\/it\/wp-json\/wp\/v2\/product_brand?post=37936"},{"taxonomy":"product_cat","embeddable":true,"href":"https:\/\/metal-badge.ch\/it\/wp-json\/wp\/v2\/product_cat?post=37936"},{"taxonomy":"product_tag","embeddable":true,"href":"https:\/\/metal-badge.ch\/it\/wp-json\/wp\/v2\/product_tag?post=37936"}],"curies":[{"name":"wp","href":"https:\/\/api.w.org\/{rel}","templated":true}]}}