{"id":37849,"date":"2016-11-22T16:07:42","date_gmt":"2016-11-22T16:07:42","guid":{"rendered":"https:\/\/shop.metal-badge.ch\/?product=key-organizer"},"modified":"2020-08-02T02:21:01","modified_gmt":"2020-08-02T02:21:01","slug":"key-organizer","status":"publish","type":"product","link":"https:\/\/metal-badge.ch\/it\/product\/37849\/key-organizer\/","title":{"rendered":"Key Organizer"},"content":{"rendered":"<p>Grazie al Key-Organizer il mazzo di chiavi scomodo, disordinato, tagliente e poco pratico fa parte del passato. Al suo posto uno <strong>strumento ordinato<\/strong> e compatto che assomiglia molto ad un coltellino svizzero.<\/p>\n<p>Il Key-Organizer non \u00e8 un mazzo di chiavi come ce lo si aspetta. Esso \u00e8 composto da due parti laterali in metallo e da due viti. Il principio di funzionamento \u00e8 quello di un coltellino svizzero. Le chiavi vengono fissate tra le due parti metalliche e possono essere tirate fuori in caso di utilizzo.<\/p>\n<p>Il montaggio \u00e8 semplice tuttavia conviene fare prima qualche prova per trovare l\u2019ideale sistemazione delle chiavi nel Key-Organizer. Quale chiava va sopra, quale a sinistra o a destra. Sistemando bene le chiavi il Key-Organizer rimarr\u00e0 sottile permettendo un rapido accesso alla chiave desiderata.<\/p>\n<p>\u00a0<\/p>\n<p>Spazio\u00a0\u2013 con il Key-Organizer avrete per la prima volta un mazzo di chiavi che non noterete pi\u00f9 nelle tasche del vostro pantalone. Esso \u00e8 molto pi\u00f9 comodo e meno fastidioso da portare in giro. Con il Key-Organizer puoi ridurre la dimensione del mazzo di chiavi a quello di un pacchetto di chewing-gum. Il design molto snello si adatta ad ogni tasca. Niente pi\u00f9 rumore di chiavi o una lunga ricerca nelle tasche del pantalone o nella mano stessa.<\/p>\n<p>\u00a0<\/p>\n<p><strong>Informazioni prodotto:<\/strong><br \/>\nDa 2 a 10 chiavi<br \/>\nPeso: 18 gr.<br \/>\nDimensioni: lunghezza 7.0 cm \/ larghezza sopra e sotto 1.5 cm<br \/>\nColori: nero e argento satinato<br \/>\nPrezzo:\u00a0 13.- CHF senza logo<\/p>\n<p>Su richiesta e con un supplemento di prezzo disponibile con logo inciso. Su richiesta possiamo fornire anche dei modelli pi\u00f9 grandi per pi\u00f9 chiavi. Altri colori (blu, rosso, arancio, verde) a partire da 10 pz. e su richiesta.<\/p>\n","protected":false},"excerpt":{"rendered":"<p>Grazie al Key-Organizer il mazzo di chiavi scomodo, disordinato, tagliente e poco pratico fa parte del passato. Al suo posto uno strumento ordinato e compatto che assomiglia molto ad un coltellino svizzero. Il Key-Organizer non \u00e8 un mazzo di chiavi come ce lo si aspetta. Esso \u00e8 composto da due parti laterali in metallo e [&hellip;]<\/p>\n","protected":false},"featured_media":89804,"comment_status":"open","ping_status":"closed","template":"","meta":{"inline_featured_image":false},"product_brand":[],"product_cat":[952],"product_tag":[1770,1774,1782,1766],"class_list":{"0":"post-37849","1":"product","2":"type-product","3":"status-publish","4":"has-post-thumbnail","6":"product_cat-portachiavi-moschettone","7":"product_tag-army-survival-it","8":"product_tag-caccia-pesca","9":"product_tag-polizia-sicurezza","10":"product_tag-sport-outdoor-it","12":"first","13":"instock","14":"taxable","15":"shipping-taxable","16":"purchasable","17":"product-type-simple"},"_links":{"self":[{"href":"https:\/\/metal-badge.ch\/it\/wp-json\/wp\/v2\/product\/37849","targetHints":{"allow":["GET"]}}],"collection":[{"href":"https:\/\/metal-badge.ch\/it\/wp-json\/wp\/v2\/product"}],"about":[{"href":"https:\/\/metal-badge.ch\/it\/wp-json\/wp\/v2\/types\/product"}],"replies":[{"embeddable":true,"href":"https:\/\/metal-badge.ch\/it\/wp-json\/wp\/v2\/comments?post=37849"}],"wp:featuredmedia":[{"embeddable":true,"href":"https:\/\/metal-badge.ch\/it\/wp-json\/wp\/v2\/media\/89804"}],"wp:attachment":[{"href":"https:\/\/metal-badge.ch\/it\/wp-json\/wp\/v2\/media?parent=37849"}],"wp:term":[{"taxonomy":"product_brand","embeddable":true,"href":"https:\/\/metal-badge.ch\/it\/wp-json\/wp\/v2\/product_brand?post=37849"},{"taxonomy":"product_cat","embeddable":true,"href":"https:\/\/metal-badge.ch\/it\/wp-json\/wp\/v2\/product_cat?post=37849"},{"taxonomy":"product_tag","embeddable":true,"href":"https:\/\/metal-badge.ch\/it\/wp-json\/wp\/v2\/product_tag?post=37849"}],"curies":[{"name":"wp","href":"https:\/\/api.w.org\/{rel}","templated":true}]}}