{"id":37732,"date":"2016-11-22T10:45:37","date_gmt":"2016-11-22T10:45:37","guid":{"rendered":"https:\/\/shop.metal-badge.ch\/?product=luce-posteriore-per-bicicletta-police-ciascuna-con-5-led"},"modified":"2020-08-02T02:19:56","modified_gmt":"2020-08-02T02:19:56","slug":"luce-posteriore-per-bicicletta-police-ciascuna-con-5-led","status":"publish","type":"product","link":"https:\/\/metal-badge.ch\/it\/product\/37732\/luce-posteriore-per-bicicletta-police-ciascuna-con-5-led\/","title":{"rendered":"Luce posteriore per bicicletta POLICE ciascuna con 5 LED"},"content":{"rendered":"<p>La luce posteriore per bicicletta \u00e8 impermeabile e offre una visibilit\u00e0 fino a 1000 m. La lampada ha una scritta <strong>POLICE<\/strong>.Essa ha lampada ha un supporto per il fissaggio ed in tal modo essa pu\u00f2 essere rapidamente montata sulla bicicletta o sullo zaino ecc. Il LED fa una luce stroboscopica alternata blu \/ rossa. I <strong>5 LED blu<\/strong> ed i <strong>5 LED rossi<\/strong> sono ben visibili anche alla luce del giorno.<\/p>\n<p>Premendo due volte si accende la luce bianca \/ lampadina laterale. In tal modo avete anche una lampadina tascabile integrata e ben funzionante. L\u2019alimentazione \u00e8 assicurata da una batteria ricaricabile. Il cavo USB e le due spine sono incluse nella confezione (vedi foto). La lampada deve essere ricaricata almeno per 12 ore via USB prima di essere utilizzata. La presa per la ricarica si trova sotto la guarnizione in gomma sulla lampada.<\/p>\n<p>\n<strong>Informazioni prodotto:<\/strong><br \/>\nPeso: 55 gr.<br \/>\nVolt: 3.8<br \/>\nLuce stroboscopica a 10 LED rossa \/ blu<br \/>\nImpermeabile<br \/>\nSupporto di fissaggio posteriore<br \/>\nPiccola lampadina tascabile integrata<br \/>\nDimensioni: larghezza 8.5 cm \/ altezza 3.5 cm \/ spessore incl. fissaggio 3.0 cm<br \/>\nMateriale: plastica ABS<br \/>\nColore: rosso \/ blu<br \/>\nScritta: POLICE<br \/>\n2x prese e cavo per la carica USB inclusi nella confezione<\/p>\n","protected":false},"excerpt":{"rendered":"<p>La luce posteriore per bicicletta \u00e8 impermeabile e offre una visibilit\u00e0 fino a 1000 m. La lampada ha una scritta POLICE.Essa ha lampada ha un supporto per il fissaggio ed in tal modo essa pu\u00f2 essere rapidamente montata sulla bicicletta o sullo zaino ecc. Il LED fa una luce stroboscopica alternata blu \/ rossa. I [&hellip;]<\/p>\n","protected":false},"featured_media":89822,"comment_status":"open","ping_status":"closed","template":"","meta":{"inline_featured_image":false},"product_brand":[],"product_cat":[1344],"product_tag":[1770,1778,1766],"class_list":{"0":"post-37732","1":"product","2":"type-product","3":"status-publish","4":"has-post-thumbnail","6":"product_cat-lampade-lampadina-tascabile","7":"product_tag-army-survival-it","8":"product_tag-campeggio-viaggio","9":"product_tag-sport-outdoor-it","11":"first","12":"instock","13":"taxable","14":"shipping-taxable","15":"purchasable","16":"product-type-simple"},"_links":{"self":[{"href":"https:\/\/metal-badge.ch\/it\/wp-json\/wp\/v2\/product\/37732","targetHints":{"allow":["GET"]}}],"collection":[{"href":"https:\/\/metal-badge.ch\/it\/wp-json\/wp\/v2\/product"}],"about":[{"href":"https:\/\/metal-badge.ch\/it\/wp-json\/wp\/v2\/types\/product"}],"replies":[{"embeddable":true,"href":"https:\/\/metal-badge.ch\/it\/wp-json\/wp\/v2\/comments?post=37732"}],"wp:featuredmedia":[{"embeddable":true,"href":"https:\/\/metal-badge.ch\/it\/wp-json\/wp\/v2\/media\/89822"}],"wp:attachment":[{"href":"https:\/\/metal-badge.ch\/it\/wp-json\/wp\/v2\/media?parent=37732"}],"wp:term":[{"taxonomy":"product_brand","embeddable":true,"href":"https:\/\/metal-badge.ch\/it\/wp-json\/wp\/v2\/product_brand?post=37732"},{"taxonomy":"product_cat","embeddable":true,"href":"https:\/\/metal-badge.ch\/it\/wp-json\/wp\/v2\/product_cat?post=37732"},{"taxonomy":"product_tag","embeddable":true,"href":"https:\/\/metal-badge.ch\/it\/wp-json\/wp\/v2\/product_tag?post=37732"}],"curies":[{"name":"wp","href":"https:\/\/api.w.org\/{rel}","templated":true}]}}