{"id":37722,"date":"2016-11-22T10:18:50","date_gmt":"2016-11-22T10:18:50","guid":{"rendered":"https:\/\/shop.metal-badge.ch\/?product=luce-posteriore-per-bicicletta-ciascuna-con-3-led-e-lampadina-tascabile-integrata"},"modified":"2016-11-22T10:34:10","modified_gmt":"2016-11-22T10:34:10","slug":"luce-posteriore-per-bicicletta-ciascuna-con-3-led-e-lampadina-tascabile-integrata","status":"publish","type":"product","link":"https:\/\/metal-badge.ch\/it\/product\/37722\/luce-posteriore-per-bicicletta-ciascuna-con-3-led-e-lampadina-tascabile-integrata\/","title":{"rendered":"Luce posteriore per bicicletta ciascuna con 3 LED e lampadina tascabile integrata"},"content":{"rendered":"<p>La luce posteriore per bicicletta \u00e8 impermeabile e offre una visibilit\u00e0 fino ad 800 m. La lampada ha un supporto per il fissaggio che pu\u00f2 essere roteato di 360\u00b0. In tal modo essa pu\u00f2 essere rapidamente montata sulla bicicletta o sullo zaino ecc. Il LED fa una luce stroboscopica alternata blu \/ rossa. I <strong>3 LED blu<\/strong> ed i <strong>3 LED rossi<\/strong> sono ben visibili anche alla luce del giorno.<br \/>\nPremendo due volte si accende la luce bianca \/ lampadina laterale. In tal modo avete anche una lampadina tascabile integrata e ben funzionante. L\u2019alimentazione \u00e8 assicurata da una batteria ricaricabile. Il cavo USB e le due spine sono incluse nella confezione (vedi foto). La lampada deve essere ricaricata almeno per 12 ore via USB prima di essere utilizzata.<\/p>\n<p>\n<strong>Informazioni prodotto:<\/strong><br \/>\nPeso: 40 gr.<br \/>\nVolt: 3.8<br \/>\nLuce stroboscopica a 10 LED rossa \/ blu<br \/>\nImpermeabile<br \/>\nSupporto di fissaggio posteriore con rotazione a 360\u00b0<br \/>\nPiccola lampadina tascabile integrata<br \/>\nDimensioni: larghezza 8.0 cm \/ altezza 2.5 cm \/ profondit\u00e0 incl. fissaggio 3.0 cm<br \/>\nMateriale: plastica ABS<br \/>\nColore: rosso \/ blu<br \/>\nScritta: POLICE<br \/>\n2x prese e cavo per la carica USB inclusi nella confezione<\/p>\n<p>\u00a0<\/p>\n","protected":false},"excerpt":{"rendered":"<p>La luce posteriore per bicicletta \u00e8 impermeabile e offre una visibilit\u00e0 fino ad 800 m. La lampada ha un supporto per il fissaggio che pu\u00f2 essere roteato di 360\u00b0. In tal modo essa pu\u00f2 essere rapidamente montata sulla bicicletta o sullo zaino ecc. Il LED fa una luce stroboscopica alternata blu \/ rossa. I 3 [&hellip;]<\/p>\n","protected":false},"featured_media":89824,"comment_status":"open","ping_status":"closed","template":"","meta":{"inline_featured_image":false},"product_brand":[],"product_cat":[1344],"product_tag":[1770,1778,1766],"class_list":{"0":"post-37722","1":"product","2":"type-product","3":"status-publish","4":"has-post-thumbnail","6":"product_cat-lampade-lampadina-tascabile","7":"product_tag-army-survival-it","8":"product_tag-campeggio-viaggio","9":"product_tag-sport-outdoor-it","11":"first","12":"instock","13":"taxable","14":"shipping-taxable","15":"purchasable","16":"product-type-simple"},"_links":{"self":[{"href":"https:\/\/metal-badge.ch\/it\/wp-json\/wp\/v2\/product\/37722","targetHints":{"allow":["GET"]}}],"collection":[{"href":"https:\/\/metal-badge.ch\/it\/wp-json\/wp\/v2\/product"}],"about":[{"href":"https:\/\/metal-badge.ch\/it\/wp-json\/wp\/v2\/types\/product"}],"replies":[{"embeddable":true,"href":"https:\/\/metal-badge.ch\/it\/wp-json\/wp\/v2\/comments?post=37722"}],"wp:featuredmedia":[{"embeddable":true,"href":"https:\/\/metal-badge.ch\/it\/wp-json\/wp\/v2\/media\/89824"}],"wp:attachment":[{"href":"https:\/\/metal-badge.ch\/it\/wp-json\/wp\/v2\/media?parent=37722"}],"wp:term":[{"taxonomy":"product_brand","embeddable":true,"href":"https:\/\/metal-badge.ch\/it\/wp-json\/wp\/v2\/product_brand?post=37722"},{"taxonomy":"product_cat","embeddable":true,"href":"https:\/\/metal-badge.ch\/it\/wp-json\/wp\/v2\/product_cat?post=37722"},{"taxonomy":"product_tag","embeddable":true,"href":"https:\/\/metal-badge.ch\/it\/wp-json\/wp\/v2\/product_tag?post=37722"}],"curies":[{"name":"wp","href":"https:\/\/api.w.org\/{rel}","templated":true}]}}