{"id":37691,"date":"2016-11-21T17:17:38","date_gmt":"2016-11-21T17:17:38","guid":{"rendered":"https:\/\/shop.metal-badge.ch\/?product=lampadina-tascabile-trustfire-trustfire-a9-2-con-luce-a-led-bianca-a-900-lumen-con-una-batteria-inclusa"},"modified":"2020-08-02T02:19:35","modified_gmt":"2020-08-02T02:19:35","slug":"lampadina-tascabile-trustfire-trustfire-a9-2-con-luce-a-led-bianca-a-900-lumen-con-una-batteria-inclusa","status":"publish","type":"product","link":"https:\/\/metal-badge.ch\/it\/product\/37691\/lampadina-tascabile-trustfire-trustfire-a9-2-con-luce-a-led-bianca-a-900-lumen-con-una-batteria-inclusa\/","title":{"rendered":"Lampadina tascabile Trustfire Trustfire A9-2 con luce a LED bianca a 900 Lumen, con una batteria inclusa"},"content":{"rendered":"<p>Lampadina tascabile tattica ideale per il peso ridotto, ergonomica. Con un cono di luce ben rotondo. Il driver LED gestito da un microprocessore mantiene la luminosit\u00e0 costante anche quando la batteria si sta scaricando, offre 5 diversi modalit\u00e0 di luce: high, mid , low, SOS lampeggiante. La lampada viene accesa e spenta azionando l\u2019interruttore posto sulla parte superiore della stessa e premendolo leggermente si attivano i programmi luminosi. La luce lampeggiante SOS e quella stroboscopica sono degli highlight e possono esservi utili in situazioni di pericolo.<\/p>\n<p>La batteria a 1x ioni di litio da 32650 \u00e8 sufficiente all\u2019alimentazione. La durata della luce con una batteria pienamente carica e diverse intensit\u00e0 luminose varia da 5 a 18 ore. Il design metallico nero satinato di questa lampada a LED realizzata in alluminio utilizzato in aeronautica \u00e8 sempre di moda e molto resistente ai graffi. La lampadina tascabile \u00e8 resistente alla polvere ed \u00e8 antispruzzo.<\/p>\n<p>\u00a0<\/p>\n<p><strong>Informazioni prodotto:<\/strong><br \/>\nModello: A9-2 LED Trustfire<br \/>\nColore: nero satinato<br \/>\nTipo: lampadina tascabile a LED<br \/>\nPortata: fino a 500 m<br \/>\nMateriale: lega di alluminio<br \/>\nNumero delle lampade: 1 Cree XM-L 2 led<br \/>\nLumen: 900 LM<br \/>\nPeso: 365 gr. incl. 1 batteria<br \/>\nBatteria: 1x batteria inclusa nella confezione<br \/>\nColore luce: bianco<br \/>\n5x modalit\u00e0 di luce<br \/>\nDimensioni: lunghezza 14 cm<br \/>\nDiametro testa: 4.0 cm<br \/>\nConfezione box inclusa<\/p>\n<p>\u00a0<\/p>\n<p>Le batterie sono disponibili anche separatamente. TF 32650 \/ 3.7V \/ 600 mAh \/ Li-ion prezzi a partire da 21.- al pezzo.<br \/>\nInoltre offriamo anche dei caricatori per le nostre batterie.<\/p>\n","protected":false},"excerpt":{"rendered":"<p>Lampadina tascabile tattica ideale per il peso ridotto, ergonomica. Con un cono di luce ben rotondo. Il driver LED gestito da un microprocessore mantiene la luminosit\u00e0 costante anche quando la batteria si sta scaricando, offre 5 diversi modalit\u00e0 di luce: high, mid , low, SOS lampeggiante. La lampada viene accesa e spenta azionando l\u2019interruttore posto [&hellip;]<\/p>\n","protected":false},"featured_media":89830,"comment_status":"open","ping_status":"closed","template":"","meta":{"inline_featured_image":false},"product_brand":[],"product_cat":[1348,1344],"product_tag":[1770,1774,1778,1766,1872],"class_list":{"0":"post-37691","1":"product","2":"type-product","3":"status-publish","4":"has-post-thumbnail","6":"product_cat-accessori-per-esercito-caccia","7":"product_cat-lampade-lampadina-tascabile","8":"product_tag-army-survival-it","9":"product_tag-caccia-pesca","10":"product_tag-campeggio-viaggio","11":"product_tag-sport-outdoor-it","12":"product_tag-torce","14":"first","15":"instock","16":"taxable","17":"shipping-taxable","18":"purchasable","19":"product-type-simple"},"_links":{"self":[{"href":"https:\/\/metal-badge.ch\/it\/wp-json\/wp\/v2\/product\/37691","targetHints":{"allow":["GET"]}}],"collection":[{"href":"https:\/\/metal-badge.ch\/it\/wp-json\/wp\/v2\/product"}],"about":[{"href":"https:\/\/metal-badge.ch\/it\/wp-json\/wp\/v2\/types\/product"}],"replies":[{"embeddable":true,"href":"https:\/\/metal-badge.ch\/it\/wp-json\/wp\/v2\/comments?post=37691"}],"wp:featuredmedia":[{"embeddable":true,"href":"https:\/\/metal-badge.ch\/it\/wp-json\/wp\/v2\/media\/89830"}],"wp:attachment":[{"href":"https:\/\/metal-badge.ch\/it\/wp-json\/wp\/v2\/media?parent=37691"}],"wp:term":[{"taxonomy":"product_brand","embeddable":true,"href":"https:\/\/metal-badge.ch\/it\/wp-json\/wp\/v2\/product_brand?post=37691"},{"taxonomy":"product_cat","embeddable":true,"href":"https:\/\/metal-badge.ch\/it\/wp-json\/wp\/v2\/product_cat?post=37691"},{"taxonomy":"product_tag","embeddable":true,"href":"https:\/\/metal-badge.ch\/it\/wp-json\/wp\/v2\/product_tag?post=37691"}],"curies":[{"name":"wp","href":"https:\/\/api.w.org\/{rel}","templated":true}]}}