{"id":37680,"date":"2016-11-21T17:03:26","date_gmt":"2016-11-21T17:03:26","guid":{"rendered":"https:\/\/shop.metal-badge.ch\/?product=lampadina-tascabile-trustfire-168a-t6-con-luce-a-led-bianca-a-1000-lumen-con-una-batteria-inclusa"},"modified":"2020-08-02T02:19:30","modified_gmt":"2020-08-02T02:19:30","slug":"lampadina-tascabile-trustfire-168a-t6-con-luce-a-led-bianca-a-1000-lumen-con-una-batteria-inclusa","status":"publish","type":"product","link":"https:\/\/metal-badge.ch\/it\/product\/37680\/lampadina-tascabile-trustfire-168a-t6-con-luce-a-led-bianca-a-1000-lumen-con-una-batteria-inclusa\/","title":{"rendered":"Lampadina tascabile Trustfire 168A-T6 con luce a LED bianca a 1000 Lumen, con una batteria inclusa"},"content":{"rendered":"<p>Lampadina tascabile tattica ideale per il peso ridotto, ergonomica. Con un cono di luce ben rotondo. Il driver LED gestito da un microprocessore mantiene la luminosit\u00e0 costante anche quando la batteria si sta scaricando, offre 5 diversi modalit\u00e0 di luce: high, mid , low, SOS lampeggiante. La lampada viene accesa e spenta azionando l\u2019interruttore posto sul retro e premendolo leggermente si attivano i programmi luminosi. La luce lampeggiante SOS e quella stroboscopica sono degli highlight e possono esservi utili in situazioni di pericolo.<\/p>\n<p>La batteria a 1x ioni di litio da 18650 \u00e8 sufficiente all\u2019alimentazione. La durata della luce con una batteria pienamente carica varia da 5 a 18 ore. Il design metallico nero satinato di questa lampada a LED realizzata in alluminio utilizzato in aeronautica \u00e8 sempre di moda e molto resistente ai graffi. La lampadina tascabile \u00e8 resistente alla polvere ed \u00e8 antispruzzo.<\/p>\n<p>\u00a0<\/p>\n<p><strong>Informazioni prodotto:<\/strong><br \/>\nModello: 168 A Trustfire<br \/>\nColore: nero satinato<br \/>\nTipo: lampadina tascabile a LED<br \/>\nMateriale: lega di alluminio<br \/>\nNumero delle lampade: 1 Cree XM-L 2 led<br \/>\nLumen: 1000 LM<br \/>\nPeso: 285 gr. incl. 1 batteria<br \/>\nBatteria: 1x batteria inclusa nella confezione<br \/>\nColore luce: bianco<br \/>\n5x modalit\u00e0 di luce<br \/>\nDimensioni: lunghezza17.5 cm<br \/>\nDiametro testa: 4.5 cm<br \/>\nConfezione box inclusa<\/p>\n<p>\nLe batterie sono disponibili anche separatamente. TF 18650 \/ 3000 mAh\u00a0 \/ 3.7 V Li-ion prezzi a partire da 12.- al pezzo.<br \/>\nInoltre offriamo anche dei caricatori per le nostre batterie.<\/p>\n","protected":false},"excerpt":{"rendered":"<p>Lampadina tascabile tattica ideale per il peso ridotto, ergonomica. Con un cono di luce ben rotondo. Il driver LED gestito da un microprocessore mantiene la luminosit\u00e0 costante anche quando la batteria si sta scaricando, offre 5 diversi modalit\u00e0 di luce: high, mid , low, SOS lampeggiante. La lampada viene accesa e spenta azionando l\u2019interruttore posto [&hellip;]<\/p>\n","protected":false},"featured_media":89832,"comment_status":"open","ping_status":"closed","template":"","meta":{"inline_featured_image":false},"product_brand":[],"product_cat":[1348,1344],"product_tag":[1770,1774,1778,1766,1872],"class_list":{"0":"post-37680","1":"product","2":"type-product","3":"status-publish","4":"has-post-thumbnail","6":"product_cat-accessori-per-esercito-caccia","7":"product_cat-lampade-lampadina-tascabile","8":"product_tag-army-survival-it","9":"product_tag-caccia-pesca","10":"product_tag-campeggio-viaggio","11":"product_tag-sport-outdoor-it","12":"product_tag-torce","14":"first","15":"instock","16":"taxable","17":"shipping-taxable","18":"purchasable","19":"product-type-simple"},"_links":{"self":[{"href":"https:\/\/metal-badge.ch\/it\/wp-json\/wp\/v2\/product\/37680","targetHints":{"allow":["GET"]}}],"collection":[{"href":"https:\/\/metal-badge.ch\/it\/wp-json\/wp\/v2\/product"}],"about":[{"href":"https:\/\/metal-badge.ch\/it\/wp-json\/wp\/v2\/types\/product"}],"replies":[{"embeddable":true,"href":"https:\/\/metal-badge.ch\/it\/wp-json\/wp\/v2\/comments?post=37680"}],"wp:featuredmedia":[{"embeddable":true,"href":"https:\/\/metal-badge.ch\/it\/wp-json\/wp\/v2\/media\/89832"}],"wp:attachment":[{"href":"https:\/\/metal-badge.ch\/it\/wp-json\/wp\/v2\/media?parent=37680"}],"wp:term":[{"taxonomy":"product_brand","embeddable":true,"href":"https:\/\/metal-badge.ch\/it\/wp-json\/wp\/v2\/product_brand?post=37680"},{"taxonomy":"product_cat","embeddable":true,"href":"https:\/\/metal-badge.ch\/it\/wp-json\/wp\/v2\/product_cat?post=37680"},{"taxonomy":"product_tag","embeddable":true,"href":"https:\/\/metal-badge.ch\/it\/wp-json\/wp\/v2\/product_tag?post=37680"}],"curies":[{"name":"wp","href":"https:\/\/api.w.org\/{rel}","templated":true}]}}