{"id":37652,"date":"2016-11-21T16:20:15","date_gmt":"2016-11-21T16:20:15","guid":{"rendered":"https:\/\/shop.metal-badge.ch\/?product=lampadina-tascabile-trustfire-con-luce-a-led-bianca-a-1000-lumen-con-2-batteria-incluse"},"modified":"2016-11-21T16:20:32","modified_gmt":"2016-11-21T16:20:32","slug":"lampadina-tascabile-trustfire-con-luce-a-led-bianca-a-1000-lumen-con-2-batteria-incluse","status":"publish","type":"product","link":"https:\/\/metal-badge.ch\/it\/product\/37652\/lampadina-tascabile-trustfire-con-luce-a-led-bianca-a-1000-lumen-con-2-batteria-incluse\/","title":{"rendered":"Lampadina tascabile Trustfire con luce a LED bianca a 1000 Lumen, con 2 batteria incluse"},"content":{"rendered":"<p>Lampadina tascabile tattica della Trustfire con una portata fino a 500 m. Cono di luce molto luminoso. Il driver LED gestito da un microprocessore mantiene la luminosit\u00e0 costante anche quando la batteria si sta scaricando, offre 5 diversi modalit\u00e0 di luce: high, mid , low, SOS lampeggiante. La lampada viene accesa e spenta azionando l\u2019interruttore posto sul retro e premendolo leggermente si attivano i programmi luminosi. La luce lampeggiante SOS e quella stroboscopica sono degli highlight e possono esservi utili in situazioni di pericolo.1x cordicella ed un passante per la cintura in acciaio armonico inclusi nella confezione. La lampada pu\u00f2 funzionare con una o due batterie. La Trustfire pu\u00f2 anche ridurre le sue dimensioni rimuovendo la parte centrale.<\/p>\n<p>La batteria a 1x ioni di litio da 18650 \u00e8 sufficiente all\u2019alimentazione. La durata della luce con una batteria pienamente e diverse intensit\u00e0 luminose la carica varia da 5 a 18 ore. Il design metallico nero satinato di questa lampada a LED realizzata in alluminio utilizzato in aeronautica \u00e8 sempre di moda e molto resistente ai graffi. La lampadina tascabile \u00e8 resistente alla polvere ed \u00e8 antispruzzo.<\/p>\n<p>\u00a0<\/p>\n<p><strong>Informazioni prodotto:<\/strong><br \/>\nModello: Trustfire X8<br \/>\nColore: nero satinato<br \/>\nPortata: 500 m<br \/>\nTipo: lampadina tascabile a LED<br \/>\nMateriale: lega di alluminio<br \/>\nNumero delle lampade: 1 Cree XM-L 2 led<br \/>\nLumen: 1000 LM<br \/>\nPeso: 420 gr. incl. 2 batterie<br \/>\nBatterie: 2x batterie incluse nella confezione<br \/>\nColore luce: bianco<br \/>\n1x cordicella<br \/>\n1x passante per cintura in acciaio armonico<br \/>\n5x modalit\u00e0 di luce<br \/>\nDimensioni: lunghezza 24 cm<br \/>\nDiametro posteriore: 3cm<br \/>\nDiametro testa: 4.5 cm<br \/>\nConfezione box inclusa<\/p>\n<p>\u00a0<\/p>\n<p>Le batterie sono disponibili anche separatamente. TF 18650 \/ 3000 mAh\u00a0 \/ 3.7 V Li-ion prezzi a partire da 12.- al pezzo.<br \/>\nInoltre offriamo anche dei caricatori per le nostre batterie.<\/p>\n","protected":false},"excerpt":{"rendered":"<p>Lampadina tascabile tattica della Trustfire con una portata fino a 500 m. Cono di luce molto luminoso. Il driver LED gestito da un microprocessore mantiene la luminosit\u00e0 costante anche quando la batteria si sta scaricando, offre 5 diversi modalit\u00e0 di luce: high, mid , low, SOS lampeggiante. La lampada viene accesa e spenta azionando l\u2019interruttore [&hellip;]<\/p>\n","protected":false},"featured_media":89838,"comment_status":"open","ping_status":"closed","template":"","meta":{"inline_featured_image":false},"product_brand":[],"product_cat":[1348,1344],"product_tag":[1770,1774,1778,1766,1872],"class_list":{"0":"post-37652","1":"product","2":"type-product","3":"status-publish","4":"has-post-thumbnail","6":"product_cat-accessori-per-esercito-caccia","7":"product_cat-lampade-lampadina-tascabile","8":"product_tag-army-survival-it","9":"product_tag-caccia-pesca","10":"product_tag-campeggio-viaggio","11":"product_tag-sport-outdoor-it","12":"product_tag-torce","14":"first","15":"instock","16":"taxable","17":"shipping-taxable","18":"purchasable","19":"product-type-simple"},"_links":{"self":[{"href":"https:\/\/metal-badge.ch\/it\/wp-json\/wp\/v2\/product\/37652","targetHints":{"allow":["GET"]}}],"collection":[{"href":"https:\/\/metal-badge.ch\/it\/wp-json\/wp\/v2\/product"}],"about":[{"href":"https:\/\/metal-badge.ch\/it\/wp-json\/wp\/v2\/types\/product"}],"replies":[{"embeddable":true,"href":"https:\/\/metal-badge.ch\/it\/wp-json\/wp\/v2\/comments?post=37652"}],"wp:featuredmedia":[{"embeddable":true,"href":"https:\/\/metal-badge.ch\/it\/wp-json\/wp\/v2\/media\/89838"}],"wp:attachment":[{"href":"https:\/\/metal-badge.ch\/it\/wp-json\/wp\/v2\/media?parent=37652"}],"wp:term":[{"taxonomy":"product_brand","embeddable":true,"href":"https:\/\/metal-badge.ch\/it\/wp-json\/wp\/v2\/product_brand?post=37652"},{"taxonomy":"product_cat","embeddable":true,"href":"https:\/\/metal-badge.ch\/it\/wp-json\/wp\/v2\/product_cat?post=37652"},{"taxonomy":"product_tag","embeddable":true,"href":"https:\/\/metal-badge.ch\/it\/wp-json\/wp\/v2\/product_tag?post=37652"}],"curies":[{"name":"wp","href":"https:\/\/api.w.org\/{rel}","templated":true}]}}