{"id":37536,"date":"2016-11-21T10:02:05","date_gmt":"2016-11-21T10:02:05","guid":{"rendered":"https:\/\/shop.metal-badge.ch\/?product=binocolo-cannocchiale-da-campo-8-x-40-dp-mimetico"},"modified":"2022-01-19T17:35:49","modified_gmt":"2022-01-19T16:35:49","slug":"binocolo-cannocchiale-da-campo-mimetico","status":"publish","type":"product","link":"https:\/\/metal-badge.ch\/it\/product\/37536\/binocolo-cannocchiale-da-campo-mimetico\/","title":{"rendered":"Binocolo \/ cannocchiale da campo mimetico"},"content":{"rendered":"<p>Binocolo robusto ed impermeabile con ampia distanza pupille per un campo di visione chiaro anche per chi indossa gli occhiali. Paraocchi girevoli e regolabili con sistema multi-click per una determinare la posizione degli occhi con pi\u00f9 facilit\u00e0. Dal momento che il binocolo \u00e8 riempito di azoto non si appanna e offre un\u2019immagine chiara in qualsiasi condizione atmosferica. Il binocolo ha una ottima ergonomia ed \u00e8 resistente grazie alla gommatura per questo \u00e8 adatto ad una serie di attivit\u00e0 all\u2019area aperta.<\/p>\n<p><strong>Informazioni prodotto:<\/strong><\/p>\n<ul>\n<li>Impermeabile (per 5 minuti e ad una profondit\u00e0 massima di 1 metro) e antiappannante<\/li>\n<li>Riempito di azoto<\/li>\n<li>Ampia distanza tra la pupilla d\u2019uscita che garantisce una chiara visione anche a chi indossa degli occhiali.<\/li>\n<li>Paraocchi gommati regolabili in molte posizioni che rendono facile trovare la posizione giusta per la pupilla d\u2019uscita<\/li>\n<li>Lenti multistrato e diametro obiettivo grande per un\u2019immagine chiarissima<\/li>\n<li>Gommato per una maggiore resistenza agli urti oltre ad una migliore e pi\u00f9 sicura maneggevolezza<\/li>\n<li>Rotella centrale grande che pu\u00f2 essere anche manovrata con i guanti<\/li>\n<li>Zoom: x8 f \/ x10 f<\/li>\n<li>Diametro lenti: 40 mm \/ 50mm<\/li>\n<li>Pupilla d\u2019uscita: 5 mm<\/li>\n<li>Distanza occhi: 19.2 mm molto buona per chi indossa gli occhiali<\/li>\n<li>Fuoco: messa a fuoco centrale (rotella centrale)<\/li>\n<li>Peso: 760 gr. \/ 970 gr.<\/li>\n<li>Prismi: BK4<\/li>\n<li>Angolo di veduta: 7.5\u00b0<\/li>\n<li>Colore: mimetico<\/li>\n<li>Dimensioni:<br \/>\n<strong>8 x 40 <\/strong>(larghezza 18.7 cm \/ lunghezza 14.2 cm \/ altezza 6.2 cm)<br \/>\n<strong>10 x 50 <\/strong>(larghezza 18.7 cm \/ lunghezza 17 cm \/ altezza 6.2 cm)<\/li>\n<li>Inclusi nella confezione: borsello e panno per la pulizia, tracolla<\/li>\n<\/ul>\n","protected":false},"excerpt":{"rendered":"<p>Binocolo robusto ed impermeabile con ampia distanza pupille per un campo di visione chiaro anche per chi indossa gli occhiali. Paraocchi girevoli e regolabili con sistema multi-click per una determinare la posizione degli occhi con pi\u00f9 facilit\u00e0. Dal momento che il binocolo \u00e8 riempito di azoto non si appanna e offre un\u2019immagine chiara in qualsiasi condizione atmosferica. Il binocolo ha una ottima ergonomia ed \u00e8 resistente grazie alla gommatura per questo \u00e8 adatto ad una serie di attivit\u00e0 all\u2019area aperta.<\/p>\n","protected":false},"featured_media":102379,"comment_status":"open","ping_status":"closed","template":"","meta":{"inline_featured_image":false},"product_brand":[],"product_cat":[1348,1340],"product_tag":[1770,1774,1778,1782,1766],"class_list":{"0":"post-37536","1":"product","2":"type-product","3":"status-publish","4":"has-post-thumbnail","6":"product_cat-accessori-per-esercito-caccia","7":"product_cat-binocoli-dispositivi-per-la-visione-notturna","8":"product_tag-army-survival-it","9":"product_tag-caccia-pesca","10":"product_tag-campeggio-viaggio","11":"product_tag-polizia-sicurezza","12":"product_tag-sport-outdoor-it","14":"first","15":"instock","16":"taxable","17":"shipping-taxable","18":"purchasable","19":"product-type-simple"},"_links":{"self":[{"href":"https:\/\/metal-badge.ch\/it\/wp-json\/wp\/v2\/product\/37536","targetHints":{"allow":["GET"]}}],"collection":[{"href":"https:\/\/metal-badge.ch\/it\/wp-json\/wp\/v2\/product"}],"about":[{"href":"https:\/\/metal-badge.ch\/it\/wp-json\/wp\/v2\/types\/product"}],"replies":[{"embeddable":true,"href":"https:\/\/metal-badge.ch\/it\/wp-json\/wp\/v2\/comments?post=37536"}],"wp:featuredmedia":[{"embeddable":true,"href":"https:\/\/metal-badge.ch\/it\/wp-json\/wp\/v2\/media\/102379"}],"wp:attachment":[{"href":"https:\/\/metal-badge.ch\/it\/wp-json\/wp\/v2\/media?parent=37536"}],"wp:term":[{"taxonomy":"product_brand","embeddable":true,"href":"https:\/\/metal-badge.ch\/it\/wp-json\/wp\/v2\/product_brand?post=37536"},{"taxonomy":"product_cat","embeddable":true,"href":"https:\/\/metal-badge.ch\/it\/wp-json\/wp\/v2\/product_cat?post=37536"},{"taxonomy":"product_tag","embeddable":true,"href":"https:\/\/metal-badge.ch\/it\/wp-json\/wp\/v2\/product_tag?post=37536"}],"curies":[{"name":"wp","href":"https:\/\/api.w.org\/{rel}","templated":true}]}}