{"id":37461,"date":"2016-11-18T11:03:12","date_gmt":"2016-11-18T11:03:12","guid":{"rendered":"https:\/\/shop.metal-badge.ch\/?product=giacca-outdoor-verde-oliva-senza-cappuccino"},"modified":"2023-01-10T03:07:39","modified_gmt":"2023-01-10T02:07:39","slug":"giacca-outdoor-verde-oliva-senza-cappuccino","status":"publish","type":"product","link":"https:\/\/metal-badge.ch\/it\/product\/37461\/giacca-outdoor-verde-oliva-senza-cappuccino\/","title":{"rendered":"Giacca outdoor verde oliva senza cappuccino"},"content":{"rendered":"<p>Giacca imbottita per un ulteriore calore e comfort durante i freddi mesi invernali per la caccia o per altre attivit\u00e0 all\u2019aria aperta. Con imbottitura colletto soffice e morbido. Il colletto pu\u00f2 essere rimosso o aggiunto tramite velcro. La giacca in cotone e poliestere \u00e8 impermeabile e protegge in maniera assoluta dal vento e dal freddo. La giacca \u00e8 traspirante ed ha 6 ampie tasche esterne. Le tasche esterne offrono molto spazio per conservare oggetti. Nell\u2019imbottitura ci sono anche delle ampie tasche rispettivamente una a destra e una a sinistr. I polsini possono essere regolati tramite bottoni automatici. La giacca si chiude con una cerniera ed una bottoniera. La giacca ha un taglio lungo e supera la vita. Con un elastico pu\u00f2 essere stretta sulla vita ovvero regolata. Diversi inserti, toppe sulla manica, petto e spalle.<\/p>\n<p>\u00a0<\/p>\n<p><strong>Informazioni prodotto: <\/strong><br \/>\nMarca: Free Army<br \/>\nAssolutamente resistente a vento e freddo<br \/>\nImpermeabile e traspirante<br \/>\nMolto resistente rimane asciutta anche in caso di brevi piogge.<br \/>\nDiversi inserti, toppe sulla manica, petto e spalle.<br \/>\nColore: verde oliva<br \/>\nMateriale: 35 % cotone \/ 65 % poliestere<br \/>\nTaglio e lunghezza: lungo oltre la vita<br \/>\nPeso: 1200 gr.<br \/>\nColletto: pu\u00f2 essere rimosso tramite velcro<br \/>\nColletto morbido e soffice<br \/>\nCerniera e bottoniera<br \/>\nCon 4x ampie tasche esterne con bottoni<br \/>\nCon 1x ampia tasca interna<br \/>\nDimensioni: S, M, L, XL taglio lungo oltre la vita<\/p>\n","protected":false},"excerpt":{"rendered":"<p>Giacca imbottita per un ulteriore calore e comfort durante i freddi mesi invernali per la caccia o per altre attivit\u00e0 all\u2019aria aperta. Con imbottitura colletto soffice e morbido. Il colletto pu\u00f2 essere rimosso o aggiunto tramite velcro. La giacca in cotone e poliestere \u00e8 impermeabile e protegge in maniera assoluta dal vento e dal freddo. [&hellip;]<\/p>\n","protected":false},"featured_media":89862,"comment_status":"open","ping_status":"closed","template":"","meta":{"inline_featured_image":false},"product_brand":[],"product_cat":[2190],"product_tag":[],"class_list":{"0":"post-37461","1":"product","2":"type-product","3":"status-publish","4":"has-post-thumbnail","6":"product_cat-abbigliamentoperiltempolibero","8":"first","9":"instock","10":"taxable","11":"shipping-taxable","12":"purchasable","13":"product-type-simple"},"_links":{"self":[{"href":"https:\/\/metal-badge.ch\/it\/wp-json\/wp\/v2\/product\/37461","targetHints":{"allow":["GET"]}}],"collection":[{"href":"https:\/\/metal-badge.ch\/it\/wp-json\/wp\/v2\/product"}],"about":[{"href":"https:\/\/metal-badge.ch\/it\/wp-json\/wp\/v2\/types\/product"}],"replies":[{"embeddable":true,"href":"https:\/\/metal-badge.ch\/it\/wp-json\/wp\/v2\/comments?post=37461"}],"wp:featuredmedia":[{"embeddable":true,"href":"https:\/\/metal-badge.ch\/it\/wp-json\/wp\/v2\/media\/89862"}],"wp:attachment":[{"href":"https:\/\/metal-badge.ch\/it\/wp-json\/wp\/v2\/media?parent=37461"}],"wp:term":[{"taxonomy":"product_brand","embeddable":true,"href":"https:\/\/metal-badge.ch\/it\/wp-json\/wp\/v2\/product_brand?post=37461"},{"taxonomy":"product_cat","embeddable":true,"href":"https:\/\/metal-badge.ch\/it\/wp-json\/wp\/v2\/product_cat?post=37461"},{"taxonomy":"product_tag","embeddable":true,"href":"https:\/\/metal-badge.ch\/it\/wp-json\/wp\/v2\/product_tag?post=37461"}],"curies":[{"name":"wp","href":"https:\/\/api.w.org\/{rel}","templated":true}]}}