{"id":37399,"date":"2016-11-15T14:36:10","date_gmt":"2016-11-15T14:36:10","guid":{"rendered":"https:\/\/shop.metal-badge.ch\/?product=giacca-a-vento-ultra-leggera-di-colore-nero"},"modified":"2020-08-02T02:16:54","modified_gmt":"2020-08-02T02:16:54","slug":"giacca-a-vento-ultra-leggera-di-colore-nero","status":"publish","type":"product","link":"https:\/\/metal-badge.ch\/it\/product\/37399\/giacca-a-vento-ultra-leggera-di-colore-nero\/","title":{"rendered":"Giacca a vento ultra leggera di colore nero"},"content":{"rendered":"<p>Una giacca da corsa estremamente leggera contro il vento ed impermeabile di materiale funzionale. Un vero peso piuma. Pesa appena 110 grammi. La giacca \u00e8 ideale per tutte le attivit\u00e0 di corsa. Essa pu\u00f2 essere riposta nella borsetta inclusa nella confezione in modo da occupare pochissimo spazio e trovare posto in ogni tasca di un pantalone.<\/p>\n<p>\u00a0<\/p>\n<p><strong>Informazioni prodotto: <\/strong><br \/>\nIdeale per tutti i tipi di attivit\u00e0 di corsa<br \/>\nUltra leggera ed resistente al vento<br \/>\nImpermeabile a antimacchia<br \/>\nMateriale: 100% poliestere, materiale leggero<br \/>\nCappuccio con elastico<br \/>\nElastico sulla vita<br \/>\nCerniera dal basso all\u2019alto per poter essere indossata e tolta facilmente<br \/>\n2x tasche esterne con cerniera<br \/>\nPolsini elastici per un perfetto comfort<br \/>\nPeso: 110 gr.<br \/>\nColore: nero \/ cerniere blu<br \/>\n100 % poliestere<\/p>\n","protected":false},"excerpt":{"rendered":"<p>Una giacca da corsa estremamente leggera contro il vento ed impermeabile di materiale funzionale. Un vero peso piuma. Pesa appena 110 grammi. La giacca \u00e8 ideale per tutte le attivit\u00e0 di corsa. Essa pu\u00f2 essere riposta nella borsetta inclusa nella confezione in modo da occupare pochissimo spazio e trovare posto in ogni tasca di un [&hellip;]<\/p>\n","protected":false},"featured_media":89868,"comment_status":"open","ping_status":"closed","template":"","meta":{"inline_featured_image":false},"product_brand":[],"product_cat":[1599],"product_tag":[1774,1766],"class_list":{"0":"post-37399","1":"product","2":"type-product","3":"status-publish","4":"has-post-thumbnail","6":"product_cat-giacca-a-vento","7":"product_tag-caccia-pesca","8":"product_tag-sport-outdoor-it","10":"first","11":"instock","12":"taxable","13":"shipping-taxable","14":"purchasable","15":"product-type-simple"},"_links":{"self":[{"href":"https:\/\/metal-badge.ch\/it\/wp-json\/wp\/v2\/product\/37399","targetHints":{"allow":["GET"]}}],"collection":[{"href":"https:\/\/metal-badge.ch\/it\/wp-json\/wp\/v2\/product"}],"about":[{"href":"https:\/\/metal-badge.ch\/it\/wp-json\/wp\/v2\/types\/product"}],"replies":[{"embeddable":true,"href":"https:\/\/metal-badge.ch\/it\/wp-json\/wp\/v2\/comments?post=37399"}],"wp:featuredmedia":[{"embeddable":true,"href":"https:\/\/metal-badge.ch\/it\/wp-json\/wp\/v2\/media\/89868"}],"wp:attachment":[{"href":"https:\/\/metal-badge.ch\/it\/wp-json\/wp\/v2\/media?parent=37399"}],"wp:term":[{"taxonomy":"product_brand","embeddable":true,"href":"https:\/\/metal-badge.ch\/it\/wp-json\/wp\/v2\/product_brand?post=37399"},{"taxonomy":"product_cat","embeddable":true,"href":"https:\/\/metal-badge.ch\/it\/wp-json\/wp\/v2\/product_cat?post=37399"},{"taxonomy":"product_tag","embeddable":true,"href":"https:\/\/metal-badge.ch\/it\/wp-json\/wp\/v2\/product_tag?post=37399"}],"curies":[{"name":"wp","href":"https:\/\/api.w.org\/{rel}","templated":true}]}}