{"id":37338,"date":"2016-11-10T11:23:02","date_gmt":"2016-11-10T11:23:02","guid":{"rendered":"https:\/\/shop.metal-badge.ch\/?product=giacca-outdoor-verde-oliva-con-cappuccio-rimovibile"},"modified":"2022-12-12T16:47:17","modified_gmt":"2022-12-12T15:47:17","slug":"giacca-outdoor-verde-oliva-con-cappuccio-rimovibile","status":"publish","type":"product","link":"https:\/\/metal-badge.ch\/it\/product\/37338\/giacca-outdoor-verde-oliva-con-cappuccio-rimovibile\/","title":{"rendered":"Giacca outdoor verde oliva con cappuccio rimovibile"},"content":{"rendered":"<p>Giacca imbottita per un ulteriore calore e comfort durante i freddi mesi invernali per la caccia o per altre attivit\u00e0 all\u2019aria aperta. Con imbottitura in pile soffice e morbido. La giacca in cotone e poliestere \u00e8 impermeabile e protegge in maniera assoluta dal vento e dal freddo. Persino il cappuccio \u00e8 imbottito ed ha un copri mento richiudibile con un bottone. Il cappuccio inoltre pu\u00f2 essere rimosso tramite la cerniera. La giacca \u00e8 traspirante ed ha 4 tasche esterne. Due tasche esterne si chiudono con la cerniera. Le tasche esterne offrono molto spazio per conservare oggetti. Nell\u2019imbottitura interna ci sono due tasche grandi rispettivamente a destra e a sinistra. La giacca pu\u00f2 essere chiusa con la cerniera o con 6 bottoni automatici. Grazie ad un cordoncino elastico con fermaglio la giacca pu\u00f2 essere regolata sulla vita. La giacca ha un taglio lungo e pertanto supera leggermente la vita.\u00a0\u00a0<\/p>\n<p>\u00a0<\/p>\n<p><strong>Informazioni prodotto: <\/strong><br \/>\nMarca: Free Army<br \/>\nAssolutamente resistente a vento e freddo<br \/>\nImpermeabile e traspirante<br \/>\nMolto resistente rimane asciutta anche in caso di brevi piogge.<br \/>\nColore: verde oliva<br \/>\nMateriale: 35 % cotone \/ 65 % poliestere<br \/>\nTaglio e lunghezza: lunga leggermente oltre la vita<br \/>\nPeso: 1100 gr.<br \/>\nCappuccio: pu\u00f2 essere rimosso tramite cerniera.<br \/>\nImbottitura in pile soffice e morbido<br \/>\nCappuccio imbottito<br \/>\nSistema di chiusura con cerniera e bottoniera con bottoni automatici<br \/>\nCon 4x ampie tasche esterne di cui 2 con cerniera<br \/>\nCon 2x ampie tasche interne<br \/>\nDimensioni: S, M, L, XL taglio normale<\/p>\n","protected":false},"excerpt":{"rendered":"<p>Giacca imbottita per un ulteriore calore e comfort durante i freddi mesi invernali per la caccia o per altre attivit\u00e0 all\u2019aria aperta. Con imbottitura in pile soffice e morbido. La giacca in cotone e poliestere \u00e8 impermeabile e protegge in maniera assoluta dal vento e dal freddo. Persino il cappuccio \u00e8 imbottito ed ha un [&hellip;]<\/p>\n","protected":false},"featured_media":89876,"comment_status":"open","ping_status":"closed","template":"","meta":{"inline_featured_image":false},"product_brand":[],"product_cat":[2190],"product_tag":[],"class_list":{"0":"post-37338","1":"product","2":"type-product","3":"status-publish","4":"has-post-thumbnail","6":"product_cat-abbigliamentoperiltempolibero","8":"first","9":"instock","10":"taxable","11":"shipping-taxable","12":"purchasable","13":"product-type-simple"},"_links":{"self":[{"href":"https:\/\/metal-badge.ch\/it\/wp-json\/wp\/v2\/product\/37338","targetHints":{"allow":["GET"]}}],"collection":[{"href":"https:\/\/metal-badge.ch\/it\/wp-json\/wp\/v2\/product"}],"about":[{"href":"https:\/\/metal-badge.ch\/it\/wp-json\/wp\/v2\/types\/product"}],"replies":[{"embeddable":true,"href":"https:\/\/metal-badge.ch\/it\/wp-json\/wp\/v2\/comments?post=37338"}],"wp:featuredmedia":[{"embeddable":true,"href":"https:\/\/metal-badge.ch\/it\/wp-json\/wp\/v2\/media\/89876"}],"wp:attachment":[{"href":"https:\/\/metal-badge.ch\/it\/wp-json\/wp\/v2\/media?parent=37338"}],"wp:term":[{"taxonomy":"product_brand","embeddable":true,"href":"https:\/\/metal-badge.ch\/it\/wp-json\/wp\/v2\/product_brand?post=37338"},{"taxonomy":"product_cat","embeddable":true,"href":"https:\/\/metal-badge.ch\/it\/wp-json\/wp\/v2\/product_cat?post=37338"},{"taxonomy":"product_tag","embeddable":true,"href":"https:\/\/metal-badge.ch\/it\/wp-json\/wp\/v2\/product_tag?post=37338"}],"curies":[{"name":"wp","href":"https:\/\/api.w.org\/{rel}","templated":true}]}}