{"id":37278,"date":"2016-11-07T15:26:50","date_gmt":"2016-11-07T15:26:50","guid":{"rendered":"https:\/\/shop.metal-badge.ch\/?product=giacca-outdoor-verde-oliva"},"modified":"2023-01-10T02:45:09","modified_gmt":"2023-01-10T01:45:09","slug":"giacca-outdoor-verde-oliva-2","status":"publish","type":"product","link":"https:\/\/metal-badge.ch\/it\/product\/37278\/giacca-outdoor-verde-oliva-2\/","title":{"rendered":"Giacca outdoor verde oliva"},"content":{"rendered":"<p>Comoda giacca outdoor imbottita di colore verde oliva ideale per le mezze stagioni per la caccia o altre attivit\u00e0 all\u2019aria aperta. La giacca \u00e8 di cotone e poliestere ed \u00e8 impermeabile, protegge dal vento e dal freddo. Il colletto basso di 5 cm pu\u00f2 essere richiuso utilizzando un bottone automatico. La giacca \u00e8 traspirante ed ha 2 ampie tasche esterne. Nell\u2019imbottitura ci sono delle ampie tasche rispettivamente a destra e a sinistra. I polsini sono regolabili in due posizioni tramite bottoni automatici. La giacca si chiude con una cerniera.<\/p>\n<p>\u00a0<\/p>\n<p><strong>Informazioni prodotto: <\/strong><\/p>\n<p>Marca: Free Army<br \/>\nGiacca trampuntata anteriormente<br \/>\nColletto basso di cm 5 cm anteriormente<br \/>\nResistente a vento e freddo<br \/>\nImpermeabile e traspirante<br \/>\nRobusta e rimane ascutta anche in caso di brevi piogge.<br \/>\nColore verde oliva<br \/>\nMateriale: 35 % cotone \/ 65 % poliestere<br \/>\nTaglioo e lunghezza: normali<br \/>\nPeso: 850 gr.<br \/>\nCerniera<br \/>\nPolsini sono regolabili in due posizioni tramite bottoni automatici<br \/>\nCon 2 ampie tasche esterne<br \/>\nCon 2 ampie tasche interne<br \/>\nMisure: S, M, L, XL taglio normale<\/p>\n","protected":false},"excerpt":{"rendered":"<p>Comoda giacca outdoor imbottita di colore verde oliva ideale per le mezze stagioni per la caccia o altre attivit\u00e0 all\u2019aria aperta. La giacca \u00e8 di cotone e poliestere ed \u00e8 impermeabile, protegge dal vento e dal freddo. Il colletto basso di 5 cm pu\u00f2 essere richiuso utilizzando un bottone automatico. La giacca \u00e8 traspirante ed [&hellip;]<\/p>\n","protected":false},"featured_media":37269,"comment_status":"open","ping_status":"closed","template":"","meta":{"inline_featured_image":false},"product_brand":[],"product_cat":[2190],"product_tag":[],"class_list":{"0":"post-37278","1":"product","2":"type-product","3":"status-publish","4":"has-post-thumbnail","6":"product_cat-abbigliamentoperiltempolibero","8":"first","9":"instock","10":"taxable","11":"shipping-taxable","12":"purchasable","13":"product-type-simple"},"_links":{"self":[{"href":"https:\/\/metal-badge.ch\/it\/wp-json\/wp\/v2\/product\/37278","targetHints":{"allow":["GET"]}}],"collection":[{"href":"https:\/\/metal-badge.ch\/it\/wp-json\/wp\/v2\/product"}],"about":[{"href":"https:\/\/metal-badge.ch\/it\/wp-json\/wp\/v2\/types\/product"}],"replies":[{"embeddable":true,"href":"https:\/\/metal-badge.ch\/it\/wp-json\/wp\/v2\/comments?post=37278"}],"wp:featuredmedia":[{"embeddable":true,"href":"https:\/\/metal-badge.ch\/it\/wp-json\/wp\/v2\/media\/37269"}],"wp:attachment":[{"href":"https:\/\/metal-badge.ch\/it\/wp-json\/wp\/v2\/media?parent=37278"}],"wp:term":[{"taxonomy":"product_brand","embeddable":true,"href":"https:\/\/metal-badge.ch\/it\/wp-json\/wp\/v2\/product_brand?post=37278"},{"taxonomy":"product_cat","embeddable":true,"href":"https:\/\/metal-badge.ch\/it\/wp-json\/wp\/v2\/product_cat?post=37278"},{"taxonomy":"product_tag","embeddable":true,"href":"https:\/\/metal-badge.ch\/it\/wp-json\/wp\/v2\/product_tag?post=37278"}],"curies":[{"name":"wp","href":"https:\/\/api.w.org\/{rel}","templated":true}]}}