{"id":37261,"date":"2016-11-07T12:35:16","date_gmt":"2016-11-07T12:35:16","guid":{"rendered":"https:\/\/shop.metal-badge.ch\/?product=guanti-monouso-in-lattice-con-polvere"},"modified":"2016-11-07T12:42:48","modified_gmt":"2016-11-07T12:42:48","slug":"guanti-monouso-in-lattice-con-polvere","status":"publish","type":"product","link":"https:\/\/metal-badge.ch\/it\/product\/37261\/guanti-monouso-in-lattice-con-polvere\/","title":{"rendered":"Guanti monouso in lattice, con polvere"},"content":{"rendered":"<p>Ancora pi\u00f9 flessibile del vinile ma al tempo stesso pi\u00f9 resistente agli olii e ai grassi. Indossabili su entrambi i lati.<br \/>\nLeggermente impolverati con estremit\u00e0 arrotolabile. Buona presa.<br \/>\nCartone con 100 pz.<br \/>\nISO 13485-2003 EN 420 Cat. 2, EN 455 1-4<br \/>\nColore: bianco<br \/>\nMisure: M &#8211; L<br \/>\n\u00a0<\/p>\n","protected":false},"excerpt":{"rendered":"<p>Ancora pi\u00f9 flessibile del vinile ma al tempo stesso pi\u00f9 resistente agli olii e ai grassi. Indossabili su entrambi i lati. Leggermente impolverati con estremit\u00e0 arrotolabile. Buona presa. Cartone con 100 pz. ISO 13485-2003 EN 420 Cat. 2, EN 455 1-4 Colore: bianco Misure: M &#8211; L \u00a0<\/p>\n","protected":false},"featured_media":89886,"comment_status":"open","ping_status":"closed","template":"","meta":{"inline_featured_image":false},"product_brand":[],"product_cat":[1642],"product_tag":[1782,1766],"class_list":{"0":"post-37261","1":"product","2":"type-product","3":"status-publish","4":"has-post-thumbnail","6":"product_cat-guanti-guanti-da-azione","7":"product_tag-polizia-sicurezza","8":"product_tag-sport-outdoor-it","10":"first","11":"instock","12":"taxable","13":"shipping-taxable","14":"purchasable","15":"product-type-simple"},"_links":{"self":[{"href":"https:\/\/metal-badge.ch\/it\/wp-json\/wp\/v2\/product\/37261","targetHints":{"allow":["GET"]}}],"collection":[{"href":"https:\/\/metal-badge.ch\/it\/wp-json\/wp\/v2\/product"}],"about":[{"href":"https:\/\/metal-badge.ch\/it\/wp-json\/wp\/v2\/types\/product"}],"replies":[{"embeddable":true,"href":"https:\/\/metal-badge.ch\/it\/wp-json\/wp\/v2\/comments?post=37261"}],"wp:featuredmedia":[{"embeddable":true,"href":"https:\/\/metal-badge.ch\/it\/wp-json\/wp\/v2\/media\/89886"}],"wp:attachment":[{"href":"https:\/\/metal-badge.ch\/it\/wp-json\/wp\/v2\/media?parent=37261"}],"wp:term":[{"taxonomy":"product_brand","embeddable":true,"href":"https:\/\/metal-badge.ch\/it\/wp-json\/wp\/v2\/product_brand?post=37261"},{"taxonomy":"product_cat","embeddable":true,"href":"https:\/\/metal-badge.ch\/it\/wp-json\/wp\/v2\/product_cat?post=37261"},{"taxonomy":"product_tag","embeddable":true,"href":"https:\/\/metal-badge.ch\/it\/wp-json\/wp\/v2\/product_tag?post=37261"}],"curies":[{"name":"wp","href":"https:\/\/api.w.org\/{rel}","templated":true}]}}