{"id":37229,"date":"2016-10-28T11:07:18","date_gmt":"2016-10-28T11:07:18","guid":{"rendered":"https:\/\/shop.metal-badge.ch\/?product=giacca-outdoor-in-stile-manchester-trendy"},"modified":"2023-01-10T03:00:28","modified_gmt":"2023-01-10T02:00:28","slug":"giacca-outdoor-in-stile-manchester-trendy","status":"publish","type":"product","link":"https:\/\/metal-badge.ch\/it\/product\/37229\/giacca-outdoor-in-stile-manchester-trendy\/","title":{"rendered":"Giacca outdoor in stile Manchester trendy"},"content":{"rendered":"<p>Giacca alla moda con spalle, maniche e parte anteriore in stile Manchester trendy con cuciture per lungo. Giacca imbottita con un maggiore comfort e ancora pi\u00f9 calda per i freddi mesi invernali per la caccia o altre attivit\u00e0 all\u2019aria aperta. Imbottitura a quadri. La giacca in cotone e poliestere \u00e8 impermeabile ed assolutamente resistente al vento e al freddo. Persino il cappuccio \u00e8 imbottito e regolabile con un elastico con fermaglio. Il cappuccio pu\u00f2 essere rimosso tramite cerniera. La giacca \u00e8 traspirante ed \u00e8 dotata di 6 ampie tasche esterne 5 delle quali hanno dei bottoni automatici ed una con cerniera. Le tasche esterne offrono molto spazio per riporre oggetti. Nell\u2019imbottitura interna inoltre ci sono 2 ulteriori tasche con cerniera. I polsini e la vita hanno una banda elastica di 6.0 cm. La giacca ha una cerniera ed una bottoniera con 3 bottoni automatici.<\/p>\n<p>\u00a0<\/p>\n<p><strong>Informazioni prodotto: <\/strong><\/p>\n<p>Marca: Free Army<br \/>\nAssolutamente resistente a vento e freddo<br \/>\nImpermeabile e traspirante<br \/>\nMolto resistente rimane asciutta anche in caso di brevi piogge.<br \/>\nColore: verde oliva<br \/>\nMateriale: 35 % cotone \/ 65 % poliestere<br \/>\nTaglio e lunghezza: normale<br \/>\nPeso: 1290 gr.<br \/>\nCappuccio: pu\u00f2 essere rimosso tramite cerniera.<br \/>\nCappuccio imbottito con elastico<br \/>\nCerniera e bottoniera<br \/>\nPolsini e vita con banda elastica<br \/>\nCon 5x ampie tasche esterne con bottoni automatici<br \/>\nCon 1x tasca esterna con cerniera<br \/>\nCon 2x ampie tasche interne con cerniera<br \/>\nMisure: S, M, L, XL taglio normale<\/p>\n","protected":false},"excerpt":{"rendered":"<p>Giacca alla moda con spalle, maniche e parte anteriore in stile Manchester trendy con cuciture per lungo. Giacca imbottita con un maggiore comfort e ancora pi\u00f9 calda per i freddi mesi invernali per la caccia o altre attivit\u00e0 all\u2019aria aperta. Imbottitura a quadri. La giacca in cotone e poliestere \u00e8 impermeabile ed assolutamente resistente al [&hellip;]<\/p>\n","protected":false},"featured_media":89890,"comment_status":"open","ping_status":"closed","template":"","meta":{"inline_featured_image":false},"product_brand":[],"product_cat":[2190],"product_tag":[],"class_list":{"0":"post-37229","1":"product","2":"type-product","3":"status-publish","4":"has-post-thumbnail","6":"product_cat-abbigliamentoperiltempolibero","8":"first","9":"instock","10":"taxable","11":"shipping-taxable","12":"purchasable","13":"product-type-simple"},"_links":{"self":[{"href":"https:\/\/metal-badge.ch\/it\/wp-json\/wp\/v2\/product\/37229","targetHints":{"allow":["GET"]}}],"collection":[{"href":"https:\/\/metal-badge.ch\/it\/wp-json\/wp\/v2\/product"}],"about":[{"href":"https:\/\/metal-badge.ch\/it\/wp-json\/wp\/v2\/types\/product"}],"replies":[{"embeddable":true,"href":"https:\/\/metal-badge.ch\/it\/wp-json\/wp\/v2\/comments?post=37229"}],"wp:featuredmedia":[{"embeddable":true,"href":"https:\/\/metal-badge.ch\/it\/wp-json\/wp\/v2\/media\/89890"}],"wp:attachment":[{"href":"https:\/\/metal-badge.ch\/it\/wp-json\/wp\/v2\/media?parent=37229"}],"wp:term":[{"taxonomy":"product_brand","embeddable":true,"href":"https:\/\/metal-badge.ch\/it\/wp-json\/wp\/v2\/product_brand?post=37229"},{"taxonomy":"product_cat","embeddable":true,"href":"https:\/\/metal-badge.ch\/it\/wp-json\/wp\/v2\/product_cat?post=37229"},{"taxonomy":"product_tag","embeddable":true,"href":"https:\/\/metal-badge.ch\/it\/wp-json\/wp\/v2\/product_tag?post=37229"}],"curies":[{"name":"wp","href":"https:\/\/api.w.org\/{rel}","templated":true}]}}