{"id":37060,"date":"2016-09-20T00:41:12","date_gmt":"2016-09-20T00:41:12","guid":{"rendered":"https:\/\/shop.metal-badge.ch\/?product=bracciale-con-badge-remarkable-guardia-svizzera"},"modified":"2020-08-02T02:13:50","modified_gmt":"2020-08-02T02:13:50","slug":"bracciale-con-badge-remarkable-guardia-svizzera","status":"publish","type":"product","link":"https:\/\/metal-badge.ch\/it\/product\/37060\/bracciale-con-badge-remarkable-guardia-svizzera\/","title":{"rendered":"Bracciale con badge &#8220;Remarkable&#8221; Guardia Svizzera"},"content":{"rendered":"<p>Bracciale con badge porta-cellulare.\u00a0<\/p>\n<p>Questo bracciale elastico pu\u00f2 essere adattato comodamente al braccio della persona che lo indossa. Il bracciale \u00e8 dotato di un particolare velcro. Questo bracciale multifunzione ha una finestrella trasparente porta-documento ed un supporto porta-badge. Il badge pu\u00f2 essere estratto dal supporto con pochi movimenti. Sul bracciale vi sono diverse strisce di velcro per applicarvi delle scritte. Inclusa nel prezzo c\u2019\u00e8 la patch in gomma con la scritta \u201ePOLICE\u201c oppure \u201eSECURITY\u201c che pu\u00f2 essere applicata tramite velcro. La <strong>patch in tessuto<\/strong> con la bandiera (Svizzera) pu\u00f2 essere acquistata opzionalmente cos\u00ec come una patch in gomma con la scritta <strong>Switzerland<\/strong>. Anche queste sono dotate di velcro e possono essere attaccate al bracciale.<\/p>\n<p><strong>In quest\u2019offerta \u00e8 incluso anche il un porta telefono cellulare.<\/strong>\u00a0 \u00a0 \u00a0 \u00a0 \u00a0 \u00a0 \u00a0 \u00a0 \u00a0 \u00a0 \u00a0 \u00a0 \u00a0 \u00a0 \u00a0 \u00a0 \u00a0 \u00a0 \u00a0 \u00a0 \u00a0 \u00a0 Dimensioni porta-telefono: altezza 14 cm \/ larghezza 8 cm \/ spessore 1.5 cm<\/p>\n<p>Il \u201e<strong>porta telefono cellulare<\/strong>\u201c \u00e8 realizzato in materiale Cordura resistente ed ha esternamente un portapenne, dalla parte interna invece possiede un bottone con chiusura a pressione e un velcro di sicurezza. Questo porta-cellulare pu\u00f2 essere montato comodamente sul bracciale sopra il badge tramite il bottone a pressione ed il velcro. In tal modo il supporto del badge non sar\u00e0 pi\u00f9 visibile. Adatto ad attivit\u00e0 civili, tempo libero, ad esempio jogging ecc. Il porta telefono cellulare pu\u00f2 essere chiaramente rimosso dal bracciale ed utilizzato come supporto per cintura.<\/p>\n<p>\u00a0<\/p>\n<p><strong>Descrizione prodotto:\u00a0<\/strong><\/p>\n<p><strong>Colore:<\/strong> nero<\/p>\n<p><strong>Materiale:\u00a0 <\/strong>bandiera svizzera: patch in stoffa 5 cm x 5 cm<\/p>\n<p><strong>Dimensioni bracciale:<\/strong><\/p>\n<p>Lunghezza 37 cm \/ altezza 8 cm la larghezza pu\u00f2 essere regolata individualmente.<\/p>\n<p><strong>Dimensioni porta telefono cellulare:<\/strong><\/p>\n<p>Con portapenne elastico<\/p>\n<p>Dimensioni porta-telefono: altezza 14 cm \/ larghezza 8 cm \/ spessore 1.5 cm<\/p>\n<p>\u00a0<\/p>\n<p><strong>Prezzo:<\/strong> con badge e patch in gomma <strong>POLICE<\/strong> o <strong>SECURITY <\/strong>89.-\u00a0<\/p>\n<p>Supplemento: con bandiera svizzera Embroidery plus + 8.-\u00a0<\/p>\n<p>Supplemento: con patch Switzerland plus + 8.-<\/p>\n","protected":false},"excerpt":{"rendered":"<p>Bracciale con badge porta-cellulare.\u00a0 Questo bracciale elastico pu\u00f2 essere adattato comodamente al braccio della persona che lo indossa. Il bracciale \u00e8 dotato di un particolare velcro. Questo bracciale multifunzione ha una finestrella trasparente porta-documento ed un supporto porta-badge. Il badge pu\u00f2 essere estratto dal supporto con pochi movimenti. Sul bracciale vi sono diverse strisce di [&hellip;]<\/p>\n","protected":false},"featured_media":89914,"comment_status":"open","ping_status":"closed","template":"","meta":{"inline_featured_image":false},"product_brand":[],"product_cat":[1048],"product_tag":[],"class_list":{"0":"post-37060","1":"product","2":"type-product","3":"status-publish","4":"has-post-thumbnail","6":"product_cat-guardia-svizzera","8":"first","9":"instock","10":"taxable","11":"shipping-taxable","12":"purchasable","13":"product-type-simple"},"_links":{"self":[{"href":"https:\/\/metal-badge.ch\/it\/wp-json\/wp\/v2\/product\/37060","targetHints":{"allow":["GET"]}}],"collection":[{"href":"https:\/\/metal-badge.ch\/it\/wp-json\/wp\/v2\/product"}],"about":[{"href":"https:\/\/metal-badge.ch\/it\/wp-json\/wp\/v2\/types\/product"}],"replies":[{"embeddable":true,"href":"https:\/\/metal-badge.ch\/it\/wp-json\/wp\/v2\/comments?post=37060"}],"wp:featuredmedia":[{"embeddable":true,"href":"https:\/\/metal-badge.ch\/it\/wp-json\/wp\/v2\/media\/89914"}],"wp:attachment":[{"href":"https:\/\/metal-badge.ch\/it\/wp-json\/wp\/v2\/media?parent=37060"}],"wp:term":[{"taxonomy":"product_brand","embeddable":true,"href":"https:\/\/metal-badge.ch\/it\/wp-json\/wp\/v2\/product_brand?post=37060"},{"taxonomy":"product_cat","embeddable":true,"href":"https:\/\/metal-badge.ch\/it\/wp-json\/wp\/v2\/product_cat?post=37060"},{"taxonomy":"product_tag","embeddable":true,"href":"https:\/\/metal-badge.ch\/it\/wp-json\/wp\/v2\/product_tag?post=37060"}],"curies":[{"name":"wp","href":"https:\/\/api.w.org\/{rel}","templated":true}]}}