{"id":34516,"date":"2016-02-12T15:59:11","date_gmt":"2016-02-12T15:59:11","guid":{"rendered":"https:\/\/shop.metal-badge.ch\/?product=borraccia-da-campo-us-78-style-1000-ml"},"modified":"2016-02-16T10:13:50","modified_gmt":"2016-02-16T10:13:50","slug":"borraccia-da-campo-us-78-style-1000-ml","status":"publish","type":"product","link":"https:\/\/metal-badge.ch\/it\/product\/34516\/borraccia-da-campo-us-78-style-1000-ml\/","title":{"rendered":"Borraccia da campo US 78-Style 1000 ml"},"content":{"rendered":"<p>Ideale per attivit\u00e0 all\u2019aria aperta, campeggio, escursioni, pesca ecc.<\/p>\n<p>La borraccia 78-Style Army \u00e8 realizzata in plastica priva di BPA in copoliestere Tritan\u2122. Questa borraccia si distingue per la sua leggerezza, stabilit\u00e0 e resistenza agli urti. La superficie esterna ruvida permette una comoda presa. Grazie al look trasparente si pu\u00f2 sempre osservare la quantit\u00e0 di liquido \u00e8 contenuto al suo interno e la pulizia della stessa. Il tappo a vite \u00e8 fissato sul collo della borraccia. La borraccia \u00e8 disponibile nei colori verde oliva trasparente e marrone ed in due dimensioni: da 1000 ml e da 500 ml. La borraccia viene consegnata in una bella confezione, abbiamo inoltre una sacca con bretella adatta a questo prodotto.<\/p>\n<p>\nDescrizione prodotto:<\/p>\n<p>Materiale: plastica Tritan priva di BPA<br \/>\nPeso: 150 gr.\u00a0<br \/>\nVolume:\u00a0 1000 ml<br \/>\nColori: verde oliva<br \/>\nDimensioni: altezza 20.5 cm x larghezza 11 cm x 7.0 cm profondit\u00e0<\/p>\n","protected":false},"excerpt":{"rendered":"<p>Ideale per attivit\u00e0 all\u2019aria aperta, campeggio, escursioni, pesca ecc. La borraccia 78-Style Army \u00e8 realizzata in plastica priva di BPA in copoliestere Tritan\u2122. Questa borraccia si distingue per la sua leggerezza, stabilit\u00e0 e resistenza agli urti. La superficie esterna ruvida permette una comoda presa. Grazie al look trasparente si pu\u00f2 sempre osservare la quantit\u00e0 di [&hellip;]<\/p>\n","protected":false},"featured_media":90166,"comment_status":"open","ping_status":"closed","template":"","meta":{"inline_featured_image":false},"product_brand":[],"product_cat":[1348,1276],"product_tag":[1770,1774,1778,1766],"class_list":{"0":"post-34516","1":"product","2":"type-product","3":"status-publish","4":"has-post-thumbnail","6":"product_cat-accessori-per-esercito-caccia","7":"product_cat-bottiglie-padella-contenitore","8":"product_tag-army-survival-it","9":"product_tag-caccia-pesca","10":"product_tag-campeggio-viaggio","11":"product_tag-sport-outdoor-it","13":"first","14":"instock","15":"taxable","16":"shipping-taxable","17":"purchasable","18":"product-type-simple"},"_links":{"self":[{"href":"https:\/\/metal-badge.ch\/it\/wp-json\/wp\/v2\/product\/34516","targetHints":{"allow":["GET"]}}],"collection":[{"href":"https:\/\/metal-badge.ch\/it\/wp-json\/wp\/v2\/product"}],"about":[{"href":"https:\/\/metal-badge.ch\/it\/wp-json\/wp\/v2\/types\/product"}],"replies":[{"embeddable":true,"href":"https:\/\/metal-badge.ch\/it\/wp-json\/wp\/v2\/comments?post=34516"}],"wp:featuredmedia":[{"embeddable":true,"href":"https:\/\/metal-badge.ch\/it\/wp-json\/wp\/v2\/media\/90166"}],"wp:attachment":[{"href":"https:\/\/metal-badge.ch\/it\/wp-json\/wp\/v2\/media?parent=34516"}],"wp:term":[{"taxonomy":"product_brand","embeddable":true,"href":"https:\/\/metal-badge.ch\/it\/wp-json\/wp\/v2\/product_brand?post=34516"},{"taxonomy":"product_cat","embeddable":true,"href":"https:\/\/metal-badge.ch\/it\/wp-json\/wp\/v2\/product_cat?post=34516"},{"taxonomy":"product_tag","embeddable":true,"href":"https:\/\/metal-badge.ch\/it\/wp-json\/wp\/v2\/product_tag?post=34516"}],"curies":[{"name":"wp","href":"https:\/\/api.w.org\/{rel}","templated":true}]}}