{"id":34488,"date":"2016-02-12T11:52:35","date_gmt":"2016-02-12T11:52:35","guid":{"rendered":"https:\/\/shop.metal-badge.ch\/?product=fornetto-a-legna-outdoor-in-4-pezzi"},"modified":"2016-02-12T12:10:14","modified_gmt":"2016-02-12T12:10:14","slug":"fornetto-a-legna-outdoor-in-4-pezzi","status":"publish","type":"product","link":"https:\/\/metal-badge.ch\/it\/product\/34488\/fornetto-a-legna-outdoor-in-4-pezzi\/","title":{"rendered":"Fornetto a legna Outdoor in 4 pezzi"},"content":{"rendered":"<p>Questo fornetto in 4 pezzi funziona secondo il principio del legno a gas (Woodgas) con un\u2019elevata efficienza di combustione. Viaggiate facilmente: facile da montare e con un peso di soli 350 gr.<br \/>\nQuesto speciale fornetto a legna \u00e8 realizzato in acciaio e grazie alla sua combustione secondaria brucia in maniera pi\u00f9 efficiente e pi\u00f9 pulita. La presa d\u2019aria sul fondo permette un ricambio d\u2019aria che risale sotto la griglia permettendo una combustione primaria dall\u2019alto al basso. Inoltre l\u2019aria che entra da sotto e che si riscalda nella parete interiore sale verso l\u2019alto e fuoriesce dalle prese d\u2019aria superiori della camera di combustione dando luogo da una secondaria combustione nella parte superiore del fornetto. Questa tecnica permette una combustione pulita che crea meno fumo a vantaggio di maggior efficienza.<\/p>\n<p>Dimenticatevi le bombolette a gas, questo fornetto funziona semplicemente con i rami che raccoglierete durante il vostro viaggio, ci\u00f2 significa non dovere portarsi appresso il pesante, caro e inquinante gas propano. Accendete semplicemente, cucinate velocemente e il tutto in maniera pulita.<\/p>\n<p>Bruciate la vostra legna: un\u2019unica combustione e la combustione secondaria fanno in modo che questo fornetto raggiunga una combustione estremamente efficiente e completa. Questo significa che avrete bisogni di pochi rametti per portare ad ebollizione l\u2019acqua. Inoltre cucinando si creer\u00e0 meno fumo.<\/p>\n<p>Una fantastica possibilit\u00e0 di ridurre il vostro bagaglio. Inoltre il fornetto pu\u00f2 essere conservato in quasi ogni pentola il che riduce ulteriormente lo spazio.<\/p>\n<p>Come combustibile per questo fornetto potete utilizzare rami, foglie, pigne, legna, segatura ecc. quindi qualsiasi combustibile naturale. Ideale per il campeggio, per escursioni, giri in bicicletta o altre attivit\u00e0 all\u2019area aperta.<\/p>\n<p>\u00a0<\/p>\n<p><strong>Descrizione prodotto:<\/strong><\/p>\n<p>In 4 pezzi veloce e semplice da montare in 10 secondi<br \/>\nCombustibile: legna, pigne, rami, carbone<br \/>\nDimensioni pacco: 14 cm x 8 cm<br \/>\nMontato: diametro 13 cm x altezza 17 cm<br \/>\nMateriale: acciaio<br \/>\nSacca inclusa nella confezione<br \/>\nLeggero e rapido nel cuocere. L\u2019acqua bolle in 8-10 minuti (1 litro d\u2019acqua).<br \/>\nPeso:\u00a0 350 gr.<\/p>\n","protected":false},"excerpt":{"rendered":"<p>Questo fornetto in 4 pezzi funziona secondo il principio del legno a gas (Woodgas) con un\u2019elevata efficienza di combustione. Viaggiate facilmente: facile da montare e con un peso di soli 350 gr. Questo speciale fornetto a legna \u00e8 realizzato in acciaio e grazie alla sua combustione secondaria brucia in maniera pi\u00f9 efficiente e pi\u00f9 pulita. [&hellip;]<\/p>\n","protected":false},"featured_media":90172,"comment_status":"open","ping_status":"closed","template":"","meta":{"inline_featured_image":false},"product_brand":[],"product_cat":[1348,1436],"product_tag":[1770,1774,1778],"class_list":{"0":"post-34488","1":"product","2":"type-product","3":"status-publish","4":"has-post-thumbnail","6":"product_cat-accessori-per-esercito-caccia","7":"product_cat-campeggio-viaggio","8":"product_tag-army-survival-it","9":"product_tag-caccia-pesca","10":"product_tag-campeggio-viaggio","12":"first","13":"instock","14":"taxable","15":"shipping-taxable","16":"purchasable","17":"product-type-simple"},"_links":{"self":[{"href":"https:\/\/metal-badge.ch\/it\/wp-json\/wp\/v2\/product\/34488","targetHints":{"allow":["GET"]}}],"collection":[{"href":"https:\/\/metal-badge.ch\/it\/wp-json\/wp\/v2\/product"}],"about":[{"href":"https:\/\/metal-badge.ch\/it\/wp-json\/wp\/v2\/types\/product"}],"replies":[{"embeddable":true,"href":"https:\/\/metal-badge.ch\/it\/wp-json\/wp\/v2\/comments?post=34488"}],"wp:featuredmedia":[{"embeddable":true,"href":"https:\/\/metal-badge.ch\/it\/wp-json\/wp\/v2\/media\/90172"}],"wp:attachment":[{"href":"https:\/\/metal-badge.ch\/it\/wp-json\/wp\/v2\/media?parent=34488"}],"wp:term":[{"taxonomy":"product_brand","embeddable":true,"href":"https:\/\/metal-badge.ch\/it\/wp-json\/wp\/v2\/product_brand?post=34488"},{"taxonomy":"product_cat","embeddable":true,"href":"https:\/\/metal-badge.ch\/it\/wp-json\/wp\/v2\/product_cat?post=34488"},{"taxonomy":"product_tag","embeddable":true,"href":"https:\/\/metal-badge.ch\/it\/wp-json\/wp\/v2\/product_tag?post=34488"}],"curies":[{"name":"wp","href":"https:\/\/api.w.org\/{rel}","templated":true}]}}