{"id":34450,"date":"2016-02-12T10:14:20","date_gmt":"2016-02-12T10:14:20","guid":{"rendered":"https:\/\/shop.metal-badge.ch\/?product=lampada-a-led-da-campeggio"},"modified":"2016-02-12T10:18:32","modified_gmt":"2016-02-12T10:18:32","slug":"lampada-a-led-da-campeggio","status":"publish","type":"product","link":"https:\/\/metal-badge.ch\/it\/product\/34450\/lampada-a-led-da-campeggio\/","title":{"rendered":"Lampada a LED da campeggio"},"content":{"rendered":"<p>Questa lampada dal peso di appena 155 gr. \u00e8 particolarmente indicata per attivit\u00e0 all\u2019area aperte come il campeggio. La lampada portatile con una batteria integrata e ricaricabile offre luce continua per almeno 7 \u2013 120 ore secondo dell\u2019intensit\u00e0 di utilizzo. Possono essere regolate 4 intensit\u00e0 di luce da una gradevole luce pallida fino ad una luce per la ricerca la buio. Il 5 livello \u00e8 una luce bianca lampeggiante. Nella confezione \u00e8 incluso anche un cavetto USB per la ricarica. La lampada pu\u00f2 essere ricaricata fino a 500 volte, ci\u00f2 corrisponde ad un funzionamento di circa 36000. Un indicatore di carica indica quando la batteria si inizia a scaricare. La lampada ha 2 calamite integrate e due cordicelle. Viene offerta in una bella e robusta custodia.<\/p>\n<p>\u00a0<\/p>\n<p><strong>Informazioni prodotto: <\/strong><\/p>\n<p>Cavetto USB per la ricarica<br \/>\nCordicella e calamite integrate<br \/>\nIntensit\u00e0 regolabile: 5 livelli inclusa luce intermittente<br \/>\nLivello: 1 2 %<br \/>\nLivello: 2 50 %<br \/>\nLivello: 3 75 %<br \/>\nLivello: 4 luce per la ricerca 100 %<br \/>\nLivello: 5 intermittente\u00a0 50 %<br \/>\nLumi: 200 LM<br \/>\nLuce bianca molto forte<br \/>\nDimensioni: altezza 20 cm \/ larghezza 3.6 cm<br \/>\nCon robusta custodia<\/p>\n","protected":false},"excerpt":{"rendered":"<p>Questa lampada dal peso di appena 155 gr. \u00e8 particolarmente indicata per attivit\u00e0 all\u2019area aperte come il campeggio. La lampada portatile con una batteria integrata e ricaricabile offre luce continua per almeno 7 \u2013 120 ore secondo dell\u2019intensit\u00e0 di utilizzo. Possono essere regolate 4 intensit\u00e0 di luce da una gradevole luce pallida fino ad una [&hellip;]<\/p>\n","protected":false},"featured_media":90180,"comment_status":"open","ping_status":"closed","template":"","meta":{"inline_featured_image":false},"product_brand":[],"product_cat":[1348,1436,1344],"product_tag":[1770,1774,1778,1766],"class_list":{"0":"post-34450","1":"product","2":"type-product","3":"status-publish","4":"has-post-thumbnail","6":"product_cat-accessori-per-esercito-caccia","7":"product_cat-campeggio-viaggio","8":"product_cat-lampade-lampadina-tascabile","9":"product_tag-army-survival-it","10":"product_tag-caccia-pesca","11":"product_tag-campeggio-viaggio","12":"product_tag-sport-outdoor-it","14":"first","15":"instock","16":"taxable","17":"shipping-taxable","18":"purchasable","19":"product-type-simple"},"_links":{"self":[{"href":"https:\/\/metal-badge.ch\/it\/wp-json\/wp\/v2\/product\/34450","targetHints":{"allow":["GET"]}}],"collection":[{"href":"https:\/\/metal-badge.ch\/it\/wp-json\/wp\/v2\/product"}],"about":[{"href":"https:\/\/metal-badge.ch\/it\/wp-json\/wp\/v2\/types\/product"}],"replies":[{"embeddable":true,"href":"https:\/\/metal-badge.ch\/it\/wp-json\/wp\/v2\/comments?post=34450"}],"wp:featuredmedia":[{"embeddable":true,"href":"https:\/\/metal-badge.ch\/it\/wp-json\/wp\/v2\/media\/90180"}],"wp:attachment":[{"href":"https:\/\/metal-badge.ch\/it\/wp-json\/wp\/v2\/media?parent=34450"}],"wp:term":[{"taxonomy":"product_brand","embeddable":true,"href":"https:\/\/metal-badge.ch\/it\/wp-json\/wp\/v2\/product_brand?post=34450"},{"taxonomy":"product_cat","embeddable":true,"href":"https:\/\/metal-badge.ch\/it\/wp-json\/wp\/v2\/product_cat?post=34450"},{"taxonomy":"product_tag","embeddable":true,"href":"https:\/\/metal-badge.ch\/it\/wp-json\/wp\/v2\/product_tag?post=34450"}],"curies":[{"name":"wp","href":"https:\/\/api.w.org\/{rel}","templated":true}]}}