{"id":34432,"date":"2016-02-12T09:42:40","date_gmt":"2016-02-12T09:42:40","guid":{"rendered":"https:\/\/shop.metal-badge.ch\/?product=fornetto-a-gas-outdoor"},"modified":"2016-02-12T09:45:15","modified_gmt":"2016-02-12T09:45:15","slug":"fornetto-a-gas-outdoor","status":"publish","type":"product","link":"https:\/\/metal-badge.ch\/it\/product\/34432\/fornetto-a-gas-outdoor\/","title":{"rendered":"Fornetto a gas outdoor"},"content":{"rendered":"<p>Questo fornetto a gas colpisce per la sua facilit\u00e0 di utilizzo e per il peso ridotto. Grazie al prolungamento tramite tubo il fornetto rimane distante dalla bomboletta. In tal modo il fornetto risulta pi\u00f9 stabile specialmente quando si utilizzano grandi padelle. Questo fornetto a casa di elevata qualit\u00e0 ha un design compatto e si pu\u00f2 ripiegare facilmente, all\u2019interno di una custodia rigida, quando non viene utilizzato in modo da non occupare spazio. Esso ha una fiamma la cui intensit\u00e0 pu\u00f2 essere regolata, ci\u00f2 permette di dosare esattamente la temperatura. L\u2019accensione piezo integrata rende superfluo qualsiasi accendino e aumenta decisamente la sicurezza di questo fornetto. Con questo fornetto a gas si possono utilizzare tutte le bombolette delle marche pi\u00f9 diffuse ed in tal modo \u00e8 possibile utilizzarlo in tutto il mondo. Questo fornetto a gas con una bomboletta di 230 gr. trova posto nella maggior parte delle pentole ed \u00e8 quindi ideale da portare in un piccolo bagaglio per tour in bicicletta, in canoa, escursioni, per la caccia o la pesca, campeggio.<\/p>\n<p>\u00a0<\/p>\n<p><strong>Descrizione prodotto:<\/strong><\/p>\n<p>Dimensioni: 160 mm x 50 mm<br \/>\nPotenza: 3500 w<br \/>\nMateriale: acciaio inox \/ raccordi: rame<br \/>\nTempo medio bollitura: 3 &#8211; 4 minuti per 1 litro d\u2019acqua<br \/>\nConfezione: box in plastica<br \/>\nDimensioni box \/ pacco: altezza 10.5 cm \/ larghezza 8.0 cm \/ profondit\u00e0 7.0 cm<br \/>\n<strong>Durata combustione: <\/strong>circa 180 g \/ ora consumo combustibile \/ (miscela di gas butano\/propano)\u00a0 Peso: 285 gr. Senza bomboletta<br \/>\nAccenzione piezo integrata \/ funziona anche senza accendino<br \/>\n3x piedini pieghevoli<br \/>\n\u00a0<\/p>\n","protected":false},"excerpt":{"rendered":"<p>Questo fornetto a gas colpisce per la sua facilit\u00e0 di utilizzo e per il peso ridotto. Grazie al prolungamento tramite tubo il fornetto rimane distante dalla bomboletta. In tal modo il fornetto risulta pi\u00f9 stabile specialmente quando si utilizzano grandi padelle. Questo fornetto a casa di elevata qualit\u00e0 ha un design compatto e si pu\u00f2 [&hellip;]<\/p>\n","protected":false},"featured_media":90184,"comment_status":"open","ping_status":"closed","template":"","meta":{"inline_featured_image":false},"product_brand":[],"product_cat":[1348,1436],"product_tag":[1770,1774,1778],"class_list":{"0":"post-34432","1":"product","2":"type-product","3":"status-publish","4":"has-post-thumbnail","6":"product_cat-accessori-per-esercito-caccia","7":"product_cat-campeggio-viaggio","8":"product_tag-army-survival-it","9":"product_tag-caccia-pesca","10":"product_tag-campeggio-viaggio","12":"first","13":"instock","14":"taxable","15":"shipping-taxable","16":"purchasable","17":"product-type-simple"},"_links":{"self":[{"href":"https:\/\/metal-badge.ch\/it\/wp-json\/wp\/v2\/product\/34432","targetHints":{"allow":["GET"]}}],"collection":[{"href":"https:\/\/metal-badge.ch\/it\/wp-json\/wp\/v2\/product"}],"about":[{"href":"https:\/\/metal-badge.ch\/it\/wp-json\/wp\/v2\/types\/product"}],"replies":[{"embeddable":true,"href":"https:\/\/metal-badge.ch\/it\/wp-json\/wp\/v2\/comments?post=34432"}],"wp:featuredmedia":[{"embeddable":true,"href":"https:\/\/metal-badge.ch\/it\/wp-json\/wp\/v2\/media\/90184"}],"wp:attachment":[{"href":"https:\/\/metal-badge.ch\/it\/wp-json\/wp\/v2\/media?parent=34432"}],"wp:term":[{"taxonomy":"product_brand","embeddable":true,"href":"https:\/\/metal-badge.ch\/it\/wp-json\/wp\/v2\/product_brand?post=34432"},{"taxonomy":"product_cat","embeddable":true,"href":"https:\/\/metal-badge.ch\/it\/wp-json\/wp\/v2\/product_cat?post=34432"},{"taxonomy":"product_tag","embeddable":true,"href":"https:\/\/metal-badge.ch\/it\/wp-json\/wp\/v2\/product_tag?post=34432"}],"curies":[{"name":"wp","href":"https:\/\/api.w.org\/{rel}","templated":true}]}}