{"id":34424,"date":"2016-02-11T13:48:02","date_gmt":"2016-02-11T13:48:02","guid":{"rendered":"https:\/\/shop.metal-badge.ch\/?product=paletta-stop"},"modified":"2020-09-29T12:15:36","modified_gmt":"2020-09-29T10:15:36","slug":"paletta-stop-2","status":"publish","type":"product","link":"https:\/\/metal-badge.ch\/it\/product\/34424\/paletta-stop-2\/","title":{"rendered":"Paletta stop"},"content":{"rendered":"<p>Paletta Stop con scritta riflettente <strong>Stop<\/strong> e luce a led rossa lampeggiante. Sulla parte posteriore c\u2019\u00e8 una luce a LED lampeggiante verde ed una freccia. La paletta \u00e8 leggera ed ergonomica. La luce pu\u00f2 essere accesa e spenta tramite un interruttore. La paletta ha inoltre una cordicella.<\/p>\n<p><strong>Descrizione prodotto:<\/strong><\/p>\n<p>Peso: 240 gr.<br \/>\nColori riflettenti: bianco \/ rosso \/ verde<br \/>\nDimensioni: lunghezza 38 cm<br \/>\nLunghezza manico: 13.5 cm<br \/>\nDiametro paletta: 19 cm\u00a0\u00a0\u00a0\u00a0\u00a0\u00a0\u00a0\u00a0\u00a0\u00a0\u00a0\u00a0\u00a0\u00a0\u00a0\u00a0\u00a0\u00a0\u00a0\u00a0\u00a0\u00a0\u00a0\u00a0\u00a0\u00a0\u00a0\u00a0\u00a0\u00a0\u00a0\u00a0\u00a0\u00a0\u00a0\u00a0\u00a0\u00a0\u00a0\u00a0\u00a0\u00a0\u00a0\u00a0\u00a0\u00a0\u00a0\u00a0\u00a0\u00a0\u00a0\u00a0\u00a0\u00a0\u00a0\u00a0\u00a0\u00a0\u00a0\u00a0\u00a0\u00a0\u00a0\u00a0\u00a0\u00a0\u00a0\u00a0\u00a0\u00a0\u00a0\u00a0\u00a0\u00a0\u00a0\u00a0\u00a0<br \/>\nCordicella: nera<br \/>\nScritta riflettente: Stop \/ scritta con luce a LED rossa<br \/>\nLuce: rossa lampeggiante a LED \/ verde lampeggiante a LED che pu\u00f2 essere accesa e spenta tramite interruttore<br \/>\nBatterie: 3 pz.\/ 1.5 V\u00a0\u00a0\u00a0\u00a0\u00a0\u00a0\u00a0\u00a0\u00a0\u00a0\u00a0\u00a0\u00a0\u00a0\u00a0\u00a0\u00a0\u00a0\u00a0\u00a0\u00a0\u00a0\u00a0\u00a0\u00a0\u00a0\u00a0\u00a0\u00a0\u00a0\u00a0\u00a0\u00a0\u00a0\u00a0\u00a0\u00a0\u00a0\u00a0\u00a0\u00a0\u00a0\u00a0\u00a0\u00a0\u00a0\u00a0\u00a0\u00a0\u00a0 \u00a0\u00a0\u00a0\u00a0\u00a0\u00a0\u00a0\u00a0\u00a0\u00a0\u00a0\u00a0\u00a0\u00a0\u00a0\u00a0\u00a0\u00a0\u00a0\u00a0\u00a0\u00a0\u00a0\u00a0\u00a0\u00a0\u00a0\u00a0\u00a0\u00a0\u00a0\u00a0\u00a0\u00a0\u00a0\u00a0\u00a0\u00a0\u00a0\u00a0\u00a0\u00a0\u00a0<br \/>\n\u00a0<\/p>\n<p>Su richiesta possiamo realizzare altre scritte a partire da 10 pz.<\/p>\n","protected":false},"excerpt":{"rendered":"<p>Paletta Stop con scritta riflettente Stop e luce a led rossa lampeggiante. Sulla parte posteriore c\u2019\u00e8 una luce a LED lampeggiante verde ed una freccia. La paletta \u00e8 leggera ed ergonomica. La luce pu\u00f2 essere accesa e spenta tramite un interruttore. La paletta ha inoltre una cordicella. Descrizione prodotto: Peso: 240 gr. Colori riflettenti: bianco [&hellip;]<\/p>\n","protected":false},"featured_media":56126,"comment_status":"open","ping_status":"closed","template":"","meta":{"inline_featured_image":false},"product_brand":[],"product_cat":[888,1888],"product_tag":[1782,1794],"class_list":{"0":"post-34424","1":"product","2":"type-product","3":"status-publish","4":"has-post-thumbnail","6":"product_cat-accessori","7":"product_cat-veicolo-strada","8":"product_tag-polizia-sicurezza","9":"product_tag-veicolo-strada","11":"first","12":"instock","13":"taxable","14":"shipping-taxable","15":"purchasable","16":"product-type-simple"},"_links":{"self":[{"href":"https:\/\/metal-badge.ch\/it\/wp-json\/wp\/v2\/product\/34424","targetHints":{"allow":["GET"]}}],"collection":[{"href":"https:\/\/metal-badge.ch\/it\/wp-json\/wp\/v2\/product"}],"about":[{"href":"https:\/\/metal-badge.ch\/it\/wp-json\/wp\/v2\/types\/product"}],"replies":[{"embeddable":true,"href":"https:\/\/metal-badge.ch\/it\/wp-json\/wp\/v2\/comments?post=34424"}],"wp:featuredmedia":[{"embeddable":true,"href":"https:\/\/metal-badge.ch\/it\/wp-json\/wp\/v2\/media\/56126"}],"wp:attachment":[{"href":"https:\/\/metal-badge.ch\/it\/wp-json\/wp\/v2\/media?parent=34424"}],"wp:term":[{"taxonomy":"product_brand","embeddable":true,"href":"https:\/\/metal-badge.ch\/it\/wp-json\/wp\/v2\/product_brand?post=34424"},{"taxonomy":"product_cat","embeddable":true,"href":"https:\/\/metal-badge.ch\/it\/wp-json\/wp\/v2\/product_cat?post=34424"},{"taxonomy":"product_tag","embeddable":true,"href":"https:\/\/metal-badge.ch\/it\/wp-json\/wp\/v2\/product_tag?post=34424"}],"curies":[{"name":"wp","href":"https:\/\/api.w.org\/{rel}","templated":true}]}}